{"id":3645,"date":"2026-02-26T15:09:02","date_gmt":"2026-02-26T14:09:02","guid":{"rendered":"https:\/\/miomar.it\/cookie-policy"},"modified":"2026-02-26T15:13:07","modified_gmt":"2026-02-26T14:13:07","slug":"cookie-policy","status":"publish","type":"page","link":"https:\/\/miomar.it\/fr\/cookie-policy","title":{"rendered":"Cookie policy"},"content":{"rendered":"\t\t<div data-elementor-type=\"wp-page\" data-elementor-id=\"3645\" class=\"elementor elementor-3645 elementor-3637\" data-elementor-settings=\"[]\">\n\t\t\t\t\t\t\t<div class=\"elementor-section-wrap\">\n\t\t\t\t\t\t\t<section class=\"elementor-section elementor-top-section elementor-element elementor-element-c044a5e elementor-section-boxed elementor-section-height-default elementor-section-height-default parallax_section_no qode_elementor_container_no\" data-id=\"c044a5e\" data-element_type=\"section\" data-settings=\"{&quot;background_background&quot;:&quot;classic&quot;}\">\n\t\t\t\t\t\t<div class=\"elementor-container elementor-column-gap-default\">\n\t\t\t\t\t<div class=\"elementor-column elementor-col-100 elementor-top-column elementor-element elementor-element-55d0c7a\" data-id=\"55d0c7a\" data-element_type=\"column\">\n\t\t\t<div class=\"elementor-widget-wrap elementor-element-populated\">\n\t\t\t\t\t\t\t\t<div class=\"elementor-element elementor-element-dd8bda6 elementor-widget elementor-widget-spacer\" data-id=\"dd8bda6\" data-element_type=\"widget\" data-widget_type=\"spacer.default\">\n\t\t\t\t<div class=\"elementor-widget-container\">\n\t\t\t\t\t<div class=\"elementor-spacer\">\n\t\t\t<div class=\"elementor-spacer-inner\"><\/div>\n\t\t<\/div>\n\t\t\t\t<\/div>\n\t\t\t\t<\/div>\n\t\t\t\t<div class=\"elementor-element elementor-element-c2045b7 elementor-widget elementor-widget-heading\" data-id=\"c2045b7\" data-element_type=\"widget\" data-widget_type=\"heading.default\">\n\t\t\t\t<div class=\"elementor-widget-container\">\n\t\t\t<h2 class=\"elementor-heading-title elementor-size-default\">Cookie policy<\/h2>\t\t<\/div>\n\t\t\t\t<\/div>\n\t\t\t\t<div class=\"elementor-element elementor-element-475e6c2 elementor-widget elementor-widget-text-editor\" data-id=\"475e6c2\" data-element_type=\"widget\" data-widget_type=\"text-editor.default\">\n\t\t\t\t<div class=\"elementor-widget-container\">\n\t\t\t\t\t\t\t\t<p>Ce site web utilise des cookies. Nous utilisons des cookies pour personnaliser le contenu et les publicit\u00e9s, pour fournir des fonctionnalit\u00e9s de m\u00e9dias sociaux et pour analyser notre trafic. Nous partageons \u00e9galement des informations sur la fa\u00e7on dont vous utilisez notre site avec nos partenaires d&rsquo;analyse Web, de publicit\u00e9 et de m\u00e9dias sociaux, qui peuvent les combiner avec d&rsquo;autres informations que vous leur avez fournies ou qu&rsquo;ils ont collect\u00e9es lors de votre utilisation de leurs services.<\/p><p>Les cookies sont de petits fichiers texte qui peuvent \u00eatre utilis\u00e9s par les sites Web pour rendre l&rsquo;exp\u00e9rience utilisateur plus efficace.<\/p><p>La loi stipule que nous pouvons stocker des cookies sur votre appareil s&rsquo;ils sont strictement n\u00e9cessaires au fonctionnement de ce site. Pour tous les autres types de cookies, nous avons besoin de votre autorisation. Ce site utilise diff\u00e9rents types de cookies. Certains cookies sont plac\u00e9s par des services tiers qui apparaissent sur nos pages. Vous pouvez modifier ou retirer votre consentement \u00e0 tout moment \u00e0 partir de la d\u00e9claration relative aux cookies sur notre site Web.<\/p><p><strong>N\u00e9cessaire<\/strong><\/p><p>Les cookies n\u00e9cessaires contribuent \u00e0 rendre le site Web utilisable en activant des fonctions de base telles que la navigation dans les pages et l&rsquo;acc\u00e8s aux zones prot\u00e9g\u00e9es du site. Le site Web ne peut pas fonctionner correctement sans ces cookies.<\/p><p>\t<div class=\"CookieDeclaration\" dir=\"ltr\" lang=\"fr\">\n\t\t<div class=\"CookieDeclarationType\" dir=\"ltr\" lang=\"fr\" style=\"overflow-x: auto;\">\n\t\t\t<script type=\"text\/javascript\" charset=\"UTF-8\"  data-cookiescriptreport=\"report\" src=\"\/\/report.cookie-script.com\/r\/e999779e248c575d35be34b27224de9f.js\"><\/script>\n\t\t<\/div>\n\t<\/div>\n\n\t<\/p>\t\t\t\t\t\t<\/div>\n\t\t\t\t<\/div>\n\t\t\t\t<div class=\"elementor-element elementor-element-b806cf8 elementor-widget elementor-widget-spacer\" data-id=\"b806cf8\" data-element_type=\"widget\" data-widget_type=\"spacer.default\">\n\t\t\t\t<div class=\"elementor-widget-container\">\n\t\t\t\t\t<div class=\"elementor-spacer\">\n\t\t\t<div class=\"elementor-spacer-inner\"><\/div>\n\t\t<\/div>\n\t\t\t\t<\/div>\n\t\t\t\t<\/div>\n\t\t\t\t\t<\/div>\n\t\t<\/div>\n\t\t\t\t\t\t\t<\/div>\n\t\t<\/section>\n\t\t\t\t\t\t<\/div>\n\t\t\t\t\t<\/div>\n\t\t","protected":false},"excerpt":{"rendered":"<p>Cookie policy Ce site web utilise des cookies. Nous utilisons des cookies pour personnaliser le contenu et les publicit\u00e9s, pour fournir des fonctionnalit\u00e9s de m\u00e9dias sociaux et pour analyser notre trafic. Nous partageons \u00e9galement des informations sur la fa\u00e7on dont vous utilisez notre site avec&#8230;<\/p>\n","protected":false},"author":3,"featured_media":0,"parent":0,"menu_order":0,"comment_status":"closed","ping_status":"closed","template":"full_width.php","meta":{"footnotes":""},"yoast_head":"<!-- This site is optimized with the Yoast SEO plugin v17.1 - https:\/\/yoast.com\/wordpress\/plugins\/seo\/ -->\n<title>Richiesta informazioni ricevuta<\/title>\n<meta name=\"description\" content=\"Grazie di aver contattato Miomar Beach Hotel, riceverete presto una risposta alla vostra richiesta.\" \/>\n<meta name=\"robots\" content=\"index, follow, max-snippet:-1, max-image-preview:large, max-video-preview:-1\" \/>\n<link rel=\"canonical\" href=\"https:\/\/miomar.it\/fr\/cookie-policy\" \/>\n<meta property=\"og:locale\" content=\"fr_FR\" \/>\n<meta property=\"og:type\" content=\"article\" \/>\n<meta property=\"og:title\" content=\"Richiesta informazioni ricevuta\" \/>\n<meta property=\"og:description\" content=\"Grazie di aver contattato Miomar Beach Hotel, riceverete presto una risposta alla vostra richiesta.\" \/>\n<meta property=\"og:url\" content=\"https:\/\/miomar.it\/fr\/cookie-policy\" \/>\n<meta property=\"og:site_name\" content=\"miomar Beach Hotel\" \/>\n<meta property=\"article:modified_time\" content=\"2026-02-26T14:13:07+00:00\" \/>\n<meta name=\"twitter:card\" content=\"summary_large_image\" \/>\n<meta name=\"twitter:label1\" content=\"Dur\u00e9e de lecture est.\" \/>\n\t<meta name=\"twitter:data1\" content=\"1 minute\" \/>\n<script type=\"application\/ld+json\" class=\"yoast-schema-graph\">{\"@context\":\"https:\/\/schema.org\",\"@graph\":[{\"@type\":\"WebSite\",\"@id\":\"https:\/\/miomar.it\/#website\",\"url\":\"https:\/\/miomar.it\/\",\"name\":\"miomar Beach Hotel\",\"description\":\"Il tuo hotel al mare, a Cesenatico\",\"potentialAction\":[{\"@type\":\"SearchAction\",\"target\":{\"@type\":\"EntryPoint\",\"urlTemplate\":\"https:\/\/miomar.it\/?s={search_term_string}\"},\"query-input\":\"required name=search_term_string\"}],\"inLanguage\":\"fr-FR\"},{\"@type\":\"WebPage\",\"@id\":\"https:\/\/miomar.it\/fr\/cookie-policy#webpage\",\"url\":\"https:\/\/miomar.it\/fr\/cookie-policy\",\"name\":\"Richiesta informazioni ricevuta\",\"isPartOf\":{\"@id\":\"https:\/\/miomar.it\/#website\"},\"datePublished\":\"2026-02-26T14:09:02+00:00\",\"dateModified\":\"2026-02-26T14:13:07+00:00\",\"description\":\"Grazie di aver contattato Miomar Beach Hotel, riceverete presto una risposta alla vostra richiesta.\",\"breadcrumb\":{\"@id\":\"https:\/\/miomar.it\/fr\/cookie-policy#breadcrumb\"},\"inLanguage\":\"fr-FR\",\"potentialAction\":[{\"@type\":\"ReadAction\",\"target\":[\"https:\/\/miomar.it\/fr\/cookie-policy\"]}]},{\"@type\":\"BreadcrumbList\",\"@id\":\"https:\/\/miomar.it\/fr\/cookie-policy#breadcrumb\",\"itemListElement\":[{\"@type\":\"ListItem\",\"position\":1,\"name\":\"Home\",\"item\":\"https:\/\/miomar.it\/fr\"},{\"@type\":\"ListItem\",\"position\":2,\"name\":\"Cookie policy\"}]}]}<\/script>\n<!-- \/ Yoast SEO plugin. -->","yoast_head_json":{"title":"Richiesta informazioni ricevuta","description":"Grazie di aver contattato Miomar Beach Hotel, riceverete presto una risposta alla vostra richiesta.","robots":{"index":"index","follow":"follow","max-snippet":"max-snippet:-1","max-image-preview":"max-image-preview:large","max-video-preview":"max-video-preview:-1"},"canonical":"https:\/\/miomar.it\/fr\/cookie-policy","og_locale":"fr_FR","og_type":"article","og_title":"Richiesta informazioni ricevuta","og_description":"Grazie di aver contattato Miomar Beach Hotel, riceverete presto una risposta alla vostra richiesta.","og_url":"https:\/\/miomar.it\/fr\/cookie-policy","og_site_name":"miomar Beach Hotel","article_modified_time":"2026-02-26T14:13:07+00:00","twitter_card":"summary_large_image","twitter_misc":{"Dur\u00e9e de lecture est.":"1 minute"},"schema":{"@context":"https:\/\/schema.org","@graph":[{"@type":"WebSite","@id":"https:\/\/miomar.it\/#website","url":"https:\/\/miomar.it\/","name":"miomar Beach Hotel","description":"Il tuo hotel al mare, a Cesenatico","potentialAction":[{"@type":"SearchAction","target":{"@type":"EntryPoint","urlTemplate":"https:\/\/miomar.it\/?s={search_term_string}"},"query-input":"required name=search_term_string"}],"inLanguage":"fr-FR"},{"@type":"WebPage","@id":"https:\/\/miomar.it\/fr\/cookie-policy#webpage","url":"https:\/\/miomar.it\/fr\/cookie-policy","name":"Richiesta informazioni ricevuta","isPartOf":{"@id":"https:\/\/miomar.it\/#website"},"datePublished":"2026-02-26T14:09:02+00:00","dateModified":"2026-02-26T14:13:07+00:00","description":"Grazie di aver contattato Miomar Beach Hotel, riceverete presto una risposta alla vostra richiesta.","breadcrumb":{"@id":"https:\/\/miomar.it\/fr\/cookie-policy#breadcrumb"},"inLanguage":"fr-FR","potentialAction":[{"@type":"ReadAction","target":["https:\/\/miomar.it\/fr\/cookie-policy"]}]},{"@type":"BreadcrumbList","@id":"https:\/\/miomar.it\/fr\/cookie-policy#breadcrumb","itemListElement":[{"@type":"ListItem","position":1,"name":"Home","item":"https:\/\/miomar.it\/fr"},{"@type":"ListItem","position":2,"name":"Cookie policy"}]}]}},"_links":{"self":[{"href":"https:\/\/miomar.it\/fr\/wp-json\/wp\/v2\/pages\/3645"}],"collection":[{"href":"https:\/\/miomar.it\/fr\/wp-json\/wp\/v2\/pages"}],"about":[{"href":"https:\/\/miomar.it\/fr\/wp-json\/wp\/v2\/types\/page"}],"author":[{"embeddable":true,"href":"https:\/\/miomar.it\/fr\/wp-json\/wp\/v2\/users\/3"}],"replies":[{"embeddable":true,"href":"https:\/\/miomar.it\/fr\/wp-json\/wp\/v2\/comments?post=3645"}],"version-history":[{"count":3,"href":"https:\/\/miomar.it\/fr\/wp-json\/wp\/v2\/pages\/3645\/revisions"}],"predecessor-version":[{"id":3650,"href":"https:\/\/miomar.it\/fr\/wp-json\/wp\/v2\/pages\/3645\/revisions\/3650"}],"wp:attachment":[{"href":"https:\/\/miomar.it\/fr\/wp-json\/wp\/v2\/media?parent=3645"}],"curies":[{"name":"wp","href":"https:\/\/api.w.org\/{rel}","templated":true}]}}