{"id":1903,"date":"2021-09-02T10:36:59","date_gmt":"2021-09-02T08:36:59","guid":{"rendered":"https:\/\/miomar.it\/listino-prezzi"},"modified":"2025-01-30T08:41:43","modified_gmt":"2025-01-30T07:41:43","slug":"listino-prezzi","status":"publish","type":"page","link":"https:\/\/miomar.it\/fr\/listino-prezzi","title":{"rendered":"Listino Prezzi"},"content":{"rendered":"\t\t<div data-elementor-type=\"wp-page\" data-elementor-id=\"1903\" class=\"elementor elementor-1903 elementor-629\" data-elementor-settings=\"[]\">\n\t\t\t\t\t\t\t<div class=\"elementor-section-wrap\">\n\t\t\t\t\t\t\t<section class=\"elementor-section elementor-top-section elementor-element elementor-element-963ce28 elementor-section-boxed elementor-section-height-default elementor-section-height-default parallax_section_no qode_elementor_container_no\" data-id=\"963ce28\" data-element_type=\"section\">\n\t\t\t\t\t\t<div class=\"elementor-container elementor-column-gap-no\">\n\t\t\t\t\t<div class=\"elementor-column elementor-col-100 elementor-top-column elementor-element elementor-element-ce939e1\" data-id=\"ce939e1\" data-element_type=\"column\">\n\t\t\t<div class=\"elementor-widget-wrap elementor-element-populated\">\n\t\t\t\t\t\t\t\t<div class=\"elementor-element elementor-element-86f009b elementor-widget elementor-widget-text-editor\" data-id=\"86f009b\" data-element_type=\"widget\" data-widget_type=\"text-editor.default\">\n\t\t\t\t<div class=\"elementor-widget-container\">\n\t\t\t\t\t\t\t\t<h6>\u00e9tudier pour vous<\/h6>\n\t\t\t\t\t\t<\/div>\n\t\t\t\t<\/div>\n\t\t\t\t<div class=\"elementor-element elementor-element-aedd8fc elementor-widget elementor-widget-text-editor\" data-id=\"aedd8fc\" data-element_type=\"widget\" data-widget_type=\"text-editor.default\">\n\t\t\t\t<div class=\"elementor-widget-container\">\n\t\t\t\t\t\t\t\t<h2>Offres sp\u00e9ciales<\/h2>\r\n\t\t\t\t\t\t<\/div>\n\t\t\t\t<\/div>\n\t\t\t\t\t<\/div>\n\t\t<\/div>\n\t\t\t\t\t\t\t<\/div>\n\t\t<\/section>\n\t\t\t\t<section class=\"elementor-section elementor-top-section elementor-element elementor-element-8a3bd2c elementor-section-boxed elementor-section-height-default elementor-section-height-default parallax_section_no qode_elementor_container_no\" data-id=\"8a3bd2c\" data-element_type=\"section\">\n\t\t\t\t\t\t<div class=\"elementor-container elementor-column-gap-no\">\n\t\t\t\t\t<div class=\"elementor-column elementor-col-100 elementor-top-column elementor-element elementor-element-34c05b5\" data-id=\"34c05b5\" data-element_type=\"column\">\n\t\t\t<div class=\"elementor-widget-wrap elementor-element-populated\">\n\t\t\t\t\t\t\t\t<div class=\"elementor-element elementor-element-881e634 elementor-widget elementor-widget-qi_addons_for_elementor_blog_list\" data-id=\"881e634\" data-element_type=\"widget\" data-widget_type=\"qi_addons_for_elementor_blog_list.default\">\n\t\t\t\t<div class=\"elementor-widget-container\">\n\t\t\t<div class=\"qodef-shortcode qodef-m  qodef-addons-blog-list qodef-info-no-icons  qodef-image--hover-zoom   qodef-qi-grid qodef-layout--qi-columns  qodef-col-num--3 qodef-item-layout--boxed qodef-responsive--predefined\">\n\t<div class=\"qodef-grid-inner qodef-qi-clear\">\n\t\t<article class=\"qodef-e qodef-blog-item qodef-grid-item qodef-item--custom post-3711 post type-post status-publish format-standard has-post-thumbnail hentry category-offres-speciales\">\n\t<div class=\"qodef-e-inner\">\n\t\t<div class=\"qodef-e-media-holder\">\n\t\t\t<div class=\"qodef-e-media\">\n\t\t<div class=\"qodef-e-media-image\">\n\t\t<a itemprop=\"url\" href=\"https:\/\/miomar.it\/fr\/offres-speciales\/fin-juin-a-cesenatico.html\">\n\t\t\t<img loading=\"lazy\" decoding=\"async\" src=\"https:\/\/miomar.it\/wp-content\/uploads\/2026\/03\/offerta-fine-giugno-miomar-cesenatico-400x300.jpg\" alt=\"Offerta Fine Giugno Miomar di Cesenatico\" width=\"400\" height=\"300\" \/>\t\t<\/a>\n\t\t\t<\/div>\n<\/div>\n\t\t<\/div>\n\t\t<div class=\"qodef-e-content\">\n\t\t\t\t\t\t<div class=\"qodef-e-text\">\n\t\t\t\t<h5 itemprop=\"name\" class=\"qodef-e-title entry-title\">\n\t<a itemprop=\"url\" class=\"qodef-e-title-link\" href=\"https:\/\/miomar.it\/fr\/offres-speciales\/fin-juin-a-cesenatico.html\">\n\t\tOffre Fin Juin \u00e0 Cesenatico\t<\/a>\n<\/h5>\n\t\t<p itemprop=\"description\" class=\"qodef-e-excerpt\">\n\t\t\tPROMO FIN JUIN 2026 PASSEZ UNE SEMAINE AU BORD DE LA MER \u00c0 CESENATICO : PROFITEZ DE L\u2019OFFRE ! Semaine du 20 au 27 juin en Chambre Triple Superior \u00e0 1500 \u20ac (pour 2 adultes + u\t\t<\/p>\n\t\t\t\t<\/div>\n\t\t\t\t\t\t\t<div class=\"qodef-e-info qodef-info--bottom\">\n\t\t\t\t\t\t<div class=\"qodef-e-read-more\">\n\t\t<a class=\"qodef-shortcode qodef-m  qodef-qi-button qodef-html--link qodef-layout--filled qodef-type--standard   qodef-icon--right qodef-hover--icon-move-horizontal-short     \" href=\"https:\/\/miomar.it\/fr\/offres-speciales\/fin-juin-a-cesenatico.html\" target=\"_self\">\t<span class=\"qodef-m-text\">SCOPRI DI PI\u00d9<\/span>\t\t<span class=\"qodef-m-icon \">\t\t<span class=\"qodef-m-icon-inner\">\t\t\t<i aria-hidden=\"true\" class=\"fas fa-long-arrow-alt-right\"><\/i>\t\t\t\t\t<\/span>\t<\/span><\/a>\t<\/div>\n\t\t\t\t<\/div>\n\t\t\t\t\t<\/div>\n\t<\/div>\n<\/article>\n<article class=\"qodef-e qodef-blog-item qodef-grid-item qodef-item--custom post-3701 post type-post status-publish format-standard has-post-thumbnail hentry category-offres-speciales\">\n\t<div class=\"qodef-e-inner\">\n\t\t<div class=\"qodef-e-media-holder\">\n\t\t\t<div class=\"qodef-e-media\">\n\t\t<div class=\"qodef-e-media-image\">\n\t\t<a itemprop=\"url\" href=\"https:\/\/miomar.it\/fr\/offres-speciales\/juin-a-cesenatico.html\">\n\t\t\t<img loading=\"lazy\" decoding=\"async\" src=\"https:\/\/miomar.it\/wp-content\/uploads\/2026\/03\/offerta-giugno-cesenatico-400x300.jpg\" alt=\"Offerta Giugno a Cesenatico\" width=\"400\" height=\"300\" \/>\t\t<\/a>\n\t\t\t<\/div>\n<\/div>\n\t\t<\/div>\n\t\t<div class=\"qodef-e-content\">\n\t\t\t\t\t\t<div class=\"qodef-e-text\">\n\t\t\t\t<h5 itemprop=\"name\" class=\"qodef-e-title entry-title\">\n\t<a itemprop=\"url\" class=\"qodef-e-title-link\" href=\"https:\/\/miomar.it\/fr\/offres-speciales\/juin-a-cesenatico.html\">\n\t\tOffre 4 Nuits en Juin \u00e0 Cesenatico\t<\/a>\n<\/h5>\n\t\t<p itemprop=\"description\" class=\"qodef-e-excerpt\">\n\t\t\tPROMO JUIN 2026 L\u2019\u00c9T\u00c9 COMMENCE \u00c0 CESENATICO : PROFITEZ DE LA PROMO POUR LES CHAMBRES ECONOMY ! 4 NUITS DU 6 AU 10 JUIN \u00c0 600\u20ac POUR 2 PERSONNES EN ALL INCLUSIVE (au lieu de \t\t<\/p>\n\t\t\t\t<\/div>\n\t\t\t\t\t\t\t<div class=\"qodef-e-info qodef-info--bottom\">\n\t\t\t\t\t\t<div class=\"qodef-e-read-more\">\n\t\t<a class=\"qodef-shortcode qodef-m  qodef-qi-button qodef-html--link qodef-layout--filled qodef-type--standard   qodef-icon--right qodef-hover--icon-move-horizontal-short     \" href=\"https:\/\/miomar.it\/fr\/offres-speciales\/juin-a-cesenatico.html\" target=\"_self\">\t<span class=\"qodef-m-text\">SCOPRI DI PI\u00d9<\/span>\t\t<span class=\"qodef-m-icon \">\t\t<span class=\"qodef-m-icon-inner\">\t\t\t<i aria-hidden=\"true\" class=\"fas fa-long-arrow-alt-right\"><\/i>\t\t\t\t\t<\/span>\t<\/span><\/a>\t<\/div>\n\t\t\t\t<\/div>\n\t\t\t\t\t<\/div>\n\t<\/div>\n<\/article>\n\t<\/div>\n\t<\/div>\n\t\t<\/div>\n\t\t\t\t<\/div>\n\t\t\t\t\t<\/div>\n\t\t<\/div>\n\t\t\t\t\t\t\t<\/div>\n\t\t<\/section>\n\t\t\t\t<section class=\"elementor-section elementor-top-section elementor-element elementor-element-013f136 elementor-section-full_width elementor-section-stretched elementor-section-height-default elementor-section-height-default parallax_section_no qode_elementor_container_no\" data-id=\"013f136\" data-element_type=\"section\" data-settings=\"{&quot;background_background&quot;:&quot;classic&quot;,&quot;stretch_section&quot;:&quot;section-stretched&quot;}\">\n\t\t\t\t\t\t<div class=\"elementor-container elementor-column-gap-default\">\n\t\t\t\t\t<div class=\"elementor-column elementor-col-100 elementor-top-column elementor-element elementor-element-b8caf2e\" data-id=\"b8caf2e\" data-element_type=\"column\">\n\t\t\t<div class=\"elementor-widget-wrap elementor-element-populated\">\n\t\t\t\t\t\t\t\t<section class=\"elementor-section elementor-inner-section elementor-element elementor-element-74822f9 elementor-section-full_width elementor-section-height-default elementor-section-height-default parallax_section_no qode_elementor_container_no\" data-id=\"74822f9\" data-element_type=\"section\">\n\t\t\t\t\t\t<div class=\"elementor-container elementor-column-gap-default\">\n\t\t\t\t\t<div class=\"elementor-column elementor-col-50 elementor-inner-column elementor-element elementor-element-23ea2bd\" data-id=\"23ea2bd\" data-element_type=\"column\">\n\t\t\t<div class=\"elementor-widget-wrap elementor-element-populated\">\n\t\t\t\t\t\t\t\t<div class=\"elementor-element elementor-element-16eed68 elementor-widget elementor-widget-image\" data-id=\"16eed68\" data-element_type=\"widget\" data-widget_type=\"image.default\">\n\t\t\t\t<div class=\"elementor-widget-container\">\n\t\t\t\t\t\t\t\t\t\t\t\t\t\t\t<img loading=\"lazy\" decoding=\"async\" width=\"1274\" height=\"830\" src=\"https:\/\/miomar.it\/wp-content\/uploads\/2021\/09\/prezzi.jpg\" class=\"attachment-full size-full\" alt=\"\" srcset=\"https:\/\/miomar.it\/wp-content\/uploads\/2021\/09\/prezzi.jpg 1274w, https:\/\/miomar.it\/wp-content\/uploads\/2021\/09\/prezzi-300x195.jpg 300w, https:\/\/miomar.it\/wp-content\/uploads\/2021\/09\/prezzi-1024x667.jpg 1024w, https:\/\/miomar.it\/wp-content\/uploads\/2021\/09\/prezzi-768x500.jpg 768w, https:\/\/miomar.it\/wp-content\/uploads\/2021\/09\/prezzi-400x260.jpg 400w, https:\/\/miomar.it\/wp-content\/uploads\/2021\/09\/prezzi-700x456.jpg 700w\" sizes=\"(max-width: 1274px) 100vw, 1274px\" \/>\t\t\t\t\t\t\t\t\t\t\t\t\t\t\t<\/div>\n\t\t\t\t<\/div>\n\t\t\t\t\t<\/div>\n\t\t<\/div>\n\t\t\t\t<div class=\"elementor-column elementor-col-50 elementor-inner-column elementor-element elementor-element-30a2a20 boxfull-mobile\" data-id=\"30a2a20\" data-element_type=\"column\">\n\t\t\t<div class=\"elementor-widget-wrap elementor-element-populated\">\n\t\t\t\t\t\t\t\t<div class=\"elementor-element elementor-element-c9d6e7d side-content elementor-widget elementor-widget-text-editor\" data-id=\"c9d6e7d\" data-element_type=\"widget\" data-widget_type=\"text-editor.default\">\n\t\t\t\t<div class=\"elementor-widget-container\">\n\t\t\t\t\t\t\t\t<h2>Nous sommes un h\u00f4tel Dog Friendly<\/h2>\n<p><strong>Voulez-vous partir en vacances sans quitter votre ami \u00e0 quatre pattes<\/strong> ?<\/p>\n<p>Nous vous attendons au h\u00f4tel, o\u00f9 votre chiot est le bienvenu et o\u00f9 votre s\u00e9jour sera tr\u00e8s sp\u00e9cial ! Nous avons des accords avec des <strong>plages \u00e9quip\u00e9es<\/strong> o\u00f9 vous \u00eates les bienvenus&#8230; mais seulement si votre compagnon \u00e0 4 pattes vous accompagne ! A proximit\u00e9 <strong>aire d&rsquo;exercice pour chiens<\/strong>, <strong>service v\u00e9t\u00e9rinaire<\/strong> (sur demande payant).<\/p>\n<p> Nous vous rappelons que les chiens doivent \u00eatre tenus en laisse dans les communs zones et ils ne peuvent pas acc\u00e9der \u00e0 la salle de restaurant. Le co\u00fbt du s\u00e9jour pour le chien est de 40,00 euros.<\/p>\n<h2>All Inclusive<\/h2>\n<p>Comprend la pension compl\u00e8te avec boissons incluses aux repas et service de plage avec un parasol et deux transats par chambre. <\/p>\n\t\t\t\t\t\t<\/div>\n\t\t\t\t<\/div>\n\t\t\t\t\t<\/div>\n\t\t<\/div>\n\t\t\t\t\t\t\t<\/div>\n\t\t<\/section>\n\t\t\t\t\t<\/div>\n\t\t<\/div>\n\t\t\t\t\t\t\t<\/div>\n\t\t<\/section>\n\t\t\t\t<section class=\"elementor-section elementor-top-section elementor-element elementor-element-d00979c elementor-section-boxed elementor-section-height-default elementor-section-height-default parallax_section_no qode_elementor_container_no\" data-id=\"d00979c\" data-element_type=\"section\">\n\t\t\t\t\t\t<div class=\"elementor-container elementor-column-gap-extended\">\n\t\t\t\t\t<div class=\"elementor-column elementor-col-50 elementor-top-column elementor-element elementor-element-f0bc0c4\" data-id=\"f0bc0c4\" data-element_type=\"column\" data-settings=\"{&quot;background_background&quot;:&quot;classic&quot;}\">\n\t\t\t<div class=\"elementor-widget-wrap elementor-element-populated\">\n\t\t\t\t\t\t\t\t<div class=\"elementor-element elementor-element-0f3ebe2 elementor-widget elementor-widget-text-editor\" data-id=\"0f3ebe2\" data-element_type=\"widget\" data-widget_type=\"text-editor.default\">\n\t\t\t\t<div class=\"elementor-widget-container\">\n\t\t\t\t\t\t\t\t<h3><span style=\"color: #ffffff;\">R\u00e9ductions pour les enfants<\/span><\/h3>\n<div><span style=\"color: #ffffff; font-family: 'Source Sans Pro', sans- serif;\">0-2 ans -80 %<\/span><\/div>\n<p><span style=\"color: #ffffff;\">2-12 ans -50%<\/span><br \/>< span style=\"color: #ffffff;\">Plus de 12 ans -20%<\/span><br \/><span style=\"color: #ffffff;\">Plan familial jusqu&rsquo;\u00e0 12 ans 2+2 = 3 unit\u00e9s < \/span><\/p>\n\t\t\t\t\t\t<\/div>\n\t\t\t\t<\/div>\n\t\t\t\t\t<\/div>\n\t\t<\/div>\n\t\t\t\t<div class=\"elementor-column elementor-col-50 elementor-top-column elementor-element elementor-element-ef03099\" data-id=\"ef03099\" data-element_type=\"column\" data-settings=\"{&quot;background_background&quot;:&quot;classic&quot;}\">\n\t\t\t<div class=\"elementor-widget-wrap elementor-element-populated\">\n\t\t\t\t\t\t\t\t<div class=\"elementor-element elementor-element-2700083 elementor-widget elementor-widget-text-editor\" data-id=\"2700083\" data-element_type=\"widget\" data-widget_type=\"text-editor.default\">\n\t\t\t\t<div class=\"elementor-widget-container\">\n\t\t\t\t\t\t\t\t<h3><span style=\"color: #ffffff;\">Suppl\u00e9ments<\/span><\/h3>\n<p><span style=\"color: #ffffff;\">Le parking est inclus pour tous les types de chambres et il est situ\u00e9 A 800 m\u00e8tres de la structure, possibilit\u00e9 de se garer dans la structure avec un suppl\u00e9ment de 6,00 \u20ac par jour. <\/span><\/p>\n<p><span style=\"color: #ffffff;\">Suppl\u00e9ment animal de compagnie 40,00 \u20ac par s\u00e9jour<\/span><\/p>\n\t\t\t\t\t\t<\/div>\n\t\t\t\t<\/div>\n\t\t\t\t\t<\/div>\n\t\t<\/div>\n\t\t\t\t\t\t\t<\/div>\n\t\t<\/section>\n\t\t\t\t\t\t<\/div>\n\t\t\t\t\t<\/div>\n\t\t","protected":false},"excerpt":{"rendered":"<p>\u00e9tudier pour vous Offres sp\u00e9ciales No posts were found for provided query parameters. Nous sommes un h\u00f4tel Dog Friendly Voulez-vous partir en vacances sans quitter votre ami \u00e0 quatre pattes ? Nous vous attendons au h\u00f4tel, o\u00f9 votre chiot est le bienvenu et o\u00f9 votre&#8230;<\/p>\n","protected":false},"author":1,"featured_media":0,"parent":0,"menu_order":0,"comment_status":"closed","ping_status":"closed","template":"","meta":{"footnotes":""},"yoast_head":"<!-- This site is optimized with the Yoast SEO plugin v17.1 - https:\/\/yoast.com\/wordpress\/plugins\/seo\/ -->\n<title>Prezzi e Offerte Hotel Cesenatico Miomar Beach Hotel Cesenatico<\/title>\n<meta name=\"description\" content=\"Listino prezzi e offerte Miomar Beach Hotel Cesenatico: pronti sempre a offrire il meglio con tanta convenienza.\" \/>\n<meta name=\"robots\" content=\"index, follow, max-snippet:-1, max-image-preview:large, max-video-preview:-1\" \/>\n<link rel=\"canonical\" href=\"https:\/\/miomar.it\/fr\/listino-prezzi\" \/>\n<meta property=\"og:locale\" content=\"fr_FR\" \/>\n<meta property=\"og:type\" content=\"article\" \/>\n<meta property=\"og:title\" content=\"Prezzi e Offerte Hotel Cesenatico Miomar Beach Hotel Cesenatico\" \/>\n<meta property=\"og:description\" content=\"Listino prezzi e offerte Miomar Beach Hotel Cesenatico: pronti sempre a offrire il meglio con tanta convenienza.\" \/>\n<meta property=\"og:url\" content=\"https:\/\/miomar.it\/fr\/listino-prezzi\" \/>\n<meta property=\"og:site_name\" content=\"miomar Beach Hotel\" \/>\n<meta property=\"article:modified_time\" content=\"2025-01-30T07:41:43+00:00\" \/>\n<meta property=\"og:image\" content=\"https:\/\/miomar.it\/wp-content\/uploads\/2021\/09\/prezzi.jpg\" \/>\n<meta name=\"twitter:card\" content=\"summary_large_image\" \/>\n<meta name=\"twitter:label1\" content=\"Dur\u00e9e de lecture est.\" \/>\n\t<meta name=\"twitter:data1\" content=\"2 minutes\" \/>\n<script type=\"application\/ld+json\" class=\"yoast-schema-graph\">{\"@context\":\"https:\/\/schema.org\",\"@graph\":[{\"@type\":\"WebSite\",\"@id\":\"https:\/\/miomar.it\/#website\",\"url\":\"https:\/\/miomar.it\/\",\"name\":\"miomar Beach Hotel\",\"description\":\"Il tuo hotel al mare, a Cesenatico\",\"potentialAction\":[{\"@type\":\"SearchAction\",\"target\":{\"@type\":\"EntryPoint\",\"urlTemplate\":\"https:\/\/miomar.it\/?s={search_term_string}\"},\"query-input\":\"required name=search_term_string\"}],\"inLanguage\":\"fr-FR\"},{\"@type\":\"ImageObject\",\"@id\":\"https:\/\/miomar.it\/fr\/listino-prezzi#primaryimage\",\"inLanguage\":\"fr-FR\",\"url\":\"https:\/\/miomar.it\/wp-content\/uploads\/2021\/09\/prezzi.jpg\",\"contentUrl\":\"https:\/\/miomar.it\/wp-content\/uploads\/2021\/09\/prezzi.jpg\",\"width\":1274,\"height\":830,\"caption\":\"entroterra Romagna\"},{\"@type\":\"WebPage\",\"@id\":\"https:\/\/miomar.it\/fr\/listino-prezzi#webpage\",\"url\":\"https:\/\/miomar.it\/fr\/listino-prezzi\",\"name\":\"Prezzi e Offerte Hotel Cesenatico Miomar Beach Hotel Cesenatico\",\"isPartOf\":{\"@id\":\"https:\/\/miomar.it\/#website\"},\"primaryImageOfPage\":{\"@id\":\"https:\/\/miomar.it\/fr\/listino-prezzi#primaryimage\"},\"datePublished\":\"2021-09-02T08:36:59+00:00\",\"dateModified\":\"2025-01-30T07:41:43+00:00\",\"description\":\"Listino prezzi e offerte Miomar Beach Hotel Cesenatico: pronti sempre a offrire il meglio con tanta convenienza.\",\"breadcrumb\":{\"@id\":\"https:\/\/miomar.it\/fr\/listino-prezzi#breadcrumb\"},\"inLanguage\":\"fr-FR\",\"potentialAction\":[{\"@type\":\"ReadAction\",\"target\":[\"https:\/\/miomar.it\/fr\/listino-prezzi\"]}]},{\"@type\":\"BreadcrumbList\",\"@id\":\"https:\/\/miomar.it\/fr\/listino-prezzi#breadcrumb\",\"itemListElement\":[{\"@type\":\"ListItem\",\"position\":1,\"name\":\"Home\",\"item\":\"https:\/\/miomar.it\/fr\"},{\"@type\":\"ListItem\",\"position\":2,\"name\":\"Listino Prezzi\"}]}]}<\/script>\n<!-- \/ Yoast SEO plugin. -->","yoast_head_json":{"title":"Prezzi e Offerte Hotel Cesenatico Miomar Beach Hotel Cesenatico","description":"Listino prezzi e offerte Miomar Beach Hotel Cesenatico: pronti sempre a offrire il meglio con tanta convenienza.","robots":{"index":"index","follow":"follow","max-snippet":"max-snippet:-1","max-image-preview":"max-image-preview:large","max-video-preview":"max-video-preview:-1"},"canonical":"https:\/\/miomar.it\/fr\/listino-prezzi","og_locale":"fr_FR","og_type":"article","og_title":"Prezzi e Offerte Hotel Cesenatico Miomar Beach Hotel Cesenatico","og_description":"Listino prezzi e offerte Miomar Beach Hotel Cesenatico: pronti sempre a offrire il meglio con tanta convenienza.","og_url":"https:\/\/miomar.it\/fr\/listino-prezzi","og_site_name":"miomar Beach Hotel","article_modified_time":"2025-01-30T07:41:43+00:00","og_image":[{"url":"https:\/\/miomar.it\/wp-content\/uploads\/2021\/09\/prezzi.jpg"}],"twitter_card":"summary_large_image","twitter_misc":{"Dur\u00e9e de lecture est.":"2 minutes"},"schema":{"@context":"https:\/\/schema.org","@graph":[{"@type":"WebSite","@id":"https:\/\/miomar.it\/#website","url":"https:\/\/miomar.it\/","name":"miomar Beach Hotel","description":"Il tuo hotel al mare, a Cesenatico","potentialAction":[{"@type":"SearchAction","target":{"@type":"EntryPoint","urlTemplate":"https:\/\/miomar.it\/?s={search_term_string}"},"query-input":"required name=search_term_string"}],"inLanguage":"fr-FR"},{"@type":"ImageObject","@id":"https:\/\/miomar.it\/fr\/listino-prezzi#primaryimage","inLanguage":"fr-FR","url":"https:\/\/miomar.it\/wp-content\/uploads\/2021\/09\/prezzi.jpg","contentUrl":"https:\/\/miomar.it\/wp-content\/uploads\/2021\/09\/prezzi.jpg","width":1274,"height":830,"caption":"entroterra Romagna"},{"@type":"WebPage","@id":"https:\/\/miomar.it\/fr\/listino-prezzi#webpage","url":"https:\/\/miomar.it\/fr\/listino-prezzi","name":"Prezzi e Offerte Hotel Cesenatico Miomar Beach Hotel Cesenatico","isPartOf":{"@id":"https:\/\/miomar.it\/#website"},"primaryImageOfPage":{"@id":"https:\/\/miomar.it\/fr\/listino-prezzi#primaryimage"},"datePublished":"2021-09-02T08:36:59+00:00","dateModified":"2025-01-30T07:41:43+00:00","description":"Listino prezzi e offerte Miomar Beach Hotel Cesenatico: pronti sempre a offrire il meglio con tanta convenienza.","breadcrumb":{"@id":"https:\/\/miomar.it\/fr\/listino-prezzi#breadcrumb"},"inLanguage":"fr-FR","potentialAction":[{"@type":"ReadAction","target":["https:\/\/miomar.it\/fr\/listino-prezzi"]}]},{"@type":"BreadcrumbList","@id":"https:\/\/miomar.it\/fr\/listino-prezzi#breadcrumb","itemListElement":[{"@type":"ListItem","position":1,"name":"Home","item":"https:\/\/miomar.it\/fr"},{"@type":"ListItem","position":2,"name":"Listino Prezzi"}]}]}},"_links":{"self":[{"href":"https:\/\/miomar.it\/fr\/wp-json\/wp\/v2\/pages\/1903"}],"collection":[{"href":"https:\/\/miomar.it\/fr\/wp-json\/wp\/v2\/pages"}],"about":[{"href":"https:\/\/miomar.it\/fr\/wp-json\/wp\/v2\/types\/page"}],"author":[{"embeddable":true,"href":"https:\/\/miomar.it\/fr\/wp-json\/wp\/v2\/users\/1"}],"replies":[{"embeddable":true,"href":"https:\/\/miomar.it\/fr\/wp-json\/wp\/v2\/comments?post=1903"}],"version-history":[{"count":8,"href":"https:\/\/miomar.it\/fr\/wp-json\/wp\/v2\/pages\/1903\/revisions"}],"predecessor-version":[{"id":3191,"href":"https:\/\/miomar.it\/fr\/wp-json\/wp\/v2\/pages\/1903\/revisions\/3191"}],"wp:attachment":[{"href":"https:\/\/miomar.it\/fr\/wp-json\/wp\/v2\/media?parent=1903"}],"curies":[{"name":"wp","href":"https:\/\/api.w.org\/{rel}","templated":true}]}}