{"id":1894,"date":"2021-09-02T10:08:15","date_gmt":"2021-09-02T08:08:15","guid":{"rendered":"https:\/\/miomar.it\/riviera-romagnola"},"modified":"2025-01-30T08:36:06","modified_gmt":"2025-01-30T07:36:06","slug":"riviera-romagnola","status":"publish","type":"page","link":"https:\/\/miomar.it\/fr\/riviera-romagnola","title":{"rendered":"Riviera romagnola"},"content":{"rendered":"\t\t<div data-elementor-type=\"wp-page\" data-elementor-id=\"1894\" class=\"elementor elementor-1894 elementor-597\" data-elementor-settings=\"[]\">\n\t\t\t\t\t\t\t<div class=\"elementor-section-wrap\">\n\t\t\t\t\t\t\t<section class=\"elementor-section elementor-top-section elementor-element elementor-element-7bbfd601 elementor-section-full_width elementor-section-height-default elementor-section-height-default parallax_section_no qode_elementor_container_no\" data-id=\"7bbfd601\" data-element_type=\"section\">\n\t\t\t\t\t\t\t<div class=\"elementor-background-overlay\"><\/div>\n\t\t\t\t\t\t\t<div class=\"elementor-container elementor-column-gap-default\">\n\t\t\t\t\t<div class=\"elementor-column elementor-col-50 elementor-top-column elementor-element elementor-element-586b9eb8 boxfull-mobile\" data-id=\"586b9eb8\" data-element_type=\"column\">\n\t\t\t<div class=\"elementor-widget-wrap elementor-element-populated\">\n\t\t\t\t\t\t\t\t<div class=\"elementor-element elementor-element-318f92df elementor-widget elementor-widget-text-editor\" data-id=\"318f92df\" data-element_type=\"widget\" data-widget_type=\"text-editor.default\">\n\t\t\t\t<div class=\"elementor-widget-container\">\n\t\t\t\t\t\t\t\t<h6>LA PLAGE<\/h6>\n\t\t\t\t\t\t<\/div>\n\t\t\t\t<\/div>\n\t\t\t\t<div class=\"elementor-element elementor-element-70cd3379 elementor-widget elementor-widget-text-editor\" data-id=\"70cd3379\" data-element_type=\"widget\" data-widget_type=\"text-editor.default\">\n\t\t\t\t<div class=\"elementor-widget-container\">\n\t\t\t\t\t\t\t\t<h2>Al mare in Famiglia&#8230;\r\ne non solo<\/h2>\t\t\t\t\t\t<\/div>\n\t\t\t\t<\/div>\n\t\t\t\t<div class=\"elementor-element elementor-element-38c93f06 elementor-widget elementor-widget-text-editor\" data-id=\"38c93f06\" data-element_type=\"widget\" data-widget_type=\"text-editor.default\">\n\t\t\t\t<div class=\"elementor-widget-container\">\n\t\t\t\t\t\t\t\t<p>A la plage en famille\u2026 et plus\r\nNotre plage est parfaite pour les familles : eaux peu profondes, sable tr\u00e8s fin et beaucoup d&rsquo;espace entre les parasols !\r\nChaque structure dispose d&rsquo;un espace clos d\u00e9di\u00e9 aux enfants et de nombreux jeux ext\u00e9rieurs !\r\n<\/p>\r\n<p>Toute la c\u00f4te est surveill\u00e9e par nos ma\u00eetres-nageurs et nous vous rappelons \u00e9galement la possibilit\u00e9 de faire vivre une exp\u00e9rience unique \u00e0 vos enfants&#8230; le stage de sauvetage b\u00e9b\u00e9!<\/p>\t\t\t\t\t\t<\/div>\n\t\t\t\t<\/div>\n\t\t\t\t\t<\/div>\n\t\t<\/div>\n\t\t\t\t<div class=\"elementor-column elementor-col-50 elementor-top-column elementor-element elementor-element-26eefb9d\" data-id=\"26eefb9d\" data-element_type=\"column\">\n\t\t\t<div class=\"elementor-widget-wrap elementor-element-populated\">\n\t\t\t\t\t\t\t\t<section class=\"elementor-section elementor-inner-section elementor-element elementor-element-5e1c86db elementor-section-full_width elementor-section-height-default elementor-section-height-default parallax_section_no qode_elementor_container_no\" data-id=\"5e1c86db\" data-element_type=\"section\">\n\t\t\t\t\t\t<div class=\"elementor-container elementor-column-gap-default\">\n\t\t\t\t\t<div class=\"elementor-column elementor-col-100 elementor-inner-column elementor-element elementor-element-467f5968\" data-id=\"467f5968\" data-element_type=\"column\">\n\t\t\t<div class=\"elementor-widget-wrap\">\n\t\t\t\t\t\t\t\t\t<\/div>\n\t\t<\/div>\n\t\t\t\t\t\t\t<\/div>\n\t\t<\/section>\n\t\t\t\t<div class=\"elementor-element elementor-element-60d62278 img-aside  elementor-widget elementor-widget-image\" data-id=\"60d62278\" data-element_type=\"widget\" data-widget_type=\"image.default\">\n\t\t\t\t<div class=\"elementor-widget-container\">\n\t\t\t\t\t\t\t\t\t\t\t\t\t\t\t<img loading=\"lazy\" decoding=\"async\" width=\"839\" height=\"826\" src=\"https:\/\/miomar.it\/wp-content\/uploads\/2021\/09\/spiaggia01.jpg\" class=\"attachment-full size-full\" alt=\"\" srcset=\"https:\/\/miomar.it\/wp-content\/uploads\/2021\/09\/spiaggia01.jpg 839w, https:\/\/miomar.it\/wp-content\/uploads\/2021\/09\/spiaggia01-300x295.jpg 300w, https:\/\/miomar.it\/wp-content\/uploads\/2021\/09\/spiaggia01-768x756.jpg 768w, https:\/\/miomar.it\/wp-content\/uploads\/2021\/09\/spiaggia01-700x689.jpg 700w\" sizes=\"(max-width: 839px) 100vw, 839px\" \/>\t\t\t\t\t\t\t\t\t\t\t\t\t\t\t<\/div>\n\t\t\t\t<\/div>\n\t\t\t\t\t<\/div>\n\t\t<\/div>\n\t\t\t\t\t\t\t<\/div>\n\t\t<\/section>\n\t\t\t\t<section class=\"elementor-section elementor-top-section elementor-element elementor-element-2ecf5f6 elementor-section-full_width elementor-section-height-default elementor-section-height-default parallax_section_no qode_elementor_container_no\" data-id=\"2ecf5f6\" data-element_type=\"section\">\n\t\t\t\t\t\t<div class=\"elementor-container elementor-column-gap-no\">\n\t\t\t\t\t<div class=\"elementor-column elementor-col-100 elementor-top-column elementor-element elementor-element-2aca7ea\" data-id=\"2aca7ea\" data-element_type=\"column\">\n\t\t\t<div class=\"elementor-widget-wrap elementor-element-populated\">\n\t\t\t\t\t\t\t\t<div class=\"elementor-element elementor-element-9e2a853 elementor-widget elementor-widget-text-editor\" data-id=\"9e2a853\" data-element_type=\"widget\" data-widget_type=\"text-editor.default\">\n\t\t\t\t<div class=\"elementor-widget-container\">\n\t\t\t\t\t\t\t\t<h6>\u00c0 LA PLAGE<\/h6>\n\t\t\t\t\t\t<\/div>\n\t\t\t\t<\/div>\n\t\t\t\t<div class=\"elementor-element elementor-element-071ab96 elementor-widget elementor-widget-text-editor\" data-id=\"071ab96\" data-element_type=\"widget\" data-widget_type=\"text-editor.default\">\n\t\t\t\t<div class=\"elementor-widget-container\">\n\t\t\t\t\t\t\t\t<h2>De nombreuses activit\u00e9s\r\npour petits et grands<\/h2>\t\t\t\t\t\t<\/div>\n\t\t\t\t<\/div>\n\t\t\t\t<div class=\"elementor-element elementor-element-08ceab2 elementor-widget elementor-widget-text-editor\" data-id=\"08ceab2\" data-element_type=\"widget\" data-widget_type=\"text-editor.default\">\n\t\t\t\t<div class=\"elementor-widget-container\">\n\t\t\t\t\t\t\t\t<p>Trois plages sont affili\u00e9es \u00e0 miomar Beach Hotel:\u2022 Bagno Berlati 31 \u2022 Bagno Bologna 32 \u2022 Bagno Alberto Davide 34\/35<br>Un \u0153il particulier pour Bagno Corallo 45, la plage \u00e9quip\u00e9e o\u00f9 vous pourrez emmener vos amis \u00e0 quatre pattes avec vous !<\/p>\t\t\t\t\t\t<\/div>\n\t\t\t\t<\/div>\n\t\t\t\t\t<\/div>\n\t\t<\/div>\n\t\t\t\t\t\t\t<\/div>\n\t\t<\/section>\n\t\t\t\t<section class=\"elementor-section elementor-top-section elementor-element elementor-element-c044a5e elementor-section-full_width ristorante-box elementor-section-height-default elementor-section-height-default parallax_section_no qode_elementor_container_no\" data-id=\"c044a5e\" data-element_type=\"section\" data-settings=\"{&quot;background_background&quot;:&quot;classic&quot;}\">\n\t\t\t\t\t\t<div class=\"elementor-container elementor-column-gap-default\">\n\t\t\t\t\t<div class=\"elementor-column elementor-col-100 elementor-top-column elementor-element elementor-element-55d0c7a\" data-id=\"55d0c7a\" data-element_type=\"column\">\n\t\t\t<div class=\"elementor-widget-wrap elementor-element-populated\">\n\t\t\t\t\t\t\t\t<section class=\"elementor-section elementor-inner-section elementor-element elementor-element-cba4a6b elementor-section-full_width elementor-section-height-default elementor-section-height-default parallax_section_no qode_elementor_container_no\" data-id=\"cba4a6b\" data-element_type=\"section\">\n\t\t\t\t\t\t<div class=\"elementor-container elementor-column-gap-default\">\n\t\t\t\t\t<div class=\"elementor-column elementor-col-50 elementor-inner-column elementor-element elementor-element-6b520de\" data-id=\"6b520de\" data-element_type=\"column\">\n\t\t\t<div class=\"elementor-widget-wrap elementor-element-populated\">\n\t\t\t\t\t\t\t\t<div class=\"elementor-element elementor-element-828f1a0 elementor-widget elementor-widget-image\" data-id=\"828f1a0\" data-element_type=\"widget\" data-widget_type=\"image.default\">\n\t\t\t\t<div class=\"elementor-widget-container\">\n\t\t\t\t\t\t\t\t\t\t\t\t\t\t\t<img loading=\"lazy\" decoding=\"async\" width=\"780\" height=\"978\" src=\"https:\/\/miomar.it\/wp-content\/uploads\/2022\/06\/amarebeach-spiaggia.jpg\" class=\"attachment-full size-full\" alt=\"\" srcset=\"https:\/\/miomar.it\/wp-content\/uploads\/2022\/06\/amarebeach-spiaggia.jpg 780w, https:\/\/miomar.it\/wp-content\/uploads\/2022\/06\/amarebeach-spiaggia-239x300.jpg 239w, https:\/\/miomar.it\/wp-content\/uploads\/2022\/06\/amarebeach-spiaggia-768x963.jpg 768w, https:\/\/miomar.it\/wp-content\/uploads\/2022\/06\/amarebeach-spiaggia-700x878.jpg 700w\" sizes=\"(max-width: 780px) 100vw, 780px\" \/>\t\t\t\t\t\t\t\t\t\t\t\t\t\t\t<\/div>\n\t\t\t\t<\/div>\n\t\t\t\t\t<\/div>\n\t\t<\/div>\n\t\t\t\t<div class=\"elementor-column elementor-col-50 elementor-inner-column elementor-element elementor-element-fb531ab boxfull-mobile\" data-id=\"fb531ab\" data-element_type=\"column\">\n\t\t\t<div class=\"elementor-widget-wrap elementor-element-populated\">\n\t\t\t\t\t\t\t\t<div class=\"elementor-element elementor-element-84c948c elementor-widget elementor-widget-text-editor\" data-id=\"84c948c\" data-element_type=\"widget\" data-widget_type=\"text-editor.default\">\n\t\t\t\t<div class=\"elementor-widget-container\">\n\t\t\t\t\t\t\t\t<p>Le matin, des cours sont propos\u00e9s pour se perfectionner dans l&rsquo;eau ou \u00e0 la nage. Tandis qu&rsquo;en fin d&rsquo;apr\u00e8s-midi, un cours th\u00e9orique apprendra la \u00ab s\u00e9curit\u00e9 en mer \u00bb, quand il vaut mieux aller dans l&rsquo;eau et quand c\u2019est d\u00e9conseill\u00e9, les n\u0153uds marins, la rose des vents, les dangers dans l&rsquo;eau comme les courants ou les trous, les conditions des vagues \u00ab\u00a0drapeau rouge\u00a0\u00bb, jusqu&rsquo;\u00e0 de vraies le\u00e7ons de r\u00e9animation et d&rsquo;intervention d&rsquo;urgence avec l&rsquo;utilisation de mannequins et de \u00ab\u00a0sorties\u00a0\u00bb dans l&rsquo;eau sur un mini-mouche \u00ab\u00a0kid-friendly\u00a0\u00bb.<br \/>\nA la base de tout, d\u00e8s le plus jeune \u00e2ge, le sens civique et la solidarit\u00e9 envers les autres s\u2019apprennent pour ensuite faire prendre conscience aux adultes de la n\u00e9cessit\u00e9 d&rsquo;aider autrui lors de conditions dangereuses.<\/p>\n<p>Au Bagno 31, vous trouverez un acc\u00e8s direct au ponton du bateau \u00e0 moteur pour des voyages et des excursions en pleine mer ! Et tout le merveilleux programme d&rsquo;animations du village d&rsquo;\u00e9t\u00e9 de la jument Gatteo ! R\u00e9veil musculaire, danses de groupe, tournois, p\u00e9tanque et beaucoup de plaisir!:)<\/p>\n\t\t\t\t\t\t<\/div>\n\t\t\t\t<\/div>\n\t\t\t\t<div class=\"elementor-element elementor-element-2becff5 img-accanto elementor-widget elementor-widget-image\" data-id=\"2becff5\" data-element_type=\"widget\" data-widget_type=\"image.default\">\n\t\t\t\t<div class=\"elementor-widget-container\">\n\t\t\t\t\t\t\t\t\t\t\t\t\t\t\t<img loading=\"lazy\" decoding=\"async\" width=\"279\" height=\"300\" src=\"https:\/\/miomar.it\/wp-content\/uploads\/2021\/09\/spiaggia03-279x300.jpg\" class=\"attachment-medium size-medium\" alt=\"\" srcset=\"https:\/\/miomar.it\/wp-content\/uploads\/2021\/09\/spiaggia03-279x300.jpg 279w, https:\/\/miomar.it\/wp-content\/uploads\/2021\/09\/spiaggia03.jpg 419w\" sizes=\"(max-width: 279px) 100vw, 279px\" \/>\t\t\t\t\t\t\t\t\t\t\t\t\t\t\t<\/div>\n\t\t\t\t<\/div>\n\t\t\t\t<div class=\"elementor-element elementor-element-3348a30 img-accanto elementor-widget elementor-widget-image\" data-id=\"3348a30\" data-element_type=\"widget\" data-widget_type=\"image.default\">\n\t\t\t\t<div class=\"elementor-widget-container\">\n\t\t\t\t\t\t\t\t\t\t\t\t\t\t\t<img loading=\"lazy\" decoding=\"async\" width=\"279\" height=\"300\" src=\"https:\/\/miomar.it\/wp-content\/uploads\/2021\/09\/spiaggia04-279x300.jpg\" class=\"attachment-medium size-medium\" alt=\"\" srcset=\"https:\/\/miomar.it\/wp-content\/uploads\/2021\/09\/spiaggia04-279x300.jpg 279w, https:\/\/miomar.it\/wp-content\/uploads\/2021\/09\/spiaggia04.jpg 419w\" sizes=\"(max-width: 279px) 100vw, 279px\" \/>\t\t\t\t\t\t\t\t\t\t\t\t\t\t\t<\/div>\n\t\t\t\t<\/div>\n\t\t\t\t\t<\/div>\n\t\t<\/div>\n\t\t\t\t\t\t\t<\/div>\n\t\t<\/section>\n\t\t\t\t\t<\/div>\n\t\t<\/div>\n\t\t\t\t\t\t\t<\/div>\n\t\t<\/section>\n\t\t\t\t<section class=\"elementor-section elementor-top-section elementor-element elementor-element-342af45a elementor-section-full_width elementor-section-height-default elementor-section-height-default parallax_section_no qode_elementor_container_no\" data-id=\"342af45a\" data-element_type=\"section\" data-settings=\"{&quot;background_background&quot;:&quot;classic&quot;}\">\n\t\t\t\t\t\t<div class=\"elementor-container elementor-column-gap-no\">\n\t\t\t\t\t<div class=\"elementor-column elementor-col-100 elementor-top-column elementor-element elementor-element-26564691\" data-id=\"26564691\" data-element_type=\"column\">\n\t\t\t<div class=\"elementor-widget-wrap elementor-element-populated\">\n\t\t\t\t\t\t\t\t<div class=\"elementor-element elementor-element-8c139e3 elementor-widget elementor-widget-text-editor\" data-id=\"8c139e3\" data-element_type=\"widget\" data-widget_type=\"text-editor.default\">\n\t\t\t\t<div class=\"elementor-widget-container\">\n\t\t\t\t\t\t\t\t<h6>\u00c0 LA PLAGE<<\/h6>\n\t\t\t\t\t\t<\/div>\n\t\t\t\t<\/div>\n\t\t\t\t<div class=\"elementor-element elementor-element-421e8083 elementor-widget elementor-widget-text-editor\" data-id=\"421e8083\" data-element_type=\"widget\" data-widget_type=\"text-editor.default\">\n\t\t\t\t<div class=\"elementor-widget-container\">\n\t\t\t\t\t\t\t\t<h2>La Romagna que vous attendez\r\net qui vous surprend !<\/h2>\t\t\t\t\t\t<\/div>\n\t\t\t\t<\/div>\n\t\t\t\t<div class=\"elementor-element elementor-element-76b26a01 elementor-widget elementor-widget-text-editor\" data-id=\"76b26a01\" data-element_type=\"widget\" data-widget_type=\"text-editor.default\">\n\t\t\t\t<div class=\"elementor-widget-container\">\n\t\t\t\t\t\t\t\t<p>Si vous aimez vous d\u00e9tendre au soleil et profiter du bruit de la mer mais aussi si vous voulez conna\u00eetre l&rsquo;arri\u00e8re-pays, \u00e0 quelques kilom\u00e8tres de la c\u00f4te, vous trouverez une terre riche en histoire, magie, forteresses et lieux pr\u00e9cieux.<br \/>\nLaissez-vous conqu\u00e9rir par l&rsquo;histoire d&rsquo;amour poignante et passionn\u00e9e v\u00e9cue par Paolo et Francesca et m\u00eame racont\u00e9e par Dante dans le suggestif ch\u00e2teau de Gradara.<br \/>\nLaissez-vous conter l&rsquo;histoire d&rsquo;Azzurrina, la fille disparue la nuit du solstice d&rsquo;\u00e9t\u00e9 dans le ch\u00e2teau de Torriana et qui, tous les cinq ans, \u00ab\u00a0fait entendre \u00e0 nouveau sa voix\u00a0\u00bb lors de cette nuit d\u2019anniversaire&#8230; Et n\u2019oubliez pas de visiter l\u2019ancienne R\u00e9publique de Saint-Marin.<\/p>\n\t\t\t\t\t\t<\/div>\n\t\t\t\t<\/div>\n\t\t\t\t\t<\/div>\n\t\t<\/div>\n\t\t\t\t\t\t\t<\/div>\n\t\t<\/section>\n\t\t\t\t<section class=\"elementor-section elementor-top-section elementor-element elementor-element-013f136 elementor-section-full_width elementor-section-height-default elementor-section-height-default parallax_section_no qode_elementor_container_no\" data-id=\"013f136\" data-element_type=\"section\" data-settings=\"{&quot;background_background&quot;:&quot;classic&quot;}\">\n\t\t\t\t\t\t<div class=\"elementor-container elementor-column-gap-default\">\n\t\t\t\t\t<div class=\"elementor-column elementor-col-100 elementor-top-column elementor-element elementor-element-b8caf2e\" data-id=\"b8caf2e\" data-element_type=\"column\">\n\t\t\t<div class=\"elementor-widget-wrap elementor-element-populated\">\n\t\t\t\t\t\t\t\t<section class=\"elementor-section elementor-inner-section elementor-element elementor-element-74822f9 elementor-section-full_width elementor-section-height-default elementor-section-height-default parallax_section_no qode_elementor_container_no\" data-id=\"74822f9\" data-element_type=\"section\">\n\t\t\t\t\t\t<div class=\"elementor-container elementor-column-gap-default\">\n\t\t\t\t\t<div class=\"elementor-column elementor-col-50 elementor-inner-column elementor-element elementor-element-23ea2bd\" data-id=\"23ea2bd\" data-element_type=\"column\">\n\t\t\t<div class=\"elementor-widget-wrap elementor-element-populated\">\n\t\t\t\t\t\t\t\t<div class=\"elementor-element elementor-element-16eed68 elementor-widget elementor-widget-image\" data-id=\"16eed68\" data-element_type=\"widget\" data-widget_type=\"image.default\">\n\t\t\t\t<div class=\"elementor-widget-container\">\n\t\t\t\t\t\t\t\t\t\t\t\t\t\t\t<img loading=\"lazy\" decoding=\"async\" width=\"1274\" height=\"830\" src=\"https:\/\/miomar.it\/wp-content\/uploads\/2021\/09\/entroterra.jpg\" class=\"attachment-full size-full\" alt=\"\" srcset=\"https:\/\/miomar.it\/wp-content\/uploads\/2021\/09\/entroterra.jpg 1274w, https:\/\/miomar.it\/wp-content\/uploads\/2021\/09\/entroterra-300x195.jpg 300w, https:\/\/miomar.it\/wp-content\/uploads\/2021\/09\/entroterra-1024x667.jpg 1024w, https:\/\/miomar.it\/wp-content\/uploads\/2021\/09\/entroterra-768x500.jpg 768w, https:\/\/miomar.it\/wp-content\/uploads\/2021\/09\/entroterra-400x260.jpg 400w, https:\/\/miomar.it\/wp-content\/uploads\/2021\/09\/entroterra-700x456.jpg 700w\" sizes=\"(max-width: 1274px) 100vw, 1274px\" \/>\t\t\t\t\t\t\t\t\t\t\t\t\t\t\t<\/div>\n\t\t\t\t<\/div>\n\t\t\t\t\t<\/div>\n\t\t<\/div>\n\t\t\t\t<div class=\"elementor-column elementor-col-50 elementor-inner-column elementor-element elementor-element-30a2a20 boxfull-mobile\" data-id=\"30a2a20\" data-element_type=\"column\">\n\t\t\t<div class=\"elementor-widget-wrap elementor-element-populated\">\n\t\t\t\t\t\t\t\t<div class=\"elementor-element elementor-element-c9d6e7d side-content elementor-widget elementor-widget-text-editor\" data-id=\"c9d6e7d\" data-element_type=\"widget\" data-widget_type=\"text-editor.default\">\n\t\t\t\t<div class=\"elementor-widget-container\">\n\t\t\t\t\t\t\t\t<h2>Les paysages qui fascinent<\/h2>\n<p>Et sur ces collines, vous verrez \u00e9galement de nombreux cyclistes, passionn\u00e9s des deux roues qui retracent les routes des grands champions avec le m\u00eame courage et la m\u00eame passion pour ce sport envo\u00fbtant.ni con la stessa grinta e la stessa passione per questo sport emozionante.\u00a0<\/p>\n<p>Les paysages vallonn\u00e9s sont magnifiques et permettent aussi quelques pauses pour faire connaissance avec les oliveraies, les vignes, savourer les vins et d\u00e9guster les fromages. Ensuite, empruntez des descentes panoramiques \u00e9poustouflantes avec vue sur la mer&#8230;  Pour vraiment profiter de la Romagne, il faut la VIVRE!<\/p>\n\t\t\t\t\t\t<\/div>\n\t\t\t\t<\/div>\n\t\t\t\t\t<\/div>\n\t\t<\/div>\n\t\t\t\t\t\t\t<\/div>\n\t\t<\/section>\n\t\t\t\t\t<\/div>\n\t\t<\/div>\n\t\t\t\t\t\t\t<\/div>\n\t\t<\/section>\n\t\t\t\t\t\t<\/div>\n\t\t\t\t\t<\/div>\n\t\t","protected":false},"excerpt":{"rendered":"<p>LA PLAGE Al mare in Famiglia&#8230; e non solo A la plage en famille\u2026 et plus Notre plage est parfaite pour les familles : eaux peu profondes, sable tr\u00e8s fin et beaucoup d&rsquo;espace entre les parasols ! Chaque structure dispose d&rsquo;un espace clos d\u00e9di\u00e9 aux&#8230;<\/p>\n","protected":false},"author":1,"featured_media":0,"parent":0,"menu_order":0,"comment_status":"closed","ping_status":"closed","template":"full_width.php","meta":{"footnotes":""},"yoast_head":"<!-- This site is optimized with the Yoast SEO plugin v17.1 - https:\/\/yoast.com\/wordpress\/plugins\/seo\/ -->\n<title>Riviera di Romagna ed Entroterra | miomar Beach Hotel Cesenatico<\/title>\n<meta name=\"description\" content=\"Hotel sul mare della Riviera Romagnola, nella bella cittadina di Cesenatico, a pochi passi dal divertimento e dalle escursioni nell&#039;entroterra\" \/>\n<meta name=\"robots\" content=\"index, follow, max-snippet:-1, max-image-preview:large, max-video-preview:-1\" \/>\n<link rel=\"canonical\" href=\"https:\/\/miomar.it\/fr\/riviera-romagnola\" \/>\n<meta property=\"og:locale\" content=\"fr_FR\" \/>\n<meta property=\"og:type\" content=\"article\" \/>\n<meta property=\"og:title\" content=\"Riviera di Romagna ed Entroterra | miomar Beach Hotel Cesenatico\" \/>\n<meta property=\"og:description\" content=\"Hotel sul mare della Riviera Romagnola, nella bella cittadina di Cesenatico, a pochi passi dal divertimento e dalle escursioni nell&#039;entroterra\" \/>\n<meta property=\"og:url\" content=\"https:\/\/miomar.it\/fr\/riviera-romagnola\" \/>\n<meta property=\"og:site_name\" content=\"miomar Beach Hotel\" \/>\n<meta property=\"article:modified_time\" content=\"2025-01-30T07:36:06+00:00\" \/>\n<meta property=\"og:image\" content=\"https:\/\/miomar.it\/wp-content\/uploads\/2021\/09\/spiaggia01.jpg\" \/>\n<meta name=\"twitter:card\" content=\"summary_large_image\" \/>\n<meta name=\"twitter:label1\" content=\"Dur\u00e9e de lecture est.\" \/>\n\t<meta name=\"twitter:data1\" content=\"4 minutes\" \/>\n<script type=\"application\/ld+json\" class=\"yoast-schema-graph\">{\"@context\":\"https:\/\/schema.org\",\"@graph\":[{\"@type\":\"WebSite\",\"@id\":\"https:\/\/miomar.it\/#website\",\"url\":\"https:\/\/miomar.it\/\",\"name\":\"miomar Beach Hotel\",\"description\":\"Il tuo hotel al mare, a Cesenatico\",\"potentialAction\":[{\"@type\":\"SearchAction\",\"target\":{\"@type\":\"EntryPoint\",\"urlTemplate\":\"https:\/\/miomar.it\/?s={search_term_string}\"},\"query-input\":\"required name=search_term_string\"}],\"inLanguage\":\"fr-FR\"},{\"@type\":\"ImageObject\",\"@id\":\"https:\/\/miomar.it\/fr\/riviera-romagnola#primaryimage\",\"inLanguage\":\"fr-FR\",\"url\":\"https:\/\/miomar.it\/wp-content\/uploads\/2021\/09\/spiaggia01.jpg\",\"contentUrl\":\"https:\/\/miomar.it\/wp-content\/uploads\/2021\/09\/spiaggia01.jpg\",\"width\":839,\"height\":826},{\"@type\":\"WebPage\",\"@id\":\"https:\/\/miomar.it\/fr\/riviera-romagnola#webpage\",\"url\":\"https:\/\/miomar.it\/fr\/riviera-romagnola\",\"name\":\"Riviera di Romagna ed Entroterra | miomar Beach Hotel Cesenatico\",\"isPartOf\":{\"@id\":\"https:\/\/miomar.it\/#website\"},\"primaryImageOfPage\":{\"@id\":\"https:\/\/miomar.it\/fr\/riviera-romagnola#primaryimage\"},\"datePublished\":\"2021-09-02T08:08:15+00:00\",\"dateModified\":\"2025-01-30T07:36:06+00:00\",\"description\":\"Hotel sul mare della Riviera Romagnola, nella bella cittadina di Cesenatico, a pochi passi dal divertimento e dalle escursioni nell'entroterra\",\"breadcrumb\":{\"@id\":\"https:\/\/miomar.it\/fr\/riviera-romagnola#breadcrumb\"},\"inLanguage\":\"fr-FR\",\"potentialAction\":[{\"@type\":\"ReadAction\",\"target\":[\"https:\/\/miomar.it\/fr\/riviera-romagnola\"]}]},{\"@type\":\"BreadcrumbList\",\"@id\":\"https:\/\/miomar.it\/fr\/riviera-romagnola#breadcrumb\",\"itemListElement\":[{\"@type\":\"ListItem\",\"position\":1,\"name\":\"Home\",\"item\":\"https:\/\/miomar.it\/fr\"},{\"@type\":\"ListItem\",\"position\":2,\"name\":\"Riviera romagnola\"}]}]}<\/script>\n<!-- \/ Yoast SEO plugin. -->","yoast_head_json":{"title":"Riviera di Romagna ed Entroterra | miomar Beach Hotel Cesenatico","description":"Hotel sul mare della Riviera Romagnola, nella bella cittadina di Cesenatico, a pochi passi dal divertimento e dalle escursioni nell'entroterra","robots":{"index":"index","follow":"follow","max-snippet":"max-snippet:-1","max-image-preview":"max-image-preview:large","max-video-preview":"max-video-preview:-1"},"canonical":"https:\/\/miomar.it\/fr\/riviera-romagnola","og_locale":"fr_FR","og_type":"article","og_title":"Riviera di Romagna ed Entroterra | miomar Beach Hotel Cesenatico","og_description":"Hotel sul mare della Riviera Romagnola, nella bella cittadina di Cesenatico, a pochi passi dal divertimento e dalle escursioni nell'entroterra","og_url":"https:\/\/miomar.it\/fr\/riviera-romagnola","og_site_name":"miomar Beach Hotel","article_modified_time":"2025-01-30T07:36:06+00:00","og_image":[{"url":"https:\/\/miomar.it\/wp-content\/uploads\/2021\/09\/spiaggia01.jpg"}],"twitter_card":"summary_large_image","twitter_misc":{"Dur\u00e9e de lecture est.":"4 minutes"},"schema":{"@context":"https:\/\/schema.org","@graph":[{"@type":"WebSite","@id":"https:\/\/miomar.it\/#website","url":"https:\/\/miomar.it\/","name":"miomar Beach Hotel","description":"Il tuo hotel al mare, a Cesenatico","potentialAction":[{"@type":"SearchAction","target":{"@type":"EntryPoint","urlTemplate":"https:\/\/miomar.it\/?s={search_term_string}"},"query-input":"required name=search_term_string"}],"inLanguage":"fr-FR"},{"@type":"ImageObject","@id":"https:\/\/miomar.it\/fr\/riviera-romagnola#primaryimage","inLanguage":"fr-FR","url":"https:\/\/miomar.it\/wp-content\/uploads\/2021\/09\/spiaggia01.jpg","contentUrl":"https:\/\/miomar.it\/wp-content\/uploads\/2021\/09\/spiaggia01.jpg","width":839,"height":826},{"@type":"WebPage","@id":"https:\/\/miomar.it\/fr\/riviera-romagnola#webpage","url":"https:\/\/miomar.it\/fr\/riviera-romagnola","name":"Riviera di Romagna ed Entroterra | miomar Beach Hotel Cesenatico","isPartOf":{"@id":"https:\/\/miomar.it\/#website"},"primaryImageOfPage":{"@id":"https:\/\/miomar.it\/fr\/riviera-romagnola#primaryimage"},"datePublished":"2021-09-02T08:08:15+00:00","dateModified":"2025-01-30T07:36:06+00:00","description":"Hotel sul mare della Riviera Romagnola, nella bella cittadina di Cesenatico, a pochi passi dal divertimento e dalle escursioni nell'entroterra","breadcrumb":{"@id":"https:\/\/miomar.it\/fr\/riviera-romagnola#breadcrumb"},"inLanguage":"fr-FR","potentialAction":[{"@type":"ReadAction","target":["https:\/\/miomar.it\/fr\/riviera-romagnola"]}]},{"@type":"BreadcrumbList","@id":"https:\/\/miomar.it\/fr\/riviera-romagnola#breadcrumb","itemListElement":[{"@type":"ListItem","position":1,"name":"Home","item":"https:\/\/miomar.it\/fr"},{"@type":"ListItem","position":2,"name":"Riviera romagnola"}]}]}},"_links":{"self":[{"href":"https:\/\/miomar.it\/fr\/wp-json\/wp\/v2\/pages\/1894"}],"collection":[{"href":"https:\/\/miomar.it\/fr\/wp-json\/wp\/v2\/pages"}],"about":[{"href":"https:\/\/miomar.it\/fr\/wp-json\/wp\/v2\/types\/page"}],"author":[{"embeddable":true,"href":"https:\/\/miomar.it\/fr\/wp-json\/wp\/v2\/users\/1"}],"replies":[{"embeddable":true,"href":"https:\/\/miomar.it\/fr\/wp-json\/wp\/v2\/comments?post=1894"}],"version-history":[{"count":7,"href":"https:\/\/miomar.it\/fr\/wp-json\/wp\/v2\/pages\/1894\/revisions"}],"predecessor-version":[{"id":3193,"href":"https:\/\/miomar.it\/fr\/wp-json\/wp\/v2\/pages\/1894\/revisions\/3193"}],"wp:attachment":[{"href":"https:\/\/miomar.it\/fr\/wp-json\/wp\/v2\/media?parent=1894"}],"curies":[{"name":"wp","href":"https:\/\/api.w.org\/{rel}","templated":true}]}}