{"id":1892,"date":"2021-08-31T11:32:21","date_gmt":"2021-08-31T09:32:21","guid":{"rendered":"https:\/\/miomar.it\/ristorante"},"modified":"2025-07-08T11:58:31","modified_gmt":"2025-07-08T09:58:31","slug":"ristorante","status":"publish","type":"page","link":"https:\/\/miomar.it\/fr\/ristorante","title":{"rendered":"Ristorante"},"content":{"rendered":"\t\t<div data-elementor-type=\"wp-page\" data-elementor-id=\"1892\" class=\"elementor elementor-1892 elementor-557\" data-elementor-settings=\"[]\">\n\t\t\t\t\t\t\t<div class=\"elementor-section-wrap\">\n\t\t\t\t\t\t\t<section class=\"elementor-section elementor-top-section elementor-element elementor-element-013f136 elementor-section-full_width elementor-section-height-default elementor-section-height-default parallax_section_no qode_elementor_container_no\" data-id=\"013f136\" data-element_type=\"section\" data-settings=\"{&quot;background_background&quot;:&quot;classic&quot;}\">\n\t\t\t\t\t\t<div class=\"elementor-container elementor-column-gap-default\">\n\t\t\t\t\t<div class=\"elementor-column elementor-col-100 elementor-top-column elementor-element elementor-element-b8caf2e\" data-id=\"b8caf2e\" data-element_type=\"column\">\n\t\t\t<div class=\"elementor-widget-wrap elementor-element-populated\">\n\t\t\t\t\t\t\t\t<section class=\"elementor-section elementor-inner-section elementor-element elementor-element-74822f9 elementor-section-full_width elementor-section-height-default elementor-section-height-default parallax_section_no qode_elementor_container_no\" data-id=\"74822f9\" data-element_type=\"section\">\n\t\t\t\t\t\t<div class=\"elementor-container elementor-column-gap-default\">\n\t\t\t\t\t<div class=\"elementor-column elementor-col-50 elementor-inner-column elementor-element elementor-element-23ea2bd\" data-id=\"23ea2bd\" data-element_type=\"column\">\n\t\t\t<div class=\"elementor-widget-wrap elementor-element-populated\">\n\t\t\t\t\t\t\t\t<div class=\"elementor-element elementor-element-16eed68 elementor-widget elementor-widget-image\" data-id=\"16eed68\" data-element_type=\"widget\" data-widget_type=\"image.default\">\n\t\t\t\t<div class=\"elementor-widget-container\">\n\t\t\t\t\t\t\t\t\t\t\t\t\t\t\t<img loading=\"lazy\" decoding=\"async\" width=\"1274\" height=\"830\" src=\"https:\/\/miomar.it\/wp-content\/uploads\/2025\/07\/colazioni-miomarbeach.jpg\" class=\"attachment-full size-full\" alt=\"\" srcset=\"https:\/\/miomar.it\/wp-content\/uploads\/2025\/07\/colazioni-miomarbeach.jpg 1274w, https:\/\/miomar.it\/wp-content\/uploads\/2025\/07\/colazioni-miomarbeach-300x195.jpg 300w, https:\/\/miomar.it\/wp-content\/uploads\/2025\/07\/colazioni-miomarbeach-1024x667.jpg 1024w, https:\/\/miomar.it\/wp-content\/uploads\/2025\/07\/colazioni-miomarbeach-768x500.jpg 768w, https:\/\/miomar.it\/wp-content\/uploads\/2025\/07\/colazioni-miomarbeach-400x260.jpg 400w, https:\/\/miomar.it\/wp-content\/uploads\/2025\/07\/colazioni-miomarbeach-700x456.jpg 700w\" sizes=\"(max-width: 1274px) 100vw, 1274px\" \/>\t\t\t\t\t\t\t\t\t\t\t\t\t\t\t<\/div>\n\t\t\t\t<\/div>\n\t\t\t\t\t<\/div>\n\t\t<\/div>\n\t\t\t\t<div class=\"elementor-column elementor-col-50 elementor-inner-column elementor-element elementor-element-30a2a20 boxfull-mobile\" data-id=\"30a2a20\" data-element_type=\"column\">\n\t\t\t<div class=\"elementor-widget-wrap elementor-element-populated\">\n\t\t\t\t\t\t\t\t<div class=\"elementor-element elementor-element-c9d6e7d side-content elementor-widget elementor-widget-text-editor\" data-id=\"c9d6e7d\" data-element_type=\"widget\" data-widget_type=\"text-editor.default\">\n\t\t\t\t<div class=\"elementor-widget-container\">\n\t\t\t\t\t\t\t\t<h2>Bonjour&#8230;<br \/>Jusqu\u2019\u00e0 10h00<\/h2><p>Vous \u00eates en vacances, vous pouvez enfin oublier le r\u00e9veil et rester au lit pour profiter du soleil chaud sur les draps et de l&rsquo;air frais de la mer\u2026<br \/>Votre petit d\u00e9jeuner vous attend jusqu&rsquo;\u00e0 10h et nous vous garantissons une bonne \u00e9nergie pour repartir !<br \/>Le parfum du caf\u00e9, les g\u00e2teaux faits maison, la bonne odeur du pain et des croissants d\u00e9gust\u00e9s face \u00e0 la mer\u2026 seront les ingr\u00e9dients de vos vacances \u00e0 miomar Beach Hotel!<\/p>\t\t\t\t\t\t<\/div>\n\t\t\t\t<\/div>\n\t\t\t\t\t<\/div>\n\t\t<\/div>\n\t\t\t\t\t\t\t<\/div>\n\t\t<\/section>\n\t\t\t\t\t<\/div>\n\t\t<\/div>\n\t\t\t\t\t\t\t<\/div>\n\t\t<\/section>\n\t\t\t\t<section class=\"elementor-section elementor-top-section elementor-element elementor-element-7bbfd601 elementor-section-full_width elementor-section-height-default elementor-section-height-default parallax_section_no qode_elementor_container_no\" data-id=\"7bbfd601\" data-element_type=\"section\">\n\t\t\t\t\t\t\t<div class=\"elementor-background-overlay\"><\/div>\n\t\t\t\t\t\t\t<div class=\"elementor-container elementor-column-gap-default\">\n\t\t\t\t\t<div class=\"elementor-column elementor-col-50 elementor-top-column elementor-element elementor-element-586b9eb8 boxfull-mobile\" data-id=\"586b9eb8\" data-element_type=\"column\">\n\t\t\t<div class=\"elementor-widget-wrap elementor-element-populated\">\n\t\t\t\t\t\t\t\t<div class=\"elementor-element elementor-element-318f92df elementor-widget elementor-widget-text-editor\" data-id=\"318f92df\" data-element_type=\"widget\" data-widget_type=\"text-editor.default\">\n\t\t\t\t<div class=\"elementor-widget-container\">\n\t\t\t\t\t\t\t\t<h6>elsa morante<\/h6>\n\t\t\t\t\t\t<\/div>\n\t\t\t\t<\/div>\n\t\t\t\t<div class=\"elementor-element elementor-element-70cd3379 elementor-widget elementor-widget-text-editor\" data-id=\"70cd3379\" data-element_type=\"widget\" data-widget_type=\"text-editor.default\">\n\t\t\t\t<div class=\"elementor-widget-container\">\n\t\t\t\t\t\t\t\t<h2>\u00ab Tu as bien mang\u00e9 ? \u00bb<br \/>\nL&rsquo;expression maximale de l&rsquo;amour se retrouve dans cette phrase&#8230; <\/h2>\n\t\t\t\t\t\t<\/div>\n\t\t\t\t<\/div>\n\t\t\t\t<div class=\"elementor-element elementor-element-38c93f06 elementor-widget elementor-widget-text-editor\" data-id=\"38c93f06\" data-element_type=\"widget\" data-widget_type=\"text-editor.default\">\n\t\t\t\t<div class=\"elementor-widget-container\">\n\t\t\t\t\t\t\t\t<p>Ce n&rsquo;est pas un hasard si nous, Romagnoli, nous reconnaissons parfaitement, dans ces mots, nos grands-m\u00e8res, nos m\u00e8res qui nous ont \u00e9lev\u00e9s avec cette attention, ce sens de la protection et cet amour qui commence &#8230; en le mettant sur la table.<\/p>\n\t\t\t\t\t\t<\/div>\n\t\t\t\t<\/div>\n\t\t\t\t\t<\/div>\n\t\t<\/div>\n\t\t\t\t<div class=\"elementor-column elementor-col-50 elementor-top-column elementor-element elementor-element-26eefb9d\" data-id=\"26eefb9d\" data-element_type=\"column\">\n\t\t\t<div class=\"elementor-widget-wrap elementor-element-populated\">\n\t\t\t\t\t\t\t\t<div class=\"elementor-element elementor-element-0b9e280 elementor-arrows-position-inside elementor-pagination-position-outside elementor-widget elementor-widget-image-carousel\" data-id=\"0b9e280\" data-element_type=\"widget\" data-settings=\"{&quot;slides_to_show&quot;:&quot;1&quot;,&quot;navigation&quot;:&quot;both&quot;,&quot;autoplay&quot;:&quot;yes&quot;,&quot;pause_on_hover&quot;:&quot;yes&quot;,&quot;pause_on_interaction&quot;:&quot;yes&quot;,&quot;autoplay_speed&quot;:5000,&quot;infinite&quot;:&quot;yes&quot;,&quot;effect&quot;:&quot;slide&quot;,&quot;speed&quot;:500}\" data-widget_type=\"image-carousel.default\">\n\t\t\t\t<div class=\"elementor-widget-container\">\n\t\t\t\t\t<div class=\"elementor-image-carousel-wrapper swiper-container\" dir=\"ltr\">\n\t\t\t<div class=\"elementor-image-carousel swiper-wrapper swiper-image-stretch\">\n\t\t\t\t<div class=\"swiper-slide\"><figure class=\"swiper-slide-inner\"><img decoding=\"async\" class=\"swiper-slide-image\" src=\"https:\/\/miomar.it\/wp-content\/uploads\/2025\/07\/foto-cucina-miomar06.jpg\" alt=\"foto-cucina-miomar06\" \/><\/figure><\/div><div class=\"swiper-slide\"><figure class=\"swiper-slide-inner\"><img decoding=\"async\" class=\"swiper-slide-image\" src=\"https:\/\/miomar.it\/wp-content\/uploads\/2025\/07\/foto-cucina-miomar02.jpg\" alt=\"foto-cucina-miomar02\" \/><\/figure><\/div><div class=\"swiper-slide\"><figure class=\"swiper-slide-inner\"><img decoding=\"async\" class=\"swiper-slide-image\" src=\"https:\/\/miomar.it\/wp-content\/uploads\/2025\/07\/foto-cucina-miomar01.jpg\" alt=\"foto-cucina-miomar01\" \/><\/figure><\/div><div class=\"swiper-slide\"><figure class=\"swiper-slide-inner\"><img decoding=\"async\" class=\"swiper-slide-image\" src=\"https:\/\/miomar.it\/wp-content\/uploads\/2025\/07\/foto-cucina-miomar04.jpg\" alt=\"foto-cucina-miomar04\" \/><\/figure><\/div><div class=\"swiper-slide\"><figure class=\"swiper-slide-inner\"><img decoding=\"async\" class=\"swiper-slide-image\" src=\"https:\/\/miomar.it\/wp-content\/uploads\/2025\/07\/foto-cucina-miomar05.jpg\" alt=\"foto-cucina-miomar05\" \/><\/figure><\/div>\t\t\t<\/div>\n\t\t\t\t\t\t\t\t\t\t\t\t<div class=\"swiper-pagination\"><\/div>\n\t\t\t\t\t\t\t\t\t\t\t\t\t<div class=\"elementor-swiper-button elementor-swiper-button-prev\">\n\t\t\t\t\t\t<i class=\"eicon-chevron-left\" aria-hidden=\"true\"><\/i>\n\t\t\t\t\t\t<span class=\"elementor-screen-only\">Pr\u00e9c\u00e9dent<\/span>\n\t\t\t\t\t<\/div>\n\t\t\t\t\t<div class=\"elementor-swiper-button elementor-swiper-button-next\">\n\t\t\t\t\t\t<i class=\"eicon-chevron-right\" aria-hidden=\"true\"><\/i>\n\t\t\t\t\t\t<span class=\"elementor-screen-only\">Suivant<\/span>\n\t\t\t\t\t<\/div>\n\t\t\t\t\t\t\t\t\t<\/div>\n\t\t\t\t<\/div>\n\t\t\t\t<\/div>\n\t\t\t\t\t<\/div>\n\t\t<\/div>\n\t\t\t\t\t\t\t<\/div>\n\t\t<\/section>\n\t\t\t\t<section class=\"elementor-section elementor-top-section elementor-element elementor-element-342af45a elementor-section-full_width elementor-section-height-default elementor-section-height-default parallax_section_no qode_elementor_container_no\" data-id=\"342af45a\" data-element_type=\"section\" data-settings=\"{&quot;background_background&quot;:&quot;classic&quot;}\">\n\t\t\t\t\t\t<div class=\"elementor-container elementor-column-gap-no\">\n\t\t\t\t\t<div class=\"elementor-column elementor-col-100 elementor-top-column elementor-element elementor-element-26564691\" data-id=\"26564691\" data-element_type=\"column\">\n\t\t\t<div class=\"elementor-widget-wrap elementor-element-populated\">\n\t\t\t\t\t\t\t\t<div class=\"elementor-element elementor-element-8c139e3 elementor-widget elementor-widget-text-editor\" data-id=\"8c139e3\" data-element_type=\"widget\" data-widget_type=\"text-editor.default\">\n\t\t\t\t<div class=\"elementor-widget-container\">\n\t\t\t\t\t\t\t\t<h6>TRADITIONS<\/h6>\n\t\t\t\t\t\t<\/div>\n\t\t\t\t<\/div>\n\t\t\t\t<div class=\"elementor-element elementor-element-421e8083 elementor-widget elementor-widget-text-editor\" data-id=\"421e8083\" data-element_type=\"widget\" data-widget_type=\"text-editor.default\">\n\t\t\t\t<div class=\"elementor-widget-container\">\n\t\t\t\t\t\t\t\t<h2>Les saveurs agr\u00e9ables <br>\r\nde notre terre<\/h2>\t\t\t\t\t\t<\/div>\n\t\t\t\t<\/div>\n\t\t\t\t<div class=\"elementor-element elementor-element-76b26a01 elementor-widget elementor-widget-text-editor\" data-id=\"76b26a01\" data-element_type=\"widget\" data-widget_type=\"text-editor.default\">\n\t\t\t\t<div class=\"elementor-widget-container\">\n\t\t\t\t\t\t\t\t<p>\u00c0 miomar Beach Hotel, nous proposons un menu li\u00e9 \u00e0 notre tradition, utilisant des produits locaux au rythme et aux couleurs de la nature, de la saisonnalit\u00e9, pour toujours garantir un maximum de fra\u00eecheur et de qualit\u00e9.<\/p>\t\t\t\t\t\t<\/div>\n\t\t\t\t<\/div>\n\t\t\t\t\t<\/div>\n\t\t<\/div>\n\t\t\t\t\t\t\t<\/div>\n\t\t<\/section>\n\t\t\t\t<section class=\"elementor-section elementor-top-section elementor-element elementor-element-c044a5e elementor-section-full_width ristorante-box elementor-section-height-default elementor-section-height-default parallax_section_no qode_elementor_container_no\" data-id=\"c044a5e\" data-element_type=\"section\" data-settings=\"{&quot;background_background&quot;:&quot;classic&quot;}\">\n\t\t\t\t\t\t<div class=\"elementor-container elementor-column-gap-default\">\n\t\t\t\t\t<div class=\"elementor-column elementor-col-100 elementor-top-column elementor-element elementor-element-55d0c7a\" data-id=\"55d0c7a\" data-element_type=\"column\">\n\t\t\t<div class=\"elementor-widget-wrap elementor-element-populated\">\n\t\t\t\t\t\t\t\t<section class=\"elementor-section elementor-inner-section elementor-element elementor-element-cba4a6b elementor-section-full_width elementor-section-height-default elementor-section-height-default parallax_section_no qode_elementor_container_no\" data-id=\"cba4a6b\" data-element_type=\"section\" data-settings=\"{&quot;background_background&quot;:&quot;classic&quot;}\">\n\t\t\t\t\t\t<div class=\"elementor-container elementor-column-gap-default\">\n\t\t\t\t\t<div class=\"elementor-column elementor-col-50 elementor-inner-column elementor-element elementor-element-6b520de\" data-id=\"6b520de\" data-element_type=\"column\">\n\t\t\t<div class=\"elementor-widget-wrap elementor-element-populated\">\n\t\t\t\t\t\t\t\t<div class=\"elementor-element elementor-element-828f1a0 elementor-widget elementor-widget-image\" data-id=\"828f1a0\" data-element_type=\"widget\" data-widget_type=\"image.default\">\n\t\t\t\t<div class=\"elementor-widget-container\">\n\t\t\t\t\t\t\t\t\t\t\t\t\t\t\t<img loading=\"lazy\" decoding=\"async\" width=\"780\" height=\"978\" src=\"https:\/\/miomar.it\/wp-content\/uploads\/2025\/07\/foto-buffet-ristorante-1.jpg\" class=\"attachment-full size-full\" alt=\"\" srcset=\"https:\/\/miomar.it\/wp-content\/uploads\/2025\/07\/foto-buffet-ristorante-1.jpg 780w, https:\/\/miomar.it\/wp-content\/uploads\/2025\/07\/foto-buffet-ristorante-1-239x300.jpg 239w, https:\/\/miomar.it\/wp-content\/uploads\/2025\/07\/foto-buffet-ristorante-1-768x963.jpg 768w, https:\/\/miomar.it\/wp-content\/uploads\/2025\/07\/foto-buffet-ristorante-1-700x878.jpg 700w\" sizes=\"(max-width: 780px) 100vw, 780px\" \/>\t\t\t\t\t\t\t\t\t\t\t\t\t\t\t<\/div>\n\t\t\t\t<\/div>\n\t\t\t\t\t<\/div>\n\t\t<\/div>\n\t\t\t\t<div class=\"elementor-column elementor-col-50 elementor-inner-column elementor-element elementor-element-fb531ab boxfull-mobile\" data-id=\"fb531ab\" data-element_type=\"column\">\n\t\t\t<div class=\"elementor-widget-wrap elementor-element-populated\">\n\t\t\t\t\t\t\t\t<div class=\"elementor-element elementor-element-84c948c elementor-widget elementor-widget-text-editor\" data-id=\"84c948c\" data-element_type=\"widget\" data-widget_type=\"text-editor.default\">\n\t\t\t\t<div class=\"elementor-widget-container\">\n\t\t\t\t\t\t\t\t<p>Le d\u00e9jeuner et le d\u00eener sont servis \u00e0 table avec un choix de 3 entr\u00e9es et de trois plats principaux. Nous offrons aussi deux beaux buffets, celui des salades et l\u00e9gumes ainsi que celui des desserts et fruits qui compl\u00e8tent  parfaitement le service.<br \/>\nAvez-vous remarqu\u00e9 qu&rsquo;apr\u00e8s avoir bien mang\u00e9, le monde devient plus beau et meilleur ? C&rsquo;est pourquoi nous aimons tant notre grande cuisine. Chez nous, vous trouverez toujours quelque chose dans la marmite !<br \/>\nLa salle de restaurant est lumineuse, spacieuse et elle permet un \u00e9cart correct entre les tables. Ainsi, les clients profitent des repas en toute s\u00e9curit\u00e9 avec vue sur la plage de Cesenatico.<\/p>\n\t\t\t\t\t\t<\/div>\n\t\t\t\t<\/div>\n\t\t\t\t<div class=\"elementor-element elementor-element-2becff5 img-accanto elementor-widget elementor-widget-image\" data-id=\"2becff5\" data-element_type=\"widget\" data-widget_type=\"image.default\">\n\t\t\t\t<div class=\"elementor-widget-container\">\n\t\t\t\t\t\t\t\t\t\t\t\t\t\t\t<img loading=\"lazy\" decoding=\"async\" width=\"1200\" height=\"1200\" src=\"https:\/\/miomar.it\/wp-content\/uploads\/2025\/07\/foto-cucina-miomar07.jpg\" class=\"attachment-full size-full\" alt=\"\" srcset=\"https:\/\/miomar.it\/wp-content\/uploads\/2025\/07\/foto-cucina-miomar07.jpg 1200w, https:\/\/miomar.it\/wp-content\/uploads\/2025\/07\/foto-cucina-miomar07-300x300.jpg 300w, https:\/\/miomar.it\/wp-content\/uploads\/2025\/07\/foto-cucina-miomar07-1024x1024.jpg 1024w, https:\/\/miomar.it\/wp-content\/uploads\/2025\/07\/foto-cucina-miomar07-150x150.jpg 150w, https:\/\/miomar.it\/wp-content\/uploads\/2025\/07\/foto-cucina-miomar07-768x768.jpg 768w, https:\/\/miomar.it\/wp-content\/uploads\/2025\/07\/foto-cucina-miomar07-570x570.jpg 570w, https:\/\/miomar.it\/wp-content\/uploads\/2025\/07\/foto-cucina-miomar07-500x500.jpg 500w, https:\/\/miomar.it\/wp-content\/uploads\/2025\/07\/foto-cucina-miomar07-1000x1000.jpg 1000w, https:\/\/miomar.it\/wp-content\/uploads\/2025\/07\/foto-cucina-miomar07-700x700.jpg 700w, https:\/\/miomar.it\/wp-content\/uploads\/2025\/07\/foto-cucina-miomar07-650x650.jpg 650w\" sizes=\"(max-width: 1200px) 100vw, 1200px\" \/>\t\t\t\t\t\t\t\t\t\t\t\t\t\t\t<\/div>\n\t\t\t\t<\/div>\n\t\t\t\t<div class=\"elementor-element elementor-element-3348a30 img-accanto elementor-widget elementor-widget-image\" data-id=\"3348a30\" data-element_type=\"widget\" data-widget_type=\"image.default\">\n\t\t\t\t<div class=\"elementor-widget-container\">\n\t\t\t\t\t\t\t\t\t\t\t\t\t\t\t<img loading=\"lazy\" decoding=\"async\" width=\"1200\" height=\"1200\" src=\"https:\/\/miomar.it\/wp-content\/uploads\/2025\/07\/foto-cucina-miomar03.jpg\" class=\"attachment-full size-full\" alt=\"\" srcset=\"https:\/\/miomar.it\/wp-content\/uploads\/2025\/07\/foto-cucina-miomar03.jpg 1200w, https:\/\/miomar.it\/wp-content\/uploads\/2025\/07\/foto-cucina-miomar03-300x300.jpg 300w, https:\/\/miomar.it\/wp-content\/uploads\/2025\/07\/foto-cucina-miomar03-1024x1024.jpg 1024w, https:\/\/miomar.it\/wp-content\/uploads\/2025\/07\/foto-cucina-miomar03-150x150.jpg 150w, https:\/\/miomar.it\/wp-content\/uploads\/2025\/07\/foto-cucina-miomar03-768x768.jpg 768w, https:\/\/miomar.it\/wp-content\/uploads\/2025\/07\/foto-cucina-miomar03-570x570.jpg 570w, https:\/\/miomar.it\/wp-content\/uploads\/2025\/07\/foto-cucina-miomar03-500x500.jpg 500w, https:\/\/miomar.it\/wp-content\/uploads\/2025\/07\/foto-cucina-miomar03-1000x1000.jpg 1000w, https:\/\/miomar.it\/wp-content\/uploads\/2025\/07\/foto-cucina-miomar03-700x700.jpg 700w, https:\/\/miomar.it\/wp-content\/uploads\/2025\/07\/foto-cucina-miomar03-650x650.jpg 650w\" sizes=\"(max-width: 1200px) 100vw, 1200px\" \/>\t\t\t\t\t\t\t\t\t\t\t\t\t\t\t<\/div>\n\t\t\t\t<\/div>\n\t\t\t\t\t<\/div>\n\t\t<\/div>\n\t\t\t\t\t\t\t<\/div>\n\t\t<\/section>\n\t\t\t\t<div class=\"elementor-element elementor-element-60a16e1 elementor-widget elementor-widget-spacer\" data-id=\"60a16e1\" data-element_type=\"widget\" data-widget_type=\"spacer.default\">\n\t\t\t\t<div class=\"elementor-widget-container\">\n\t\t\t\t\t<div class=\"elementor-spacer\">\n\t\t\t<div class=\"elementor-spacer-inner\"><\/div>\n\t\t<\/div>\n\t\t\t\t<\/div>\n\t\t\t\t<\/div>\n\t\t\t\t\t<\/div>\n\t\t<\/div>\n\t\t\t\t\t\t\t<\/div>\n\t\t<\/section>\n\t\t\t\t\t\t<\/div>\n\t\t\t\t\t<\/div>\n\t\t","protected":false},"excerpt":{"rendered":"<p>Bonjour&#8230;Jusqu\u2019\u00e0 10h00 Vous \u00eates en vacances, vous pouvez enfin oublier le r\u00e9veil et rester au lit pour profiter du soleil chaud sur les draps et de l&rsquo;air frais de la mer\u2026Votre petit d\u00e9jeuner vous attend jusqu&rsquo;\u00e0 10h et nous vous garantissons une bonne \u00e9nergie pour&#8230;<\/p>\n","protected":false},"author":1,"featured_media":0,"parent":0,"menu_order":0,"comment_status":"closed","ping_status":"closed","template":"full_width.php","meta":{"footnotes":""},"yoast_head":"<!-- This site is optimized with the Yoast SEO plugin v17.1 - https:\/\/yoast.com\/wordpress\/plugins\/seo\/ -->\n<title>H\u00f4tel avec Restaurant Cesenatico Miomar Beach H\u00f4tel Cesenatico<\/title>\n<meta name=\"description\" content=\"Une cuisine romagnole attentive aux besoins de chacun, pour des vacances d\u00e9di\u00e9es \u00e0 la d\u00e9tente, au plaisir mais aussi avec beaucoup de go\u00fbt.\" \/>\n<meta name=\"robots\" content=\"index, follow, max-snippet:-1, max-image-preview:large, max-video-preview:-1\" \/>\n<link rel=\"canonical\" href=\"https:\/\/miomar.it\/de\/ristorante\" \/>\n<meta property=\"og:locale\" content=\"fr_FR\" \/>\n<meta property=\"og:type\" content=\"article\" \/>\n<meta property=\"og:title\" content=\"H\u00f4tel avec Restaurant Cesenatico Miomar Beach H\u00f4tel Cesenatico\" \/>\n<meta property=\"og:description\" content=\"Une cuisine romagnole attentive aux besoins de chacun, pour des vacances d\u00e9di\u00e9es \u00e0 la d\u00e9tente, au plaisir mais aussi avec beaucoup de go\u00fbt.\" \/>\n<meta property=\"og:url\" content=\"https:\/\/miomar.it\/de\/ristorante\" \/>\n<meta property=\"og:site_name\" content=\"miomar Beach Hotel\" \/>\n<meta property=\"article:modified_time\" content=\"2025-07-08T09:58:31+00:00\" \/>\n<meta property=\"og:image\" content=\"https:\/\/miomar.it\/wp-content\/uploads\/2025\/07\/colazioni-miomarbeach.jpg\" \/>\n<meta name=\"twitter:card\" content=\"summary_large_image\" \/>\n<meta name=\"twitter:label1\" content=\"Dur\u00e9e de lecture est.\" \/>\n\t<meta name=\"twitter:data1\" content=\"4 minutes\" \/>\n<script type=\"application\/ld+json\" class=\"yoast-schema-graph\">{\"@context\":\"https:\/\/schema.org\",\"@graph\":[{\"@type\":\"WebSite\",\"@id\":\"https:\/\/miomar.it\/#website\",\"url\":\"https:\/\/miomar.it\/\",\"name\":\"miomar Beach Hotel\",\"description\":\"Il tuo hotel al mare, a Cesenatico\",\"potentialAction\":[{\"@type\":\"SearchAction\",\"target\":{\"@type\":\"EntryPoint\",\"urlTemplate\":\"https:\/\/miomar.it\/?s={search_term_string}\"},\"query-input\":\"required name=search_term_string\"}],\"inLanguage\":\"fr-FR\"},{\"@type\":\"ImageObject\",\"@id\":\"https:\/\/miomar.it\/de\/ristorante#primaryimage\",\"inLanguage\":\"fr-FR\",\"url\":\"https:\/\/miomar.it\/wp-content\/uploads\/2025\/07\/colazioni-miomarbeach.jpg\",\"contentUrl\":\"https:\/\/miomar.it\/wp-content\/uploads\/2025\/07\/colazioni-miomarbeach.jpg\",\"width\":1274,\"height\":830},{\"@type\":\"WebPage\",\"@id\":\"https:\/\/miomar.it\/de\/ristorante#webpage\",\"url\":\"https:\/\/miomar.it\/de\/ristorante\",\"name\":\"H\\u00f4tel avec Restaurant Cesenatico Miomar Beach H\\u00f4tel Cesenatico\",\"isPartOf\":{\"@id\":\"https:\/\/miomar.it\/#website\"},\"primaryImageOfPage\":{\"@id\":\"https:\/\/miomar.it\/de\/ristorante#primaryimage\"},\"datePublished\":\"2021-08-31T09:32:21+00:00\",\"dateModified\":\"2025-07-08T09:58:31+00:00\",\"description\":\"Une cuisine romagnole attentive aux besoins de chacun, pour des vacances d\\u00e9di\\u00e9es \\u00e0 la d\\u00e9tente, au plaisir mais aussi avec beaucoup de go\\u00fbt.\",\"breadcrumb\":{\"@id\":\"https:\/\/miomar.it\/de\/ristorante#breadcrumb\"},\"inLanguage\":\"fr-FR\",\"potentialAction\":[{\"@type\":\"ReadAction\",\"target\":[\"https:\/\/miomar.it\/de\/ristorante\"]}]},{\"@type\":\"BreadcrumbList\",\"@id\":\"https:\/\/miomar.it\/de\/ristorante#breadcrumb\",\"itemListElement\":[{\"@type\":\"ListItem\",\"position\":1,\"name\":\"Home\",\"item\":\"https:\/\/miomar.it\/fr\"},{\"@type\":\"ListItem\",\"position\":2,\"name\":\"Ristorante\"}]}]}<\/script>\n<!-- \/ Yoast SEO plugin. -->","yoast_head_json":{"title":"H\u00f4tel avec Restaurant Cesenatico Miomar Beach H\u00f4tel Cesenatico","description":"Une cuisine romagnole attentive aux besoins de chacun, pour des vacances d\u00e9di\u00e9es \u00e0 la d\u00e9tente, au plaisir mais aussi avec beaucoup de go\u00fbt.","robots":{"index":"index","follow":"follow","max-snippet":"max-snippet:-1","max-image-preview":"max-image-preview:large","max-video-preview":"max-video-preview:-1"},"canonical":"https:\/\/miomar.it\/de\/ristorante","og_locale":"fr_FR","og_type":"article","og_title":"H\u00f4tel avec Restaurant Cesenatico Miomar Beach H\u00f4tel Cesenatico","og_description":"Une cuisine romagnole attentive aux besoins de chacun, pour des vacances d\u00e9di\u00e9es \u00e0 la d\u00e9tente, au plaisir mais aussi avec beaucoup de go\u00fbt.","og_url":"https:\/\/miomar.it\/de\/ristorante","og_site_name":"miomar Beach Hotel","article_modified_time":"2025-07-08T09:58:31+00:00","og_image":[{"url":"https:\/\/miomar.it\/wp-content\/uploads\/2025\/07\/colazioni-miomarbeach.jpg"}],"twitter_card":"summary_large_image","twitter_misc":{"Dur\u00e9e de lecture est.":"4 minutes"},"schema":{"@context":"https:\/\/schema.org","@graph":[{"@type":"WebSite","@id":"https:\/\/miomar.it\/#website","url":"https:\/\/miomar.it\/","name":"miomar Beach Hotel","description":"Il tuo hotel al mare, a Cesenatico","potentialAction":[{"@type":"SearchAction","target":{"@type":"EntryPoint","urlTemplate":"https:\/\/miomar.it\/?s={search_term_string}"},"query-input":"required name=search_term_string"}],"inLanguage":"fr-FR"},{"@type":"ImageObject","@id":"https:\/\/miomar.it\/de\/ristorante#primaryimage","inLanguage":"fr-FR","url":"https:\/\/miomar.it\/wp-content\/uploads\/2025\/07\/colazioni-miomarbeach.jpg","contentUrl":"https:\/\/miomar.it\/wp-content\/uploads\/2025\/07\/colazioni-miomarbeach.jpg","width":1274,"height":830},{"@type":"WebPage","@id":"https:\/\/miomar.it\/de\/ristorante#webpage","url":"https:\/\/miomar.it\/de\/ristorante","name":"H\u00f4tel avec Restaurant Cesenatico Miomar Beach H\u00f4tel Cesenatico","isPartOf":{"@id":"https:\/\/miomar.it\/#website"},"primaryImageOfPage":{"@id":"https:\/\/miomar.it\/de\/ristorante#primaryimage"},"datePublished":"2021-08-31T09:32:21+00:00","dateModified":"2025-07-08T09:58:31+00:00","description":"Une cuisine romagnole attentive aux besoins de chacun, pour des vacances d\u00e9di\u00e9es \u00e0 la d\u00e9tente, au plaisir mais aussi avec beaucoup de go\u00fbt.","breadcrumb":{"@id":"https:\/\/miomar.it\/de\/ristorante#breadcrumb"},"inLanguage":"fr-FR","potentialAction":[{"@type":"ReadAction","target":["https:\/\/miomar.it\/de\/ristorante"]}]},{"@type":"BreadcrumbList","@id":"https:\/\/miomar.it\/de\/ristorante#breadcrumb","itemListElement":[{"@type":"ListItem","position":1,"name":"Home","item":"https:\/\/miomar.it\/fr"},{"@type":"ListItem","position":2,"name":"Ristorante"}]}]}},"_links":{"self":[{"href":"https:\/\/miomar.it\/fr\/wp-json\/wp\/v2\/pages\/1892"}],"collection":[{"href":"https:\/\/miomar.it\/fr\/wp-json\/wp\/v2\/pages"}],"about":[{"href":"https:\/\/miomar.it\/fr\/wp-json\/wp\/v2\/types\/page"}],"author":[{"embeddable":true,"href":"https:\/\/miomar.it\/fr\/wp-json\/wp\/v2\/users\/1"}],"replies":[{"embeddable":true,"href":"https:\/\/miomar.it\/fr\/wp-json\/wp\/v2\/comments?post=1892"}],"version-history":[{"count":10,"href":"https:\/\/miomar.it\/fr\/wp-json\/wp\/v2\/pages\/1892\/revisions"}],"predecessor-version":[{"id":3365,"href":"https:\/\/miomar.it\/fr\/wp-json\/wp\/v2\/pages\/1892\/revisions\/3365"}],"wp:attachment":[{"href":"https:\/\/miomar.it\/fr\/wp-json\/wp\/v2\/media?parent=1892"}],"curies":[{"name":"wp","href":"https:\/\/api.w.org\/{rel}","templated":true}]}}