{"id":3646,"date":"2026-02-26T15:09:02","date_gmt":"2026-02-26T14:09:02","guid":{"rendered":"https:\/\/miomar.it\/cookie-policy"},"modified":"2026-02-26T15:14:00","modified_gmt":"2026-02-26T14:14:00","slug":"cookie-policy","status":"publish","type":"page","link":"https:\/\/miomar.it\/de\/cookie-policy","title":{"rendered":"Cookie policy"},"content":{"rendered":"\t\t<div data-elementor-type=\"wp-page\" data-elementor-id=\"3646\" class=\"elementor elementor-3646 elementor-3637\" data-elementor-settings=\"[]\">\n\t\t\t\t\t\t\t<div class=\"elementor-section-wrap\">\n\t\t\t\t\t\t\t<section class=\"elementor-section elementor-top-section elementor-element elementor-element-c044a5e elementor-section-boxed elementor-section-height-default elementor-section-height-default parallax_section_no qode_elementor_container_no\" data-id=\"c044a5e\" data-element_type=\"section\" data-settings=\"{&quot;background_background&quot;:&quot;classic&quot;}\">\n\t\t\t\t\t\t<div class=\"elementor-container elementor-column-gap-default\">\n\t\t\t\t\t<div class=\"elementor-column elementor-col-100 elementor-top-column elementor-element elementor-element-55d0c7a\" data-id=\"55d0c7a\" data-element_type=\"column\">\n\t\t\t<div class=\"elementor-widget-wrap elementor-element-populated\">\n\t\t\t\t\t\t\t\t<div class=\"elementor-element elementor-element-dd8bda6 elementor-widget elementor-widget-spacer\" data-id=\"dd8bda6\" data-element_type=\"widget\" data-widget_type=\"spacer.default\">\n\t\t\t\t<div class=\"elementor-widget-container\">\n\t\t\t\t\t<div class=\"elementor-spacer\">\n\t\t\t<div class=\"elementor-spacer-inner\"><\/div>\n\t\t<\/div>\n\t\t\t\t<\/div>\n\t\t\t\t<\/div>\n\t\t\t\t<div class=\"elementor-element elementor-element-c2045b7 elementor-widget elementor-widget-heading\" data-id=\"c2045b7\" data-element_type=\"widget\" data-widget_type=\"heading.default\">\n\t\t\t\t<div class=\"elementor-widget-container\">\n\t\t\t<h2 class=\"elementor-heading-title elementor-size-default\">Cookie policy<\/h2>\t\t<\/div>\n\t\t\t\t<\/div>\n\t\t\t\t<div class=\"elementor-element elementor-element-475e6c2 elementor-widget elementor-widget-text-editor\" data-id=\"475e6c2\" data-element_type=\"widget\" data-widget_type=\"text-editor.default\">\n\t\t\t\t<div class=\"elementor-widget-container\">\n\t\t\t\t\t\t\t\t<p>Diese Website verwendet Cookies. Wir verwenden Cookies, um Inhalte und Anzeigen zu personalisieren, Funktionen f\u00fcr soziale Medien bereitzustellen und unseren Datenverkehr zu analysieren. Wir geben auch Informationen dar\u00fcber, wie Sie unsere Website nutzen, an unsere Webanalyse-, Werbe- und Social-Media-Partner weiter, die diese m\u00f6glicherweise mit anderen Informationen kombinieren, die Sie ihnen zur Verf\u00fcgung gestellt haben oder die sie aus Ihrer Nutzung ihrer Dienste gesammelt haben.<\/p><p>Cookies sind kleine Textdateien, die von Websites verwendet werden k\u00f6nnen, um die Benutzererfahrung effizienter zu gestalten.<\/p><p>Das Gesetz besagt, dass wir Cookies auf Ihrem Ger\u00e4t speichern k\u00f6nnen, wenn sie f\u00fcr den Betrieb dieser Website unbedingt erforderlich sind. F\u00fcr alle anderen Arten von Cookies ben\u00f6tigen wir Ihre Zustimmung. Diese Website verwendet verschiedene Arten von Cookies. Einige Cookies werden von Drittanbietern platziert, die auf unseren Seiten erscheinen. Sie k\u00f6nnen Ihre Einwilligung jederzeit von der Cookie-Erkl\u00e4rung auf unserer Website \u00e4ndern oder widerrufen.<\/p><p><strong>Notwendig<\/strong><\/p><p>Notwendige Cookies tragen dazu bei, die Website nutzbar zu machen, indem sie Grundfunktionen wie Seitennavigation und Zugriff auf gesch\u00fctzte Bereiche der Website erm\u00f6glichen. Ohne diese Cookies kann die Website nicht ordnungsgem\u00e4\u00df funktionieren.<\/p><p>\t<div class=\"CookieDeclaration\" dir=\"ltr\" lang=\"de\">\n\t\t<div class=\"CookieDeclarationType\" dir=\"ltr\" lang=\"de\" style=\"overflow-x: auto;\">\n\t\t\t<script type=\"text\/javascript\" charset=\"UTF-8\"  data-cookiescriptreport=\"report\" src=\"\/\/report.cookie-script.com\/r\/e999779e248c575d35be34b27224de9f.js\"><\/script>\n\t\t<\/div>\n\t<\/div>\n\n\t<\/p>\t\t\t\t\t\t<\/div>\n\t\t\t\t<\/div>\n\t\t\t\t<div class=\"elementor-element elementor-element-b806cf8 elementor-widget elementor-widget-spacer\" data-id=\"b806cf8\" data-element_type=\"widget\" data-widget_type=\"spacer.default\">\n\t\t\t\t<div class=\"elementor-widget-container\">\n\t\t\t\t\t<div class=\"elementor-spacer\">\n\t\t\t<div class=\"elementor-spacer-inner\"><\/div>\n\t\t<\/div>\n\t\t\t\t<\/div>\n\t\t\t\t<\/div>\n\t\t\t\t\t<\/div>\n\t\t<\/div>\n\t\t\t\t\t\t\t<\/div>\n\t\t<\/section>\n\t\t\t\t\t\t<\/div>\n\t\t\t\t\t<\/div>\n\t\t","protected":false},"excerpt":{"rendered":"<p>Cookie policy Diese Website verwendet Cookies. Wir verwenden Cookies, um Inhalte und Anzeigen zu personalisieren, Funktionen f\u00fcr soziale Medien bereitzustellen und unseren Datenverkehr zu analysieren. Wir geben auch Informationen dar\u00fcber, wie Sie unsere Website nutzen, an unsere Webanalyse-, Werbe- und Social-Media-Partner weiter, die diese m\u00f6glicherweise&#8230;<\/p>\n","protected":false},"author":3,"featured_media":0,"parent":0,"menu_order":0,"comment_status":"closed","ping_status":"closed","template":"full_width.php","meta":{"footnotes":""},"yoast_head":"<!-- This site is optimized with the Yoast SEO plugin v17.1 - https:\/\/yoast.com\/wordpress\/plugins\/seo\/ -->\n<title>Richiesta informazioni ricevuta<\/title>\n<meta name=\"description\" content=\"Grazie di aver contattato Miomar Beach Hotel, riceverete presto una risposta alla vostra richiesta.\" \/>\n<meta name=\"robots\" content=\"index, follow, max-snippet:-1, max-image-preview:large, max-video-preview:-1\" \/>\n<link rel=\"canonical\" href=\"https:\/\/miomar.it\/de\/cookie-policy\" \/>\n<meta property=\"og:locale\" content=\"de_DE\" \/>\n<meta property=\"og:type\" content=\"article\" \/>\n<meta property=\"og:title\" content=\"Richiesta informazioni ricevuta\" \/>\n<meta property=\"og:description\" content=\"Grazie di aver contattato Miomar Beach Hotel, riceverete presto una risposta alla vostra richiesta.\" \/>\n<meta property=\"og:url\" content=\"https:\/\/miomar.it\/de\/cookie-policy\" \/>\n<meta property=\"og:site_name\" content=\"miomar Beach Hotel\" \/>\n<meta property=\"article:modified_time\" content=\"2026-02-26T14:14:00+00:00\" \/>\n<meta name=\"twitter:card\" content=\"summary_large_image\" \/>\n<meta name=\"twitter:label1\" content=\"Gesch\u00e4tzte Lesezeit\" \/>\n\t<meta name=\"twitter:data1\" content=\"1\u00a0Minute\" \/>\n<script type=\"application\/ld+json\" class=\"yoast-schema-graph\">{\"@context\":\"https:\/\/schema.org\",\"@graph\":[{\"@type\":\"WebSite\",\"@id\":\"https:\/\/miomar.it\/#website\",\"url\":\"https:\/\/miomar.it\/\",\"name\":\"miomar Beach Hotel\",\"description\":\"Il tuo hotel al mare, a Cesenatico\",\"potentialAction\":[{\"@type\":\"SearchAction\",\"target\":{\"@type\":\"EntryPoint\",\"urlTemplate\":\"https:\/\/miomar.it\/?s={search_term_string}\"},\"query-input\":\"required name=search_term_string\"}],\"inLanguage\":\"de\"},{\"@type\":\"WebPage\",\"@id\":\"https:\/\/miomar.it\/de\/cookie-policy#webpage\",\"url\":\"https:\/\/miomar.it\/de\/cookie-policy\",\"name\":\"Richiesta informazioni ricevuta\",\"isPartOf\":{\"@id\":\"https:\/\/miomar.it\/#website\"},\"datePublished\":\"2026-02-26T14:09:02+00:00\",\"dateModified\":\"2026-02-26T14:14:00+00:00\",\"description\":\"Grazie di aver contattato Miomar Beach Hotel, riceverete presto una risposta alla vostra richiesta.\",\"breadcrumb\":{\"@id\":\"https:\/\/miomar.it\/de\/cookie-policy#breadcrumb\"},\"inLanguage\":\"de\",\"potentialAction\":[{\"@type\":\"ReadAction\",\"target\":[\"https:\/\/miomar.it\/de\/cookie-policy\"]}]},{\"@type\":\"BreadcrumbList\",\"@id\":\"https:\/\/miomar.it\/de\/cookie-policy#breadcrumb\",\"itemListElement\":[{\"@type\":\"ListItem\",\"position\":1,\"name\":\"Home\",\"item\":\"https:\/\/miomar.it\/de\"},{\"@type\":\"ListItem\",\"position\":2,\"name\":\"Cookie policy\"}]}]}<\/script>\n<!-- \/ Yoast SEO plugin. -->","yoast_head_json":{"title":"Richiesta informazioni ricevuta","description":"Grazie di aver contattato Miomar Beach Hotel, riceverete presto una risposta alla vostra richiesta.","robots":{"index":"index","follow":"follow","max-snippet":"max-snippet:-1","max-image-preview":"max-image-preview:large","max-video-preview":"max-video-preview:-1"},"canonical":"https:\/\/miomar.it\/de\/cookie-policy","og_locale":"de_DE","og_type":"article","og_title":"Richiesta informazioni ricevuta","og_description":"Grazie di aver contattato Miomar Beach Hotel, riceverete presto una risposta alla vostra richiesta.","og_url":"https:\/\/miomar.it\/de\/cookie-policy","og_site_name":"miomar Beach Hotel","article_modified_time":"2026-02-26T14:14:00+00:00","twitter_card":"summary_large_image","twitter_misc":{"Gesch\u00e4tzte Lesezeit":"1\u00a0Minute"},"schema":{"@context":"https:\/\/schema.org","@graph":[{"@type":"WebSite","@id":"https:\/\/miomar.it\/#website","url":"https:\/\/miomar.it\/","name":"miomar Beach Hotel","description":"Il tuo hotel al mare, a Cesenatico","potentialAction":[{"@type":"SearchAction","target":{"@type":"EntryPoint","urlTemplate":"https:\/\/miomar.it\/?s={search_term_string}"},"query-input":"required name=search_term_string"}],"inLanguage":"de"},{"@type":"WebPage","@id":"https:\/\/miomar.it\/de\/cookie-policy#webpage","url":"https:\/\/miomar.it\/de\/cookie-policy","name":"Richiesta informazioni ricevuta","isPartOf":{"@id":"https:\/\/miomar.it\/#website"},"datePublished":"2026-02-26T14:09:02+00:00","dateModified":"2026-02-26T14:14:00+00:00","description":"Grazie di aver contattato Miomar Beach Hotel, riceverete presto una risposta alla vostra richiesta.","breadcrumb":{"@id":"https:\/\/miomar.it\/de\/cookie-policy#breadcrumb"},"inLanguage":"de","potentialAction":[{"@type":"ReadAction","target":["https:\/\/miomar.it\/de\/cookie-policy"]}]},{"@type":"BreadcrumbList","@id":"https:\/\/miomar.it\/de\/cookie-policy#breadcrumb","itemListElement":[{"@type":"ListItem","position":1,"name":"Home","item":"https:\/\/miomar.it\/de"},{"@type":"ListItem","position":2,"name":"Cookie policy"}]}]}},"_links":{"self":[{"href":"https:\/\/miomar.it\/de\/wp-json\/wp\/v2\/pages\/3646"}],"collection":[{"href":"https:\/\/miomar.it\/de\/wp-json\/wp\/v2\/pages"}],"about":[{"href":"https:\/\/miomar.it\/de\/wp-json\/wp\/v2\/types\/page"}],"author":[{"embeddable":true,"href":"https:\/\/miomar.it\/de\/wp-json\/wp\/v2\/users\/3"}],"replies":[{"embeddable":true,"href":"https:\/\/miomar.it\/de\/wp-json\/wp\/v2\/comments?post=3646"}],"version-history":[{"count":3,"href":"https:\/\/miomar.it\/de\/wp-json\/wp\/v2\/pages\/3646\/revisions"}],"predecessor-version":[{"id":3653,"href":"https:\/\/miomar.it\/de\/wp-json\/wp\/v2\/pages\/3646\/revisions\/3653"}],"wp:attachment":[{"href":"https:\/\/miomar.it\/de\/wp-json\/wp\/v2\/media?parent=3646"}],"curies":[{"name":"wp","href":"https:\/\/api.w.org\/{rel}","templated":true}]}}