{"id":1922,"date":"2021-09-02T10:36:59","date_gmt":"2021-09-02T08:36:59","guid":{"rendered":"https:\/\/miomar.it\/listino-prezzi"},"modified":"2025-01-30T08:41:17","modified_gmt":"2025-01-30T07:41:17","slug":"listino-prezzi","status":"publish","type":"page","link":"https:\/\/miomar.it\/de\/listino-prezzi","title":{"rendered":"Listino Prezzi"},"content":{"rendered":"\t\t<div data-elementor-type=\"wp-page\" data-elementor-id=\"1922\" class=\"elementor elementor-1922 elementor-629\" data-elementor-settings=\"[]\">\n\t\t\t\t\t\t\t<div class=\"elementor-section-wrap\">\n\t\t\t\t\t\t\t<section class=\"elementor-section elementor-top-section elementor-element elementor-element-963ce28 elementor-section-boxed elementor-section-height-default elementor-section-height-default parallax_section_no qode_elementor_container_no\" data-id=\"963ce28\" data-element_type=\"section\">\n\t\t\t\t\t\t<div class=\"elementor-container elementor-column-gap-no\">\n\t\t\t\t\t<div class=\"elementor-column elementor-col-100 elementor-top-column elementor-element elementor-element-ce939e1\" data-id=\"ce939e1\" data-element_type=\"column\">\n\t\t\t<div class=\"elementor-widget-wrap elementor-element-populated\">\n\t\t\t\t\t\t\t\t<div class=\"elementor-element elementor-element-86f009b elementor-widget elementor-widget-text-editor\" data-id=\"86f009b\" data-element_type=\"widget\" data-widget_type=\"text-editor.default\">\n\t\t\t\t<div class=\"elementor-widget-container\">\n\t\t\t\t\t\t\t\t<h6>studiere f\u00fcr dich<\/h6>\n\t\t\t\t\t\t<\/div>\n\t\t\t\t<\/div>\n\t\t\t\t<div class=\"elementor-element elementor-element-aedd8fc elementor-widget elementor-widget-text-editor\" data-id=\"aedd8fc\" data-element_type=\"widget\" data-widget_type=\"text-editor.default\">\n\t\t\t\t<div class=\"elementor-widget-container\">\n\t\t\t\t\t\t\t\t<h2>Sonderangebote<\/h2>\r\n\t\t\t\t\t\t<\/div>\n\t\t\t\t<\/div>\n\t\t\t\t\t<\/div>\n\t\t<\/div>\n\t\t\t\t\t\t\t<\/div>\n\t\t<\/section>\n\t\t\t\t<section class=\"elementor-section elementor-top-section elementor-element elementor-element-8a3bd2c elementor-section-boxed elementor-section-height-default elementor-section-height-default parallax_section_no qode_elementor_container_no\" data-id=\"8a3bd2c\" data-element_type=\"section\">\n\t\t\t\t\t\t<div class=\"elementor-container elementor-column-gap-no\">\n\t\t\t\t\t<div class=\"elementor-column elementor-col-100 elementor-top-column elementor-element elementor-element-7b2652e\" data-id=\"7b2652e\" data-element_type=\"column\">\n\t\t\t<div class=\"elementor-widget-wrap elementor-element-populated\">\n\t\t\t\t\t\t\t\t<div class=\"elementor-element elementor-element-1092f73 elementor-widget elementor-widget-qi_addons_for_elementor_blog_list\" data-id=\"1092f73\" data-element_type=\"widget\" data-widget_type=\"qi_addons_for_elementor_blog_list.default\">\n\t\t\t\t<div class=\"elementor-widget-container\">\n\t\t\t<div class=\"qodef-shortcode qodef-m  qodef-addons-blog-list qodef-info-no-icons  qodef-image--hover-zoom   qodef-qi-grid qodef-layout--qi-columns  qodef-col-num--3 qodef-item-layout--boxed qodef-responsive--predefined\">\n\t<div class=\"qodef-grid-inner qodef-qi-clear\">\n\t\t<article class=\"qodef-e qodef-blog-item qodef-grid-item qodef-item--custom post-3716 post type-post status-publish format-standard has-post-thumbnail hentry category-sonderangebote\">\n\t<div class=\"qodef-e-inner\">\n\t\t<div class=\"qodef-e-media-holder\">\n\t\t\t<div class=\"qodef-e-media\">\n\t\t<div class=\"qodef-e-media-image\">\n\t\t<a itemprop=\"url\" href=\"https:\/\/miomar.it\/de\/sonderangebote\/ende-juni-in-cesenatico.html\">\n\t\t\t<img loading=\"lazy\" decoding=\"async\" src=\"https:\/\/miomar.it\/wp-content\/uploads\/2026\/03\/offerta-fine-giugno-miomar-cesenatico-400x300.jpg\" alt=\"Offerta Fine Giugno Miomar di Cesenatico\" width=\"400\" height=\"300\" \/>\t\t<\/a>\n\t\t\t<\/div>\n<\/div>\n\t\t<\/div>\n\t\t<div class=\"qodef-e-content\">\n\t\t\t\t\t\t<div class=\"qodef-e-text\">\n\t\t\t\t<h5 itemprop=\"name\" class=\"qodef-e-title entry-title\">\n\t<a itemprop=\"url\" class=\"qodef-e-title-link\" href=\"https:\/\/miomar.it\/de\/sonderangebote\/ende-juni-in-cesenatico.html\">\n\t\tEnde-Juni-Angebot in Cesenatico\t<\/a>\n<\/h5>\n\t\t<p itemprop=\"description\" class=\"qodef-e-excerpt\">\n\t\t\tPROMO ENDE JUNI 2026 VERBRINGEN SIE EINE WOCHE AM MEER IN CESENATICO: NUTZEN SIE DAS ANGEBOT! Woche vom 20. bis 27. Juni im Superior-Dreibettzimmer f\u00fcr 1500 \u20ac (f\u00fcr 2 Erwachsene\t\t<\/p>\n\t\t\t\t<\/div>\n\t\t\t\t\t\t\t<div class=\"qodef-e-info qodef-info--bottom\">\n\t\t\t\t\t\t<div class=\"qodef-e-read-more\">\n\t\t<a class=\"qodef-shortcode qodef-m  qodef-qi-button qodef-html--link qodef-layout--filled qodef-type--standard   qodef-icon--right qodef-hover--icon-move-horizontal-short     \" href=\"https:\/\/miomar.it\/de\/sonderangebote\/ende-juni-in-cesenatico.html\" target=\"_self\">\t<span class=\"qodef-m-text\">SCOPRI DI PI\u00d9<\/span>\t\t<span class=\"qodef-m-icon \">\t\t<span class=\"qodef-m-icon-inner\">\t\t\t<i aria-hidden=\"true\" class=\"fas fa-long-arrow-alt-right\"><\/i>\t\t\t\t\t<\/span>\t<\/span><\/a>\t<\/div>\n\t\t\t\t<\/div>\n\t\t\t\t\t<\/div>\n\t<\/div>\n<\/article>\n<article class=\"qodef-e qodef-blog-item qodef-grid-item qodef-item--custom post-3703 post type-post status-publish format-standard has-post-thumbnail hentry category-sonderangebote\">\n\t<div class=\"qodef-e-inner\">\n\t\t<div class=\"qodef-e-media-holder\">\n\t\t\t<div class=\"qodef-e-media\">\n\t\t<div class=\"qodef-e-media-image\">\n\t\t<a itemprop=\"url\" href=\"https:\/\/miomar.it\/de\/sonderangebote\/juni-in-cesenatico.html\">\n\t\t\t<img loading=\"lazy\" decoding=\"async\" src=\"https:\/\/miomar.it\/wp-content\/uploads\/2026\/03\/offerta-giugno-cesenatico-400x300.jpg\" alt=\"Offerta Giugno a Cesenatico\" width=\"400\" height=\"300\" \/>\t\t<\/a>\n\t\t\t<\/div>\n<\/div>\n\t\t<\/div>\n\t\t<div class=\"qodef-e-content\">\n\t\t\t\t\t\t<div class=\"qodef-e-text\">\n\t\t\t\t<h5 itemprop=\"name\" class=\"qodef-e-title entry-title\">\n\t<a itemprop=\"url\" class=\"qodef-e-title-link\" href=\"https:\/\/miomar.it\/de\/sonderangebote\/juni-in-cesenatico.html\">\n\t\t4-N\u00e4chte-Angebot im Juni in Cesenatico\t<\/a>\n<\/h5>\n\t\t<p itemprop=\"description\" class=\"qodef-e-excerpt\">\n\t\t\tPROMO JUNI 2026 DER SOMMER BEGINNT IN CESENATICO: NUTZEN SIE DIE PROMO F\u00dcR ECONOMY-ZIMMER! 4 N\u00c4CHTE VOM 6. BIS 10. JUNI F\u00dcR 600\u20ac F\u00dcR 2 PERSONEN ALL INCLUSIVE (statt 659\u20ac!) \t\t<\/p>\n\t\t\t\t<\/div>\n\t\t\t\t\t\t\t<div class=\"qodef-e-info qodef-info--bottom\">\n\t\t\t\t\t\t<div class=\"qodef-e-read-more\">\n\t\t<a class=\"qodef-shortcode qodef-m  qodef-qi-button qodef-html--link qodef-layout--filled qodef-type--standard   qodef-icon--right qodef-hover--icon-move-horizontal-short     \" href=\"https:\/\/miomar.it\/de\/sonderangebote\/juni-in-cesenatico.html\" target=\"_self\">\t<span class=\"qodef-m-text\">SCOPRI DI PI\u00d9<\/span>\t\t<span class=\"qodef-m-icon \">\t\t<span class=\"qodef-m-icon-inner\">\t\t\t<i aria-hidden=\"true\" class=\"fas fa-long-arrow-alt-right\"><\/i>\t\t\t\t\t<\/span>\t<\/span><\/a>\t<\/div>\n\t\t\t\t<\/div>\n\t\t\t\t\t<\/div>\n\t<\/div>\n<\/article>\n\t<\/div>\n\t<\/div>\n\t\t<\/div>\n\t\t\t\t<\/div>\n\t\t\t\t\t<\/div>\n\t\t<\/div>\n\t\t\t\t\t\t\t<\/div>\n\t\t<\/section>\n\t\t\t\t<section class=\"elementor-section elementor-top-section elementor-element elementor-element-013f136 elementor-section-full_width elementor-section-stretched elementor-section-height-default elementor-section-height-default parallax_section_no qode_elementor_container_no\" data-id=\"013f136\" data-element_type=\"section\" data-settings=\"{&quot;background_background&quot;:&quot;classic&quot;,&quot;stretch_section&quot;:&quot;section-stretched&quot;}\">\n\t\t\t\t\t\t<div class=\"elementor-container elementor-column-gap-default\">\n\t\t\t\t\t<div class=\"elementor-column elementor-col-100 elementor-top-column elementor-element elementor-element-b8caf2e\" data-id=\"b8caf2e\" data-element_type=\"column\">\n\t\t\t<div class=\"elementor-widget-wrap elementor-element-populated\">\n\t\t\t\t\t\t\t\t<section class=\"elementor-section elementor-inner-section elementor-element elementor-element-74822f9 elementor-section-full_width elementor-section-height-default elementor-section-height-default parallax_section_no qode_elementor_container_no\" data-id=\"74822f9\" data-element_type=\"section\">\n\t\t\t\t\t\t<div class=\"elementor-container elementor-column-gap-default\">\n\t\t\t\t\t<div class=\"elementor-column elementor-col-50 elementor-inner-column elementor-element elementor-element-23ea2bd\" data-id=\"23ea2bd\" data-element_type=\"column\">\n\t\t\t<div class=\"elementor-widget-wrap elementor-element-populated\">\n\t\t\t\t\t\t\t\t<div class=\"elementor-element elementor-element-16eed68 elementor-widget elementor-widget-image\" data-id=\"16eed68\" data-element_type=\"widget\" data-widget_type=\"image.default\">\n\t\t\t\t<div class=\"elementor-widget-container\">\n\t\t\t\t\t\t\t\t\t\t\t\t\t\t\t<img loading=\"lazy\" decoding=\"async\" width=\"1274\" height=\"830\" src=\"https:\/\/miomar.it\/wp-content\/uploads\/2021\/09\/prezzi.jpg\" class=\"attachment-full size-full\" alt=\"\" srcset=\"https:\/\/miomar.it\/wp-content\/uploads\/2021\/09\/prezzi.jpg 1274w, https:\/\/miomar.it\/wp-content\/uploads\/2021\/09\/prezzi-300x195.jpg 300w, https:\/\/miomar.it\/wp-content\/uploads\/2021\/09\/prezzi-1024x667.jpg 1024w, https:\/\/miomar.it\/wp-content\/uploads\/2021\/09\/prezzi-768x500.jpg 768w, https:\/\/miomar.it\/wp-content\/uploads\/2021\/09\/prezzi-400x260.jpg 400w, https:\/\/miomar.it\/wp-content\/uploads\/2021\/09\/prezzi-700x456.jpg 700w\" sizes=\"(max-width: 1274px) 100vw, 1274px\" \/>\t\t\t\t\t\t\t\t\t\t\t\t\t\t\t<\/div>\n\t\t\t\t<\/div>\n\t\t\t\t\t<\/div>\n\t\t<\/div>\n\t\t\t\t<div class=\"elementor-column elementor-col-50 elementor-inner-column elementor-element elementor-element-30a2a20 boxfull-mobile\" data-id=\"30a2a20\" data-element_type=\"column\">\n\t\t\t<div class=\"elementor-widget-wrap elementor-element-populated\">\n\t\t\t\t\t\t\t\t<div class=\"elementor-element elementor-element-c9d6e7d side-content elementor-widget elementor-widget-text-editor\" data-id=\"c9d6e7d\" data-element_type=\"widget\" data-widget_type=\"text-editor.default\">\n\t\t\t\t<div class=\"elementor-widget-container\">\n\t\t\t\t\t\t\t\t<h2>Wir sind ein Dog Friendly Hotel<\/h2>\n<p><strong>Sie m\u00f6chten in den Urlaub fahren, ohne Ihren vierbeinigen Freund zu verlassen<\/strong>?<\/p>\n<p>Wir erwarten Sie im Hotel, wo Ihr Welpe willkommen ist und wo Ihr Aufenthalt etwas ganz Besonderes wird! Wir haben Vereinbarungen mit <strong>ausgestatteten Str\u00e4nden<\/strong>, an denen Sie willkommen sind &#8230; aber nur, wenn Ihr vierbeiniger Freund Sie begleitet! <strong>Hundelaufplatz<\/strong> in der N\u00e4he, <strong>Veterin\u00e4rdienst<\/strong> (auf Anfrage gegen Geb\u00fchr).<\/p>\n<p>Wir weisen darauf hin, dass Hunde im Gemeinschaftsbereich an der Leine gef\u00fchrt werden m\u00fcssen Bereiche und sie haben keinen Zugang zum Restaurantsaal. Die Kosten f\u00fcr den Aufenthalt f\u00fcr den Hund betragen 40,00 Euro.<\/p>\n<h2>All Inclusive<\/h2>\n<p>Beinhaltet Vollpension mit Getr\u00e4nken zu den Mahlzeiten und Strandservice mit einem Sonnenschirm und zwei Liegen pro Zimmer. <\/p>\n\t\t\t\t\t\t<\/div>\n\t\t\t\t<\/div>\n\t\t\t\t\t<\/div>\n\t\t<\/div>\n\t\t\t\t\t\t\t<\/div>\n\t\t<\/section>\n\t\t\t\t\t<\/div>\n\t\t<\/div>\n\t\t\t\t\t\t\t<\/div>\n\t\t<\/section>\n\t\t\t\t<section class=\"elementor-section elementor-top-section elementor-element elementor-element-d00979c elementor-section-boxed elementor-section-height-default elementor-section-height-default parallax_section_no qode_elementor_container_no\" data-id=\"d00979c\" data-element_type=\"section\">\n\t\t\t\t\t\t<div class=\"elementor-container elementor-column-gap-extended\">\n\t\t\t\t\t<div class=\"elementor-column elementor-col-50 elementor-top-column elementor-element elementor-element-f0bc0c4\" data-id=\"f0bc0c4\" data-element_type=\"column\" data-settings=\"{&quot;background_background&quot;:&quot;classic&quot;}\">\n\t\t\t<div class=\"elementor-widget-wrap elementor-element-populated\">\n\t\t\t\t\t\t\t\t<div class=\"elementor-element elementor-element-0f3ebe2 elementor-widget elementor-widget-text-editor\" data-id=\"0f3ebe2\" data-element_type=\"widget\" data-widget_type=\"text-editor.default\">\n\t\t\t\t<div class=\"elementor-widget-container\">\n\t\t\t\t\t\t\t\t<h3><span style=\"color: #ffffff;\">Kinderrabatte<\/span><\/h3>\n<div><span style=\"color: #ffffff; font-family: 'Source Sans Pro', ohne- serif;\">0-2 Jahre -80 %<\/span><\/div>\n<p><span style=\"color: #ffffff;\">2-12 Jahre -50 %<\/span><br \/>< span style=\"color: #ffffff;\">\u00dcber 12 Jahre -20%<\/span><br \/><span style=\"color: #ffffff;\">Familienplan bis 12 Jahre 2+2 = 3 Einheiten <\/span><\/p>\n\t\t\t\t\t\t<\/div>\n\t\t\t\t<\/div>\n\t\t\t\t\t<\/div>\n\t\t<\/div>\n\t\t\t\t<div class=\"elementor-column elementor-col-50 elementor-top-column elementor-element elementor-element-ef03099\" data-id=\"ef03099\" data-element_type=\"column\" data-settings=\"{&quot;background_background&quot;:&quot;classic&quot;}\">\n\t\t\t<div class=\"elementor-widget-wrap elementor-element-populated\">\n\t\t\t\t\t\t\t\t<div class=\"elementor-element elementor-element-2700083 elementor-widget elementor-widget-text-editor\" data-id=\"2700083\" data-element_type=\"widget\" data-widget_type=\"text-editor.default\">\n\t\t\t\t<div class=\"elementor-widget-container\">\n\t\t\t\t\t\t\t\t<h3><span style=\"color: #ffffff;\">Zuschl\u00e4ge<\/span><\/h3>\n<p><span style=\"color: #ffffff;\">Das Parken ist f\u00fcr alle Zimmerkategorien inbegriffen und befindet sich in der N\u00e4he 800 Meter von der Struktur entfernt, M\u00f6glichkeit zum Parken in der Struktur mit einem Aufpreis von 6,00 \u20ac pro Tag. <\/span><\/p>\n<p><span style=\"color: #ffffff;\">Haustierzuschlag \u20ac 40,00 pro Aufenthalt<\/span><\/p>\n\t\t\t\t\t\t<\/div>\n\t\t\t\t<\/div>\n\t\t\t\t\t<\/div>\n\t\t<\/div>\n\t\t\t\t\t\t\t<\/div>\n\t\t<\/section>\n\t\t\t\t\t\t<\/div>\n\t\t\t\t\t<\/div>\n\t\t","protected":false},"excerpt":{"rendered":"<p>studiere f\u00fcr dich Sonderangebote No posts were found for provided query parameters. Wir sind ein Dog Friendly Hotel Sie m\u00f6chten in den Urlaub fahren, ohne Ihren vierbeinigen Freund zu verlassen? Wir erwarten Sie im Hotel, wo Ihr Welpe willkommen ist und wo Ihr Aufenthalt etwas&#8230;<\/p>\n","protected":false},"author":1,"featured_media":0,"parent":0,"menu_order":0,"comment_status":"closed","ping_status":"closed","template":"","meta":{"footnotes":""},"yoast_head":"<!-- This site is optimized with the Yoast SEO plugin v17.1 - https:\/\/yoast.com\/wordpress\/plugins\/seo\/ -->\n<title>Prezzi e Offerte Hotel Cesenatico Miomar Beach Hotel Cesenatico<\/title>\n<meta name=\"description\" content=\"Listino prezzi e offerte Hotel Miomar Beach Cesenatico: pronti sempre a offrire il meglio con tanta convenienza.\" \/>\n<meta name=\"robots\" content=\"index, follow, max-snippet:-1, max-image-preview:large, max-video-preview:-1\" \/>\n<link rel=\"canonical\" href=\"https:\/\/miomar.it\/de\/listino-prezzi\" \/>\n<meta property=\"og:locale\" content=\"de_DE\" \/>\n<meta property=\"og:type\" content=\"article\" \/>\n<meta property=\"og:title\" content=\"Prezzi e Offerte Hotel Cesenatico Miomar Beach Hotel Cesenatico\" \/>\n<meta property=\"og:description\" content=\"Listino prezzi e offerte Hotel Miomar Beach Cesenatico: pronti sempre a offrire il meglio con tanta convenienza.\" \/>\n<meta property=\"og:url\" content=\"https:\/\/miomar.it\/de\/listino-prezzi\" \/>\n<meta property=\"og:site_name\" content=\"miomar Beach Hotel\" \/>\n<meta property=\"article:modified_time\" content=\"2025-01-30T07:41:17+00:00\" \/>\n<meta property=\"og:image\" content=\"https:\/\/miomar.it\/wp-content\/uploads\/2021\/09\/prezzi.jpg\" \/>\n<meta name=\"twitter:card\" content=\"summary_large_image\" \/>\n<meta name=\"twitter:label1\" content=\"Gesch\u00e4tzte Lesezeit\" \/>\n\t<meta name=\"twitter:data1\" content=\"2\u00a0Minuten\" \/>\n<script type=\"application\/ld+json\" class=\"yoast-schema-graph\">{\"@context\":\"https:\/\/schema.org\",\"@graph\":[{\"@type\":\"WebSite\",\"@id\":\"https:\/\/miomar.it\/#website\",\"url\":\"https:\/\/miomar.it\/\",\"name\":\"miomar Beach Hotel\",\"description\":\"Il tuo hotel al mare, a Cesenatico\",\"potentialAction\":[{\"@type\":\"SearchAction\",\"target\":{\"@type\":\"EntryPoint\",\"urlTemplate\":\"https:\/\/miomar.it\/?s={search_term_string}\"},\"query-input\":\"required name=search_term_string\"}],\"inLanguage\":\"de\"},{\"@type\":\"ImageObject\",\"@id\":\"https:\/\/miomar.it\/de\/listino-prezzi#primaryimage\",\"inLanguage\":\"de\",\"url\":\"https:\/\/miomar.it\/wp-content\/uploads\/2021\/09\/prezzi.jpg\",\"contentUrl\":\"https:\/\/miomar.it\/wp-content\/uploads\/2021\/09\/prezzi.jpg\",\"width\":1274,\"height\":830,\"caption\":\"entroterra Romagna\"},{\"@type\":\"WebPage\",\"@id\":\"https:\/\/miomar.it\/de\/listino-prezzi#webpage\",\"url\":\"https:\/\/miomar.it\/de\/listino-prezzi\",\"name\":\"Prezzi e Offerte Hotel Cesenatico Miomar Beach Hotel Cesenatico\",\"isPartOf\":{\"@id\":\"https:\/\/miomar.it\/#website\"},\"primaryImageOfPage\":{\"@id\":\"https:\/\/miomar.it\/de\/listino-prezzi#primaryimage\"},\"datePublished\":\"2021-09-02T08:36:59+00:00\",\"dateModified\":\"2025-01-30T07:41:17+00:00\",\"description\":\"Listino prezzi e offerte Hotel Miomar Beach Cesenatico: pronti sempre a offrire il meglio con tanta convenienza.\",\"breadcrumb\":{\"@id\":\"https:\/\/miomar.it\/de\/listino-prezzi#breadcrumb\"},\"inLanguage\":\"de\",\"potentialAction\":[{\"@type\":\"ReadAction\",\"target\":[\"https:\/\/miomar.it\/de\/listino-prezzi\"]}]},{\"@type\":\"BreadcrumbList\",\"@id\":\"https:\/\/miomar.it\/de\/listino-prezzi#breadcrumb\",\"itemListElement\":[{\"@type\":\"ListItem\",\"position\":1,\"name\":\"Home\",\"item\":\"https:\/\/miomar.it\/de\"},{\"@type\":\"ListItem\",\"position\":2,\"name\":\"Listino Prezzi\"}]}]}<\/script>\n<!-- \/ Yoast SEO plugin. -->","yoast_head_json":{"title":"Prezzi e Offerte Hotel Cesenatico Miomar Beach Hotel Cesenatico","description":"Listino prezzi e offerte Hotel Miomar Beach Cesenatico: pronti sempre a offrire il meglio con tanta convenienza.","robots":{"index":"index","follow":"follow","max-snippet":"max-snippet:-1","max-image-preview":"max-image-preview:large","max-video-preview":"max-video-preview:-1"},"canonical":"https:\/\/miomar.it\/de\/listino-prezzi","og_locale":"de_DE","og_type":"article","og_title":"Prezzi e Offerte Hotel Cesenatico Miomar Beach Hotel Cesenatico","og_description":"Listino prezzi e offerte Hotel Miomar Beach Cesenatico: pronti sempre a offrire il meglio con tanta convenienza.","og_url":"https:\/\/miomar.it\/de\/listino-prezzi","og_site_name":"miomar Beach Hotel","article_modified_time":"2025-01-30T07:41:17+00:00","og_image":[{"url":"https:\/\/miomar.it\/wp-content\/uploads\/2021\/09\/prezzi.jpg"}],"twitter_card":"summary_large_image","twitter_misc":{"Gesch\u00e4tzte Lesezeit":"2\u00a0Minuten"},"schema":{"@context":"https:\/\/schema.org","@graph":[{"@type":"WebSite","@id":"https:\/\/miomar.it\/#website","url":"https:\/\/miomar.it\/","name":"miomar Beach Hotel","description":"Il tuo hotel al mare, a Cesenatico","potentialAction":[{"@type":"SearchAction","target":{"@type":"EntryPoint","urlTemplate":"https:\/\/miomar.it\/?s={search_term_string}"},"query-input":"required name=search_term_string"}],"inLanguage":"de"},{"@type":"ImageObject","@id":"https:\/\/miomar.it\/de\/listino-prezzi#primaryimage","inLanguage":"de","url":"https:\/\/miomar.it\/wp-content\/uploads\/2021\/09\/prezzi.jpg","contentUrl":"https:\/\/miomar.it\/wp-content\/uploads\/2021\/09\/prezzi.jpg","width":1274,"height":830,"caption":"entroterra Romagna"},{"@type":"WebPage","@id":"https:\/\/miomar.it\/de\/listino-prezzi#webpage","url":"https:\/\/miomar.it\/de\/listino-prezzi","name":"Prezzi e Offerte Hotel Cesenatico Miomar Beach Hotel Cesenatico","isPartOf":{"@id":"https:\/\/miomar.it\/#website"},"primaryImageOfPage":{"@id":"https:\/\/miomar.it\/de\/listino-prezzi#primaryimage"},"datePublished":"2021-09-02T08:36:59+00:00","dateModified":"2025-01-30T07:41:17+00:00","description":"Listino prezzi e offerte Hotel Miomar Beach Cesenatico: pronti sempre a offrire il meglio con tanta convenienza.","breadcrumb":{"@id":"https:\/\/miomar.it\/de\/listino-prezzi#breadcrumb"},"inLanguage":"de","potentialAction":[{"@type":"ReadAction","target":["https:\/\/miomar.it\/de\/listino-prezzi"]}]},{"@type":"BreadcrumbList","@id":"https:\/\/miomar.it\/de\/listino-prezzi#breadcrumb","itemListElement":[{"@type":"ListItem","position":1,"name":"Home","item":"https:\/\/miomar.it\/de"},{"@type":"ListItem","position":2,"name":"Listino Prezzi"}]}]}},"_links":{"self":[{"href":"https:\/\/miomar.it\/de\/wp-json\/wp\/v2\/pages\/1922"}],"collection":[{"href":"https:\/\/miomar.it\/de\/wp-json\/wp\/v2\/pages"}],"about":[{"href":"https:\/\/miomar.it\/de\/wp-json\/wp\/v2\/types\/page"}],"author":[{"embeddable":true,"href":"https:\/\/miomar.it\/de\/wp-json\/wp\/v2\/users\/1"}],"replies":[{"embeddable":true,"href":"https:\/\/miomar.it\/de\/wp-json\/wp\/v2\/comments?post=1922"}],"version-history":[{"count":5,"href":"https:\/\/miomar.it\/de\/wp-json\/wp\/v2\/pages\/1922\/revisions"}],"predecessor-version":[{"id":3192,"href":"https:\/\/miomar.it\/de\/wp-json\/wp\/v2\/pages\/1922\/revisions\/3192"}],"wp:attachment":[{"href":"https:\/\/miomar.it\/de\/wp-json\/wp\/v2\/media?parent=1922"}],"curies":[{"name":"wp","href":"https:\/\/api.w.org\/{rel}","templated":true}]}}