{"id":1918,"date":"2021-09-02T10:08:15","date_gmt":"2021-09-02T08:08:15","guid":{"rendered":"https:\/\/miomar.it\/riviera-romagnola"},"modified":"2025-01-30T08:36:30","modified_gmt":"2025-01-30T07:36:30","slug":"riviera-romagnola","status":"publish","type":"page","link":"https:\/\/miomar.it\/de\/riviera-romagnola","title":{"rendered":"Riviera romagnola"},"content":{"rendered":"\t\t<div data-elementor-type=\"wp-page\" data-elementor-id=\"1918\" class=\"elementor elementor-1918 elementor-597\" data-elementor-settings=\"[]\">\n\t\t\t\t\t\t\t<div class=\"elementor-section-wrap\">\n\t\t\t\t\t\t\t<section class=\"elementor-section elementor-top-section elementor-element elementor-element-7bbfd601 elementor-section-full_width elementor-section-height-default elementor-section-height-default parallax_section_no qode_elementor_container_no\" data-id=\"7bbfd601\" data-element_type=\"section\">\n\t\t\t\t\t\t\t<div class=\"elementor-background-overlay\"><\/div>\n\t\t\t\t\t\t\t<div class=\"elementor-container elementor-column-gap-default\">\n\t\t\t\t\t<div class=\"elementor-column elementor-col-50 elementor-top-column elementor-element elementor-element-586b9eb8 boxfull-mobile\" data-id=\"586b9eb8\" data-element_type=\"column\">\n\t\t\t<div class=\"elementor-widget-wrap elementor-element-populated\">\n\t\t\t\t\t\t\t\t<div class=\"elementor-element elementor-element-318f92df elementor-widget elementor-widget-text-editor\" data-id=\"318f92df\" data-element_type=\"widget\" data-widget_type=\"text-editor.default\">\n\t\t\t\t<div class=\"elementor-widget-container\">\n\t\t\t\t\t\t\t\t<h6>DER STRAND<\/h6>\n\t\t\t\t\t\t<\/div>\n\t\t\t\t<\/div>\n\t\t\t\t<div class=\"elementor-element elementor-element-70cd3379 elementor-widget elementor-widget-text-editor\" data-id=\"70cd3379\" data-element_type=\"widget\" data-widget_type=\"text-editor.default\">\n\t\t\t\t<div class=\"elementor-widget-container\">\n\t\t\t\t\t\t\t\t<h2>Am Meer mit der Familie&#8230;\r\nund mehr<\/h2>\t\t\t\t\t\t<\/div>\n\t\t\t\t<\/div>\n\t\t\t\t<div class=\"elementor-element elementor-element-38c93f06 elementor-widget elementor-widget-text-editor\" data-id=\"38c93f06\" data-element_type=\"widget\" data-widget_type=\"text-editor.default\">\n\t\t\t\t<div class=\"elementor-widget-container\">\n\t\t\t\t\t\t\t\t<p>Unser Strand ist perfekt f\u00fcr Familien: seichtes Wasser, sehr feiner Sand und viel Platz zwischen den Sonnenschirmen!\r\nJede Strandeinheit verf\u00fcgt \u00fcber einen Spielbereich f\u00fcr Kinder und viele Bet\u00e4tigungsm\u00f6glichkeiten im Freien.\r\n<\/p>\r\n<p>Die gesamte K\u00fcste wird von unseren Rettungsschwimmern \u00fcberwacht und es besteht die M\u00f6glichkeit einen Junior-Rettungskurs, ein einzigartiges Erlebnis f\u00fcr Ihre Kinder, zu machen.<\/p>\t\t\t\t\t\t<\/div>\n\t\t\t\t<\/div>\n\t\t\t\t\t<\/div>\n\t\t<\/div>\n\t\t\t\t<div class=\"elementor-column elementor-col-50 elementor-top-column elementor-element elementor-element-26eefb9d\" data-id=\"26eefb9d\" data-element_type=\"column\">\n\t\t\t<div class=\"elementor-widget-wrap elementor-element-populated\">\n\t\t\t\t\t\t\t\t<section class=\"elementor-section elementor-inner-section elementor-element elementor-element-5e1c86db elementor-section-full_width elementor-section-height-default elementor-section-height-default parallax_section_no qode_elementor_container_no\" data-id=\"5e1c86db\" data-element_type=\"section\">\n\t\t\t\t\t\t<div class=\"elementor-container elementor-column-gap-default\">\n\t\t\t\t\t<div class=\"elementor-column elementor-col-100 elementor-inner-column elementor-element elementor-element-467f5968\" data-id=\"467f5968\" data-element_type=\"column\">\n\t\t\t<div class=\"elementor-widget-wrap\">\n\t\t\t\t\t\t\t\t\t<\/div>\n\t\t<\/div>\n\t\t\t\t\t\t\t<\/div>\n\t\t<\/section>\n\t\t\t\t<div class=\"elementor-element elementor-element-60d62278 img-aside  elementor-widget elementor-widget-image\" data-id=\"60d62278\" data-element_type=\"widget\" data-widget_type=\"image.default\">\n\t\t\t\t<div class=\"elementor-widget-container\">\n\t\t\t\t\t\t\t\t\t\t\t\t\t\t\t<img loading=\"lazy\" decoding=\"async\" width=\"839\" height=\"826\" src=\"https:\/\/miomar.it\/wp-content\/uploads\/2021\/09\/spiaggia01.jpg\" class=\"attachment-full size-full\" alt=\"\" srcset=\"https:\/\/miomar.it\/wp-content\/uploads\/2021\/09\/spiaggia01.jpg 839w, https:\/\/miomar.it\/wp-content\/uploads\/2021\/09\/spiaggia01-300x295.jpg 300w, https:\/\/miomar.it\/wp-content\/uploads\/2021\/09\/spiaggia01-768x756.jpg 768w, https:\/\/miomar.it\/wp-content\/uploads\/2021\/09\/spiaggia01-700x689.jpg 700w\" sizes=\"(max-width: 839px) 100vw, 839px\" \/>\t\t\t\t\t\t\t\t\t\t\t\t\t\t\t<\/div>\n\t\t\t\t<\/div>\n\t\t\t\t\t<\/div>\n\t\t<\/div>\n\t\t\t\t\t\t\t<\/div>\n\t\t<\/section>\n\t\t\t\t<section class=\"elementor-section elementor-top-section elementor-element elementor-element-2ecf5f6 elementor-section-full_width elementor-section-height-default elementor-section-height-default parallax_section_no qode_elementor_container_no\" data-id=\"2ecf5f6\" data-element_type=\"section\">\n\t\t\t\t\t\t<div class=\"elementor-container elementor-column-gap-no\">\n\t\t\t\t\t<div class=\"elementor-column elementor-col-100 elementor-top-column elementor-element elementor-element-2aca7ea\" data-id=\"2aca7ea\" data-element_type=\"column\">\n\t\t\t<div class=\"elementor-widget-wrap elementor-element-populated\">\n\t\t\t\t\t\t\t\t<div class=\"elementor-element elementor-element-9e2a853 elementor-widget elementor-widget-text-editor\" data-id=\"9e2a853\" data-element_type=\"widget\" data-widget_type=\"text-editor.default\">\n\t\t\t\t<div class=\"elementor-widget-container\">\n\t\t\t\t\t\t\t\t<h6>AM STRAND<\/h6>\n\t\t\t\t\t\t<\/div>\n\t\t\t\t<\/div>\n\t\t\t\t<div class=\"elementor-element elementor-element-071ab96 elementor-widget elementor-widget-text-editor\" data-id=\"071ab96\" data-element_type=\"widget\" data-widget_type=\"text-editor.default\">\n\t\t\t\t<div class=\"elementor-widget-container\">\n\t\t\t\t\t\t\t\t<h2>Viele Aktivit\u00e4ten\r\nf\u00fcr Jung und Alt<\/h2>\t\t\t\t\t\t<\/div>\n\t\t\t\t<\/div>\n\t\t\t\t<div class=\"elementor-element elementor-element-08ceab2 elementor-widget elementor-widget-text-editor\" data-id=\"08ceab2\" data-element_type=\"widget\" data-widget_type=\"text-editor.default\">\n\t\t\t\t<div class=\"elementor-widget-container\">\n\t\t\t\t\t\t\t\t<p>Dem miomar Beach Hotel sind drei Str\u00e4nde angeschlossen: \u2022 Bagno Berlati 31 \u2022 Bagno Bologna 32 \u2022 Bagno Alberto Davide 34\/35<\/p>\n<p>Ein besonderes Augenmerk gilt Bagno Corallo 45, dem Strand, an dem Sie Ihre vierbeinigen Freunde mitbringen k\u00f6nnen!<\/p>\t\t\t\t\t\t<\/div>\n\t\t\t\t<\/div>\n\t\t\t\t\t<\/div>\n\t\t<\/div>\n\t\t\t\t\t\t\t<\/div>\n\t\t<\/section>\n\t\t\t\t<section class=\"elementor-section elementor-top-section elementor-element elementor-element-c044a5e elementor-section-full_width ristorante-box elementor-section-height-default elementor-section-height-default parallax_section_no qode_elementor_container_no\" data-id=\"c044a5e\" data-element_type=\"section\" data-settings=\"{&quot;background_background&quot;:&quot;classic&quot;}\">\n\t\t\t\t\t\t<div class=\"elementor-container elementor-column-gap-default\">\n\t\t\t\t\t<div class=\"elementor-column elementor-col-100 elementor-top-column elementor-element elementor-element-55d0c7a\" data-id=\"55d0c7a\" data-element_type=\"column\">\n\t\t\t<div class=\"elementor-widget-wrap elementor-element-populated\">\n\t\t\t\t\t\t\t\t<section class=\"elementor-section elementor-inner-section elementor-element elementor-element-cba4a6b elementor-section-full_width elementor-section-height-default elementor-section-height-default parallax_section_no qode_elementor_container_no\" data-id=\"cba4a6b\" data-element_type=\"section\">\n\t\t\t\t\t\t<div class=\"elementor-container elementor-column-gap-default\">\n\t\t\t\t\t<div class=\"elementor-column elementor-col-50 elementor-inner-column elementor-element elementor-element-6b520de\" data-id=\"6b520de\" data-element_type=\"column\">\n\t\t\t<div class=\"elementor-widget-wrap elementor-element-populated\">\n\t\t\t\t\t\t\t\t<div class=\"elementor-element elementor-element-828f1a0 elementor-widget elementor-widget-image\" data-id=\"828f1a0\" data-element_type=\"widget\" data-widget_type=\"image.default\">\n\t\t\t\t<div class=\"elementor-widget-container\">\n\t\t\t\t\t\t\t\t\t\t\t\t\t\t\t<img loading=\"lazy\" decoding=\"async\" width=\"780\" height=\"978\" src=\"https:\/\/miomar.it\/wp-content\/uploads\/2022\/06\/amarebeach-spiaggia.jpg\" class=\"attachment-full size-full\" alt=\"\" srcset=\"https:\/\/miomar.it\/wp-content\/uploads\/2022\/06\/amarebeach-spiaggia.jpg 780w, https:\/\/miomar.it\/wp-content\/uploads\/2022\/06\/amarebeach-spiaggia-239x300.jpg 239w, https:\/\/miomar.it\/wp-content\/uploads\/2022\/06\/amarebeach-spiaggia-768x963.jpg 768w, https:\/\/miomar.it\/wp-content\/uploads\/2022\/06\/amarebeach-spiaggia-700x878.jpg 700w\" sizes=\"(max-width: 780px) 100vw, 780px\" \/>\t\t\t\t\t\t\t\t\t\t\t\t\t\t\t<\/div>\n\t\t\t\t<\/div>\n\t\t\t\t\t<\/div>\n\t\t<\/div>\n\t\t\t\t<div class=\"elementor-column elementor-col-50 elementor-inner-column elementor-element elementor-element-fb531ab boxfull-mobile\" data-id=\"fb531ab\" data-element_type=\"column\">\n\t\t\t<div class=\"elementor-widget-wrap elementor-element-populated\">\n\t\t\t\t\t\t\t\t<div class=\"elementor-element elementor-element-84c948c elementor-widget elementor-widget-text-editor\" data-id=\"84c948c\" data-element_type=\"widget\" data-widget_type=\"text-editor.default\">\n\t\t\t\t<div class=\"elementor-widget-container\">\n\t\t\t\t\t\t\t\t<p>Am Vormittag gibt es Kurse im Wasser, um die Schwimmtechnik zu verbessern oder zu perfektionieren. Am sp\u00e4ten Nachmittag findet eine Theoriestunde zum Thema \u201eSicherheit im Meer\u201c statt: wann und wann man besser nicht ins Wasser geht, die Seemannsknoten, die Windrose, die Gefahren im Wasser, die Bedeutung der Flagge &#8222;Bandiera Rossa&#8220;, bis hin zu Lektionen in Reanimation und Verhaltensma\u00dfnahmen bei echten Notf\u00e4llen, welche an Dummies ge\u00fcbt werden k\u00f6nnen.<br \/>Dies soll als Grundlage dienen von klein auf die Solidarit\u00e4t gegen\u00fcber den Mitmenschen zu st\u00e4rken und den Erwachsenen die Notwendigkeit bewusst zu machen anderen in gef\u00e4hrlichen Situationen zu helfen.<\/p>\n<p>Bei Bagno 31 haben Sie direkten Zugang zur Anlegestelle eines Ausflugschiffes.<br \/>\nZudem k\u00f6nnen Sie das wunderbare Unterhaltungsprogramm des Gatteo mare Summer Village genie\u00dfen: Muskelaktivierung, Gruppent\u00e4nze, Turniere, Boccia und jede Menge Spa\u00df! \ud83d\ude42<\/p>\n\t\t\t\t\t\t<\/div>\n\t\t\t\t<\/div>\n\t\t\t\t<div class=\"elementor-element elementor-element-2becff5 img-accanto elementor-widget elementor-widget-image\" data-id=\"2becff5\" data-element_type=\"widget\" data-widget_type=\"image.default\">\n\t\t\t\t<div class=\"elementor-widget-container\">\n\t\t\t\t\t\t\t\t\t\t\t\t\t\t\t<img loading=\"lazy\" decoding=\"async\" width=\"279\" height=\"300\" src=\"https:\/\/miomar.it\/wp-content\/uploads\/2021\/09\/spiaggia03-279x300.jpg\" class=\"attachment-medium size-medium\" alt=\"\" srcset=\"https:\/\/miomar.it\/wp-content\/uploads\/2021\/09\/spiaggia03-279x300.jpg 279w, https:\/\/miomar.it\/wp-content\/uploads\/2021\/09\/spiaggia03.jpg 419w\" sizes=\"(max-width: 279px) 100vw, 279px\" \/>\t\t\t\t\t\t\t\t\t\t\t\t\t\t\t<\/div>\n\t\t\t\t<\/div>\n\t\t\t\t<div class=\"elementor-element elementor-element-3348a30 img-accanto elementor-widget elementor-widget-image\" data-id=\"3348a30\" data-element_type=\"widget\" data-widget_type=\"image.default\">\n\t\t\t\t<div class=\"elementor-widget-container\">\n\t\t\t\t\t\t\t\t\t\t\t\t\t\t\t<img loading=\"lazy\" decoding=\"async\" width=\"279\" height=\"300\" src=\"https:\/\/miomar.it\/wp-content\/uploads\/2021\/09\/spiaggia04-279x300.jpg\" class=\"attachment-medium size-medium\" alt=\"\" srcset=\"https:\/\/miomar.it\/wp-content\/uploads\/2021\/09\/spiaggia04-279x300.jpg 279w, https:\/\/miomar.it\/wp-content\/uploads\/2021\/09\/spiaggia04.jpg 419w\" sizes=\"(max-width: 279px) 100vw, 279px\" \/>\t\t\t\t\t\t\t\t\t\t\t\t\t\t\t<\/div>\n\t\t\t\t<\/div>\n\t\t\t\t\t<\/div>\n\t\t<\/div>\n\t\t\t\t\t\t\t<\/div>\n\t\t<\/section>\n\t\t\t\t\t<\/div>\n\t\t<\/div>\n\t\t\t\t\t\t\t<\/div>\n\t\t<\/section>\n\t\t\t\t<section class=\"elementor-section elementor-top-section elementor-element elementor-element-342af45a elementor-section-full_width elementor-section-height-default elementor-section-height-default parallax_section_no qode_elementor_container_no\" data-id=\"342af45a\" data-element_type=\"section\" data-settings=\"{&quot;background_background&quot;:&quot;classic&quot;}\">\n\t\t\t\t\t\t<div class=\"elementor-container elementor-column-gap-no\">\n\t\t\t\t\t<div class=\"elementor-column elementor-col-100 elementor-top-column elementor-element elementor-element-26564691\" data-id=\"26564691\" data-element_type=\"column\">\n\t\t\t<div class=\"elementor-widget-wrap elementor-element-populated\">\n\t\t\t\t\t\t\t\t<div class=\"elementor-element elementor-element-8c139e3 elementor-widget elementor-widget-text-editor\" data-id=\"8c139e3\" data-element_type=\"widget\" data-widget_type=\"text-editor.default\">\n\t\t\t\t<div class=\"elementor-widget-container\">\n\t\t\t\t\t\t\t\t<h6>AM STRAND<\/h6>\n\t\t\t\t\t\t<\/div>\n\t\t\t\t<\/div>\n\t\t\t\t<div class=\"elementor-element elementor-element-421e8083 elementor-widget elementor-widget-text-editor\" data-id=\"421e8083\" data-element_type=\"widget\" data-widget_type=\"text-editor.default\">\n\t\t\t\t<div class=\"elementor-widget-container\">\n\t\t\t\t\t\t\t\t<h2>Die Romagna, die Sie erwartet und \u00fcberrascht<\/h2>\t\t\t\t\t\t<\/div>\n\t\t\t\t<\/div>\n\t\t\t\t<div class=\"elementor-element elementor-element-76b26a01 elementor-widget elementor-widget-text-editor\" data-id=\"76b26a01\" data-element_type=\"widget\" data-widget_type=\"text-editor.default\">\n\t\t\t\t<div class=\"elementor-widget-container\">\n\t\t\t\t\t\t\t\t<p>Wenn Sie es lieben, sich in der Sonne zu entspannen und das Rauschen des Meeres zu genie\u00dfen, aber auch das Hinterland kennenlernen m\u00f6chten, finden Sie nur wenige Kilometer von der K\u00fcste entfernt ein Land voller Geschichte, Magie, Festungen und kostbarer Orte.<br \/>\nLassen Sie sich von der ergreifenden und leidenschaftlichen Liebesgeschichte von Paolo und Francesca erobern, die sogar von Dante im suggestiven Schloss von Gradara erz\u00e4hlt wurde.<br \/>\nLassen Sie sich die Geschichte von Azzurrina erz\u00e4hlen, dem M\u00e4dchen, das in der Nacht der Sommersonnenwende in der Burg von Torriana verschwand und die alle f\u00fcnf Jahre am Jahrestag dieser Nacht &#8222;ihre Stimme wieder erklingen l\u00e4sst&#8220;.<br \/>\n&#8230; zum Abschluss der Besuch der Republik San Marino.<\/p>\n\t\t\t\t\t\t<\/div>\n\t\t\t\t<\/div>\n\t\t\t\t\t<\/div>\n\t\t<\/div>\n\t\t\t\t\t\t\t<\/div>\n\t\t<\/section>\n\t\t\t\t<section class=\"elementor-section elementor-top-section elementor-element elementor-element-013f136 elementor-section-full_width elementor-section-height-default elementor-section-height-default parallax_section_no qode_elementor_container_no\" data-id=\"013f136\" data-element_type=\"section\" data-settings=\"{&quot;background_background&quot;:&quot;classic&quot;}\">\n\t\t\t\t\t\t<div class=\"elementor-container elementor-column-gap-default\">\n\t\t\t\t\t<div class=\"elementor-column elementor-col-100 elementor-top-column elementor-element elementor-element-b8caf2e\" data-id=\"b8caf2e\" data-element_type=\"column\">\n\t\t\t<div class=\"elementor-widget-wrap elementor-element-populated\">\n\t\t\t\t\t\t\t\t<section class=\"elementor-section elementor-inner-section elementor-element elementor-element-74822f9 elementor-section-full_width elementor-section-height-default elementor-section-height-default parallax_section_no qode_elementor_container_no\" data-id=\"74822f9\" data-element_type=\"section\">\n\t\t\t\t\t\t<div class=\"elementor-container elementor-column-gap-default\">\n\t\t\t\t\t<div class=\"elementor-column elementor-col-50 elementor-inner-column elementor-element elementor-element-23ea2bd\" data-id=\"23ea2bd\" data-element_type=\"column\">\n\t\t\t<div class=\"elementor-widget-wrap elementor-element-populated\">\n\t\t\t\t\t\t\t\t<div class=\"elementor-element elementor-element-16eed68 elementor-widget elementor-widget-image\" data-id=\"16eed68\" data-element_type=\"widget\" data-widget_type=\"image.default\">\n\t\t\t\t<div class=\"elementor-widget-container\">\n\t\t\t\t\t\t\t\t\t\t\t\t\t\t\t<img loading=\"lazy\" decoding=\"async\" width=\"1274\" height=\"830\" src=\"https:\/\/miomar.it\/wp-content\/uploads\/2021\/09\/entroterra.jpg\" class=\"attachment-full size-full\" alt=\"\" srcset=\"https:\/\/miomar.it\/wp-content\/uploads\/2021\/09\/entroterra.jpg 1274w, https:\/\/miomar.it\/wp-content\/uploads\/2021\/09\/entroterra-300x195.jpg 300w, https:\/\/miomar.it\/wp-content\/uploads\/2021\/09\/entroterra-1024x667.jpg 1024w, https:\/\/miomar.it\/wp-content\/uploads\/2021\/09\/entroterra-768x500.jpg 768w, https:\/\/miomar.it\/wp-content\/uploads\/2021\/09\/entroterra-400x260.jpg 400w, https:\/\/miomar.it\/wp-content\/uploads\/2021\/09\/entroterra-700x456.jpg 700w\" sizes=\"(max-width: 1274px) 100vw, 1274px\" \/>\t\t\t\t\t\t\t\t\t\t\t\t\t\t\t<\/div>\n\t\t\t\t<\/div>\n\t\t\t\t\t<\/div>\n\t\t<\/div>\n\t\t\t\t<div class=\"elementor-column elementor-col-50 elementor-inner-column elementor-element elementor-element-30a2a20 boxfull-mobile\" data-id=\"30a2a20\" data-element_type=\"column\">\n\t\t\t<div class=\"elementor-widget-wrap elementor-element-populated\">\n\t\t\t\t\t\t\t\t<div class=\"elementor-element elementor-element-c9d6e7d side-content elementor-widget elementor-widget-text-editor\" data-id=\"c9d6e7d\" data-element_type=\"widget\" data-widget_type=\"text-editor.default\">\n\t\t\t\t<div class=\"elementor-widget-container\">\n\t\t\t\t\t\t\t\t<h2>Die Landschaften, die faszinieren<\/h2>\n<p>Auf diesen H\u00fcgeln werden Sie viele Radfahrer und Zweirad-Enthusiasten antreffen, die mit demselben Mut und gro\u00dfer Leidenschaft f\u00fcr diesen aufregenden Sport die Stra\u00dfen der gro\u00dfen Champions nach einmal entlangfahren.<br \/>\nDie h\u00fcgeligen Landschaften sind wundersch\u00f6n und laden zu ein paar Pausen ein, um die Olivenhaine und Weinberge kennenzulernen, die Weine und den K\u00e4se zu verkosten, und dann wieder hinunter in atemberaubende Panoramaabfahrten mit Blick auf das Meer &#8230; in Kurz gesagt, um die Romagna wirklich zu genie\u00dfen, muss man sie LEBEN! zu verkosten und den K\u00e4se zu genie\u00dfen, und dann hinunter in atemberaubenden Panoramaabfahrten mit Blick auf das Meer &#8230; kurz gesagt: um die Romagna wirklich zu genie\u00dfen, muss man sie LEBEN!<\/p>\n\t\t\t\t\t\t<\/div>\n\t\t\t\t<\/div>\n\t\t\t\t\t<\/div>\n\t\t<\/div>\n\t\t\t\t\t\t\t<\/div>\n\t\t<\/section>\n\t\t\t\t\t<\/div>\n\t\t<\/div>\n\t\t\t\t\t\t\t<\/div>\n\t\t<\/section>\n\t\t\t\t\t\t<\/div>\n\t\t\t\t\t<\/div>\n\t\t","protected":false},"excerpt":{"rendered":"<p>DER STRAND Am Meer mit der Familie&#8230; und mehr Unser Strand ist perfekt f\u00fcr Familien: seichtes Wasser, sehr feiner Sand und viel Platz zwischen den Sonnenschirmen! Jede Strandeinheit verf\u00fcgt \u00fcber einen Spielbereich f\u00fcr Kinder und viele Bet\u00e4tigungsm\u00f6glichkeiten im Freien. Die gesamte K\u00fcste wird von unseren&#8230;<\/p>\n","protected":false},"author":1,"featured_media":0,"parent":0,"menu_order":0,"comment_status":"closed","ping_status":"closed","template":"full_width.php","meta":{"footnotes":""},"yoast_head":"<!-- This site is optimized with the Yoast SEO plugin v17.1 - https:\/\/yoast.com\/wordpress\/plugins\/seo\/ -->\n<title>Riviera di Romagna ed Entroterra | miomar Beach Hotel Cesenatico<\/title>\n<meta name=\"description\" content=\"Hotel sul mare della Riviera Romagnola, nella bella cittadina di Cesenatico, a pochi passi dal divertimento e dalle escursioni nell&#039;entroterra\" \/>\n<meta name=\"robots\" content=\"index, follow, max-snippet:-1, max-image-preview:large, max-video-preview:-1\" \/>\n<link rel=\"canonical\" href=\"https:\/\/miomar.it\/de\/riviera-romagnola\" \/>\n<meta property=\"og:locale\" content=\"de_DE\" \/>\n<meta property=\"og:type\" content=\"article\" \/>\n<meta property=\"og:title\" content=\"Riviera di Romagna ed Entroterra | miomar Beach Hotel Cesenatico\" \/>\n<meta property=\"og:description\" content=\"Hotel sul mare della Riviera Romagnola, nella bella cittadina di Cesenatico, a pochi passi dal divertimento e dalle escursioni nell&#039;entroterra\" \/>\n<meta property=\"og:url\" content=\"https:\/\/miomar.it\/de\/riviera-romagnola\" \/>\n<meta property=\"og:site_name\" content=\"miomar Beach Hotel\" \/>\n<meta property=\"article:modified_time\" content=\"2025-01-30T07:36:30+00:00\" \/>\n<meta property=\"og:image\" content=\"https:\/\/miomar.it\/wp-content\/uploads\/2021\/09\/spiaggia01.jpg\" \/>\n<meta name=\"twitter:card\" content=\"summary_large_image\" \/>\n<meta name=\"twitter:label1\" content=\"Gesch\u00e4tzte Lesezeit\" \/>\n\t<meta name=\"twitter:data1\" content=\"4\u00a0Minuten\" \/>\n<script type=\"application\/ld+json\" class=\"yoast-schema-graph\">{\"@context\":\"https:\/\/schema.org\",\"@graph\":[{\"@type\":\"WebSite\",\"@id\":\"https:\/\/miomar.it\/#website\",\"url\":\"https:\/\/miomar.it\/\",\"name\":\"miomar Beach Hotel\",\"description\":\"Il tuo hotel al mare, a Cesenatico\",\"potentialAction\":[{\"@type\":\"SearchAction\",\"target\":{\"@type\":\"EntryPoint\",\"urlTemplate\":\"https:\/\/miomar.it\/?s={search_term_string}\"},\"query-input\":\"required name=search_term_string\"}],\"inLanguage\":\"de\"},{\"@type\":\"ImageObject\",\"@id\":\"https:\/\/miomar.it\/de\/riviera-romagnola#primaryimage\",\"inLanguage\":\"de\",\"url\":\"https:\/\/miomar.it\/wp-content\/uploads\/2021\/09\/spiaggia01.jpg\",\"contentUrl\":\"https:\/\/miomar.it\/wp-content\/uploads\/2021\/09\/spiaggia01.jpg\",\"width\":839,\"height\":826},{\"@type\":\"WebPage\",\"@id\":\"https:\/\/miomar.it\/de\/riviera-romagnola#webpage\",\"url\":\"https:\/\/miomar.it\/de\/riviera-romagnola\",\"name\":\"Riviera di Romagna ed Entroterra | miomar Beach Hotel Cesenatico\",\"isPartOf\":{\"@id\":\"https:\/\/miomar.it\/#website\"},\"primaryImageOfPage\":{\"@id\":\"https:\/\/miomar.it\/de\/riviera-romagnola#primaryimage\"},\"datePublished\":\"2021-09-02T08:08:15+00:00\",\"dateModified\":\"2025-01-30T07:36:30+00:00\",\"description\":\"Hotel sul mare della Riviera Romagnola, nella bella cittadina di Cesenatico, a pochi passi dal divertimento e dalle escursioni nell'entroterra\",\"breadcrumb\":{\"@id\":\"https:\/\/miomar.it\/de\/riviera-romagnola#breadcrumb\"},\"inLanguage\":\"de\",\"potentialAction\":[{\"@type\":\"ReadAction\",\"target\":[\"https:\/\/miomar.it\/de\/riviera-romagnola\"]}]},{\"@type\":\"BreadcrumbList\",\"@id\":\"https:\/\/miomar.it\/de\/riviera-romagnola#breadcrumb\",\"itemListElement\":[{\"@type\":\"ListItem\",\"position\":1,\"name\":\"Home\",\"item\":\"https:\/\/miomar.it\/de\"},{\"@type\":\"ListItem\",\"position\":2,\"name\":\"Riviera romagnola\"}]}]}<\/script>\n<!-- \/ Yoast SEO plugin. -->","yoast_head_json":{"title":"Riviera di Romagna ed Entroterra | miomar Beach Hotel Cesenatico","description":"Hotel sul mare della Riviera Romagnola, nella bella cittadina di Cesenatico, a pochi passi dal divertimento e dalle escursioni nell'entroterra","robots":{"index":"index","follow":"follow","max-snippet":"max-snippet:-1","max-image-preview":"max-image-preview:large","max-video-preview":"max-video-preview:-1"},"canonical":"https:\/\/miomar.it\/de\/riviera-romagnola","og_locale":"de_DE","og_type":"article","og_title":"Riviera di Romagna ed Entroterra | miomar Beach Hotel Cesenatico","og_description":"Hotel sul mare della Riviera Romagnola, nella bella cittadina di Cesenatico, a pochi passi dal divertimento e dalle escursioni nell'entroterra","og_url":"https:\/\/miomar.it\/de\/riviera-romagnola","og_site_name":"miomar Beach Hotel","article_modified_time":"2025-01-30T07:36:30+00:00","og_image":[{"url":"https:\/\/miomar.it\/wp-content\/uploads\/2021\/09\/spiaggia01.jpg"}],"twitter_card":"summary_large_image","twitter_misc":{"Gesch\u00e4tzte Lesezeit":"4\u00a0Minuten"},"schema":{"@context":"https:\/\/schema.org","@graph":[{"@type":"WebSite","@id":"https:\/\/miomar.it\/#website","url":"https:\/\/miomar.it\/","name":"miomar Beach Hotel","description":"Il tuo hotel al mare, a Cesenatico","potentialAction":[{"@type":"SearchAction","target":{"@type":"EntryPoint","urlTemplate":"https:\/\/miomar.it\/?s={search_term_string}"},"query-input":"required name=search_term_string"}],"inLanguage":"de"},{"@type":"ImageObject","@id":"https:\/\/miomar.it\/de\/riviera-romagnola#primaryimage","inLanguage":"de","url":"https:\/\/miomar.it\/wp-content\/uploads\/2021\/09\/spiaggia01.jpg","contentUrl":"https:\/\/miomar.it\/wp-content\/uploads\/2021\/09\/spiaggia01.jpg","width":839,"height":826},{"@type":"WebPage","@id":"https:\/\/miomar.it\/de\/riviera-romagnola#webpage","url":"https:\/\/miomar.it\/de\/riviera-romagnola","name":"Riviera di Romagna ed Entroterra | miomar Beach Hotel Cesenatico","isPartOf":{"@id":"https:\/\/miomar.it\/#website"},"primaryImageOfPage":{"@id":"https:\/\/miomar.it\/de\/riviera-romagnola#primaryimage"},"datePublished":"2021-09-02T08:08:15+00:00","dateModified":"2025-01-30T07:36:30+00:00","description":"Hotel sul mare della Riviera Romagnola, nella bella cittadina di Cesenatico, a pochi passi dal divertimento e dalle escursioni nell'entroterra","breadcrumb":{"@id":"https:\/\/miomar.it\/de\/riviera-romagnola#breadcrumb"},"inLanguage":"de","potentialAction":[{"@type":"ReadAction","target":["https:\/\/miomar.it\/de\/riviera-romagnola"]}]},{"@type":"BreadcrumbList","@id":"https:\/\/miomar.it\/de\/riviera-romagnola#breadcrumb","itemListElement":[{"@type":"ListItem","position":1,"name":"Home","item":"https:\/\/miomar.it\/de"},{"@type":"ListItem","position":2,"name":"Riviera romagnola"}]}]}},"_links":{"self":[{"href":"https:\/\/miomar.it\/de\/wp-json\/wp\/v2\/pages\/1918"}],"collection":[{"href":"https:\/\/miomar.it\/de\/wp-json\/wp\/v2\/pages"}],"about":[{"href":"https:\/\/miomar.it\/de\/wp-json\/wp\/v2\/types\/page"}],"author":[{"embeddable":true,"href":"https:\/\/miomar.it\/de\/wp-json\/wp\/v2\/users\/1"}],"replies":[{"embeddable":true,"href":"https:\/\/miomar.it\/de\/wp-json\/wp\/v2\/comments?post=1918"}],"version-history":[{"count":5,"href":"https:\/\/miomar.it\/de\/wp-json\/wp\/v2\/pages\/1918\/revisions"}],"predecessor-version":[{"id":3195,"href":"https:\/\/miomar.it\/de\/wp-json\/wp\/v2\/pages\/1918\/revisions\/3195"}],"wp:attachment":[{"href":"https:\/\/miomar.it\/de\/wp-json\/wp\/v2\/media?parent=1918"}],"curies":[{"name":"wp","href":"https:\/\/api.w.org\/{rel}","templated":true}]}}