{"id":1914,"date":"2021-08-31T11:32:21","date_gmt":"2021-08-31T09:32:21","guid":{"rendered":"https:\/\/miomar.it\/ristorante"},"modified":"2025-07-08T11:59:21","modified_gmt":"2025-07-08T09:59:21","slug":"ristorante","status":"publish","type":"page","link":"https:\/\/miomar.it\/de\/ristorante","title":{"rendered":"Restaurant"},"content":{"rendered":"\t\t<div data-elementor-type=\"wp-page\" data-elementor-id=\"1914\" class=\"elementor elementor-1914 elementor-557\" data-elementor-settings=\"[]\">\n\t\t\t\t\t\t\t<div class=\"elementor-section-wrap\">\n\t\t\t\t\t\t\t<section class=\"elementor-section elementor-top-section elementor-element elementor-element-013f136 elementor-section-full_width elementor-section-height-default elementor-section-height-default parallax_section_no qode_elementor_container_no\" data-id=\"013f136\" data-element_type=\"section\" data-settings=\"{&quot;background_background&quot;:&quot;classic&quot;}\">\n\t\t\t\t\t\t<div class=\"elementor-container elementor-column-gap-default\">\n\t\t\t\t\t<div class=\"elementor-column elementor-col-100 elementor-top-column elementor-element elementor-element-b8caf2e\" data-id=\"b8caf2e\" data-element_type=\"column\">\n\t\t\t<div class=\"elementor-widget-wrap elementor-element-populated\">\n\t\t\t\t\t\t\t\t<section class=\"elementor-section elementor-inner-section elementor-element elementor-element-74822f9 elementor-section-full_width elementor-section-height-default elementor-section-height-default parallax_section_no qode_elementor_container_no\" data-id=\"74822f9\" data-element_type=\"section\">\n\t\t\t\t\t\t<div class=\"elementor-container elementor-column-gap-default\">\n\t\t\t\t\t<div class=\"elementor-column elementor-col-50 elementor-inner-column elementor-element elementor-element-23ea2bd\" data-id=\"23ea2bd\" data-element_type=\"column\">\n\t\t\t<div class=\"elementor-widget-wrap elementor-element-populated\">\n\t\t\t\t\t\t\t\t<div class=\"elementor-element elementor-element-16eed68 elementor-widget elementor-widget-image\" data-id=\"16eed68\" data-element_type=\"widget\" data-widget_type=\"image.default\">\n\t\t\t\t<div class=\"elementor-widget-container\">\n\t\t\t\t\t\t\t\t\t\t\t\t\t\t\t<img loading=\"lazy\" decoding=\"async\" width=\"1274\" height=\"830\" src=\"https:\/\/miomar.it\/wp-content\/uploads\/2025\/07\/colazioni-miomarbeach.jpg\" class=\"attachment-full size-full\" alt=\"\" srcset=\"https:\/\/miomar.it\/wp-content\/uploads\/2025\/07\/colazioni-miomarbeach.jpg 1274w, https:\/\/miomar.it\/wp-content\/uploads\/2025\/07\/colazioni-miomarbeach-300x195.jpg 300w, https:\/\/miomar.it\/wp-content\/uploads\/2025\/07\/colazioni-miomarbeach-1024x667.jpg 1024w, https:\/\/miomar.it\/wp-content\/uploads\/2025\/07\/colazioni-miomarbeach-768x500.jpg 768w, https:\/\/miomar.it\/wp-content\/uploads\/2025\/07\/colazioni-miomarbeach-400x260.jpg 400w, https:\/\/miomar.it\/wp-content\/uploads\/2025\/07\/colazioni-miomarbeach-700x456.jpg 700w\" sizes=\"(max-width: 1274px) 100vw, 1274px\" \/>\t\t\t\t\t\t\t\t\t\t\t\t\t\t\t<\/div>\n\t\t\t\t<\/div>\n\t\t\t\t\t<\/div>\n\t\t<\/div>\n\t\t\t\t<div class=\"elementor-column elementor-col-50 elementor-inner-column elementor-element elementor-element-30a2a20 boxfull-mobile\" data-id=\"30a2a20\" data-element_type=\"column\">\n\t\t\t<div class=\"elementor-widget-wrap elementor-element-populated\">\n\t\t\t\t\t\t\t\t<div class=\"elementor-element elementor-element-c9d6e7d side-content elementor-widget elementor-widget-text-editor\" data-id=\"c9d6e7d\" data-element_type=\"widget\" data-widget_type=\"text-editor.default\">\n\t\t\t\t<div class=\"elementor-widget-container\">\n\t\t\t\t\t\t\t\t<h2>Guten Morgen&#8230;<br \/>bis 10:00 Uhr<\/h2><p>Sie sind im Urlaub und k\u00f6nnen den Wecker endlich vergessen &#8211; Sie k\u00f6nnen im Bett liegen bleiben, die warme Sonne auf den Laken und die frische Meeresluft genie\u00dfen&#8230;<br \/>Ihr Fr\u00fchst\u00fcck erwartet Sie bis 10 Uhr und wir garantieren Ihnen das richtige Fr\u00fchst\u00fcck um gut gest\u00e4rkt in den Tag zu starten!<br \/>Der Duft von Kaffee, hausgemachten Kuchen, Brot und Croissants, die Sie beim Blick auf das Meer genie\u00dfen werden, sind die Zutaten f\u00fcr Ihren Urlaub im miomar Beach Hotel!<\/p>\t\t\t\t\t\t<\/div>\n\t\t\t\t<\/div>\n\t\t\t\t\t<\/div>\n\t\t<\/div>\n\t\t\t\t\t\t\t<\/div>\n\t\t<\/section>\n\t\t\t\t\t<\/div>\n\t\t<\/div>\n\t\t\t\t\t\t\t<\/div>\n\t\t<\/section>\n\t\t\t\t<section class=\"elementor-section elementor-top-section elementor-element elementor-element-7bbfd601 elementor-section-full_width elementor-section-height-default elementor-section-height-default parallax_section_no qode_elementor_container_no\" data-id=\"7bbfd601\" data-element_type=\"section\">\n\t\t\t\t\t\t\t<div class=\"elementor-background-overlay\"><\/div>\n\t\t\t\t\t\t\t<div class=\"elementor-container elementor-column-gap-default\">\n\t\t\t\t\t<div class=\"elementor-column elementor-col-50 elementor-top-column elementor-element elementor-element-586b9eb8 boxfull-mobile\" data-id=\"586b9eb8\" data-element_type=\"column\">\n\t\t\t<div class=\"elementor-widget-wrap elementor-element-populated\">\n\t\t\t\t\t\t\t\t<div class=\"elementor-element elementor-element-318f92df elementor-widget elementor-widget-text-editor\" data-id=\"318f92df\" data-element_type=\"widget\" data-widget_type=\"text-editor.default\">\n\t\t\t\t<div class=\"elementor-widget-container\">\n\t\t\t\t\t\t\t\t<h6>elsa morante<\/h6>\n\t\t\t\t\t\t<\/div>\n\t\t\t\t<\/div>\n\t\t\t\t<div class=\"elementor-element elementor-element-70cd3379 elementor-widget elementor-widget-text-editor\" data-id=\"70cd3379\" data-element_type=\"widget\" data-widget_type=\"text-editor.default\">\n\t\t\t\t<div class=\"elementor-widget-container\">\n\t\t\t\t\t\t\t\t<h2>Hast du  gegessen? In diesem Satz steckt viel mehr als nur die Frage nach der letzten Mahlzeit, vielmehr ist es der maximale Ausdruck von Liebe zum Essen&#8230;<\/h2>\n\t\t\t\t\t\t<\/div>\n\t\t\t\t<\/div>\n\t\t\t\t<div class=\"elementor-element elementor-element-38c93f06 elementor-widget elementor-widget-text-editor\" data-id=\"38c93f06\" data-element_type=\"widget\" data-widget_type=\"text-editor.default\">\n\t\t\t\t<div class=\"elementor-widget-container\">\n\t\t\t\t\t\t\t\t<p>NEs ist kein Zufall, dass wir aus der Romagna uns in diesen Worten so gut wiederfinden &#8230; unsere Gro\u00dfm\u00fctter und M\u00fctter haben uns mit h\u00f6chster Sorgfalt erzogen, die Liebe zum Essen zu entdecken. Und genau hier in unserem Restaurant bringen wir Ihnen diese auf den Tisch!<\/p>\n\t\t\t\t\t\t<\/div>\n\t\t\t\t<\/div>\n\t\t\t\t\t<\/div>\n\t\t<\/div>\n\t\t\t\t<div class=\"elementor-column elementor-col-50 elementor-top-column elementor-element elementor-element-26eefb9d\" data-id=\"26eefb9d\" data-element_type=\"column\">\n\t\t\t<div class=\"elementor-widget-wrap elementor-element-populated\">\n\t\t\t\t\t\t\t\t<div class=\"elementor-element elementor-element-0b9e280 elementor-arrows-position-inside elementor-pagination-position-outside elementor-widget elementor-widget-image-carousel\" data-id=\"0b9e280\" data-element_type=\"widget\" data-settings=\"{&quot;slides_to_show&quot;:&quot;1&quot;,&quot;navigation&quot;:&quot;both&quot;,&quot;autoplay&quot;:&quot;yes&quot;,&quot;pause_on_hover&quot;:&quot;yes&quot;,&quot;pause_on_interaction&quot;:&quot;yes&quot;,&quot;autoplay_speed&quot;:5000,&quot;infinite&quot;:&quot;yes&quot;,&quot;effect&quot;:&quot;slide&quot;,&quot;speed&quot;:500}\" data-widget_type=\"image-carousel.default\">\n\t\t\t\t<div class=\"elementor-widget-container\">\n\t\t\t\t\t<div class=\"elementor-image-carousel-wrapper swiper-container\" dir=\"ltr\">\n\t\t\t<div class=\"elementor-image-carousel swiper-wrapper swiper-image-stretch\">\n\t\t\t\t<div class=\"swiper-slide\"><figure class=\"swiper-slide-inner\"><img decoding=\"async\" class=\"swiper-slide-image\" src=\"https:\/\/miomar.it\/wp-content\/uploads\/2025\/07\/foto-cucina-miomar06.jpg\" alt=\"foto-cucina-miomar06\" \/><\/figure><\/div><div class=\"swiper-slide\"><figure class=\"swiper-slide-inner\"><img decoding=\"async\" class=\"swiper-slide-image\" src=\"https:\/\/miomar.it\/wp-content\/uploads\/2025\/07\/foto-cucina-miomar02.jpg\" alt=\"foto-cucina-miomar02\" \/><\/figure><\/div><div class=\"swiper-slide\"><figure class=\"swiper-slide-inner\"><img decoding=\"async\" class=\"swiper-slide-image\" src=\"https:\/\/miomar.it\/wp-content\/uploads\/2025\/07\/foto-cucina-miomar01.jpg\" alt=\"foto-cucina-miomar01\" \/><\/figure><\/div><div class=\"swiper-slide\"><figure class=\"swiper-slide-inner\"><img decoding=\"async\" class=\"swiper-slide-image\" src=\"https:\/\/miomar.it\/wp-content\/uploads\/2025\/07\/foto-cucina-miomar04.jpg\" alt=\"foto-cucina-miomar04\" \/><\/figure><\/div><div class=\"swiper-slide\"><figure class=\"swiper-slide-inner\"><img decoding=\"async\" class=\"swiper-slide-image\" src=\"https:\/\/miomar.it\/wp-content\/uploads\/2025\/07\/foto-cucina-miomar05.jpg\" alt=\"foto-cucina-miomar05\" \/><\/figure><\/div>\t\t\t<\/div>\n\t\t\t\t\t\t\t\t\t\t\t\t<div class=\"swiper-pagination\"><\/div>\n\t\t\t\t\t\t\t\t\t\t\t\t\t<div class=\"elementor-swiper-button elementor-swiper-button-prev\">\n\t\t\t\t\t\t<i class=\"eicon-chevron-left\" aria-hidden=\"true\"><\/i>\n\t\t\t\t\t\t<span class=\"elementor-screen-only\">Zur\u00fcck<\/span>\n\t\t\t\t\t<\/div>\n\t\t\t\t\t<div class=\"elementor-swiper-button elementor-swiper-button-next\">\n\t\t\t\t\t\t<i class=\"eicon-chevron-right\" aria-hidden=\"true\"><\/i>\n\t\t\t\t\t\t<span class=\"elementor-screen-only\">Weiter<\/span>\n\t\t\t\t\t<\/div>\n\t\t\t\t\t\t\t\t\t<\/div>\n\t\t\t\t<\/div>\n\t\t\t\t<\/div>\n\t\t\t\t\t<\/div>\n\t\t<\/div>\n\t\t\t\t\t\t\t<\/div>\n\t\t<\/section>\n\t\t\t\t<section class=\"elementor-section elementor-top-section elementor-element elementor-element-342af45a elementor-section-full_width elementor-section-height-default elementor-section-height-default parallax_section_no qode_elementor_container_no\" data-id=\"342af45a\" data-element_type=\"section\" data-settings=\"{&quot;background_background&quot;:&quot;classic&quot;}\">\n\t\t\t\t\t\t<div class=\"elementor-container elementor-column-gap-no\">\n\t\t\t\t\t<div class=\"elementor-column elementor-col-100 elementor-top-column elementor-element elementor-element-26564691\" data-id=\"26564691\" data-element_type=\"column\">\n\t\t\t<div class=\"elementor-widget-wrap elementor-element-populated\">\n\t\t\t\t\t\t\t\t<div class=\"elementor-element elementor-element-8c139e3 elementor-widget elementor-widget-text-editor\" data-id=\"8c139e3\" data-element_type=\"widget\" data-widget_type=\"text-editor.default\">\n\t\t\t\t<div class=\"elementor-widget-container\">\n\t\t\t\t\t\t\t\t<h6>TRADITIONEN<\/h6>\n\t\t\t\t\t\t<\/div>\n\t\t\t\t<\/div>\n\t\t\t\t<div class=\"elementor-element elementor-element-421e8083 elementor-widget elementor-widget-text-editor\" data-id=\"421e8083\" data-element_type=\"widget\" data-widget_type=\"text-editor.default\">\n\t\t\t\t<div class=\"elementor-widget-container\">\n\t\t\t\t\t\t\t\t<h2>Die angenehmen Aromen <br>\r\nunseres Landes<\/h2>\t\t\t\t\t\t<\/div>\n\t\t\t\t<\/div>\n\t\t\t\t<div class=\"elementor-element elementor-element-76b26a01 elementor-widget elementor-widget-text-editor\" data-id=\"76b26a01\" data-element_type=\"widget\" data-widget_type=\"text-editor.default\">\n\t\t\t\t<div class=\"elementor-widget-container\">\n\t\t\t\t\t\t\t\t<p>Wir im miomar Beach Hotel bieten Ihnen eine Speisekarte, welche stark mit unseren Traditionen verbunden ist. Wir verwenden saisonale Produkte aus der Region um immer maximale Frische und Qualit\u00e4t zu garantieren.<\/p>\t\t\t\t\t\t<\/div>\n\t\t\t\t<\/div>\n\t\t\t\t\t<\/div>\n\t\t<\/div>\n\t\t\t\t\t\t\t<\/div>\n\t\t<\/section>\n\t\t\t\t<section class=\"elementor-section elementor-top-section elementor-element elementor-element-c044a5e elementor-section-full_width ristorante-box elementor-section-height-default elementor-section-height-default parallax_section_no qode_elementor_container_no\" data-id=\"c044a5e\" data-element_type=\"section\" data-settings=\"{&quot;background_background&quot;:&quot;classic&quot;}\">\n\t\t\t\t\t\t<div class=\"elementor-container elementor-column-gap-default\">\n\t\t\t\t\t<div class=\"elementor-column elementor-col-100 elementor-top-column elementor-element elementor-element-55d0c7a\" data-id=\"55d0c7a\" data-element_type=\"column\">\n\t\t\t<div class=\"elementor-widget-wrap elementor-element-populated\">\n\t\t\t\t\t\t\t\t<section class=\"elementor-section elementor-inner-section elementor-element elementor-element-cba4a6b elementor-section-full_width elementor-section-height-default elementor-section-height-default parallax_section_no qode_elementor_container_no\" data-id=\"cba4a6b\" data-element_type=\"section\" data-settings=\"{&quot;background_background&quot;:&quot;classic&quot;}\">\n\t\t\t\t\t\t<div class=\"elementor-container elementor-column-gap-default\">\n\t\t\t\t\t<div class=\"elementor-column elementor-col-50 elementor-inner-column elementor-element elementor-element-6b520de\" data-id=\"6b520de\" data-element_type=\"column\">\n\t\t\t<div class=\"elementor-widget-wrap elementor-element-populated\">\n\t\t\t\t\t\t\t\t<div class=\"elementor-element elementor-element-828f1a0 elementor-widget elementor-widget-image\" data-id=\"828f1a0\" data-element_type=\"widget\" data-widget_type=\"image.default\">\n\t\t\t\t<div class=\"elementor-widget-container\">\n\t\t\t\t\t\t\t\t\t\t\t\t\t\t\t<img loading=\"lazy\" decoding=\"async\" width=\"780\" height=\"978\" src=\"https:\/\/miomar.it\/wp-content\/uploads\/2025\/07\/foto-buffet-ristorante-1.jpg\" class=\"attachment-full size-full\" alt=\"\" srcset=\"https:\/\/miomar.it\/wp-content\/uploads\/2025\/07\/foto-buffet-ristorante-1.jpg 780w, https:\/\/miomar.it\/wp-content\/uploads\/2025\/07\/foto-buffet-ristorante-1-239x300.jpg 239w, https:\/\/miomar.it\/wp-content\/uploads\/2025\/07\/foto-buffet-ristorante-1-768x963.jpg 768w, https:\/\/miomar.it\/wp-content\/uploads\/2025\/07\/foto-buffet-ristorante-1-700x878.jpg 700w\" sizes=\"(max-width: 780px) 100vw, 780px\" \/>\t\t\t\t\t\t\t\t\t\t\t\t\t\t\t<\/div>\n\t\t\t\t<\/div>\n\t\t\t\t\t<\/div>\n\t\t<\/div>\n\t\t\t\t<div class=\"elementor-column elementor-col-50 elementor-inner-column elementor-element elementor-element-fb531ab boxfull-mobile\" data-id=\"fb531ab\" data-element_type=\"column\">\n\t\t\t<div class=\"elementor-widget-wrap elementor-element-populated\">\n\t\t\t\t\t\t\t\t<div class=\"elementor-element elementor-element-84c948c elementor-widget elementor-widget-text-editor\" data-id=\"84c948c\" data-element_type=\"widget\" data-widget_type=\"text-editor.default\">\n\t\t\t\t<div class=\"elementor-widget-container\">\n\t\t\t\t\t\t\t\t<p>Das Mittag- und Abendessen wird am Tisch serviert und Sie k\u00f6nnen aus 3 verschiedenen Vorspeisen und 3 Hauptg\u00e4ngen ausw\u00e4hlen. Zudem rundet ein sch\u00f6nes Buffet aus Salaten und Antipasti sowie ein Nachspeisen Buffet und frisches Obst unseren Service ab.<br \/>Haben Sie bemerkt, dass die Welt nach gutem Essen sch\u00f6ner ist? Deshalb lieben wir unsere tolle K\u00fcche!<\/p>\n<p>Der Speisesaal ist hell und ger\u00e4umig. Ein ausreichender Tischabstand erm\u00f6glicht es den G\u00e4sten ihre Mahlzeiten in angenehmer Atmosph\u00e4re mit Blick auf den Strand von Cesenatico zu genie\u00dfen.<\/p>\n\t\t\t\t\t\t<\/div>\n\t\t\t\t<\/div>\n\t\t\t\t<div class=\"elementor-element elementor-element-2becff5 img-accanto elementor-widget elementor-widget-image\" data-id=\"2becff5\" data-element_type=\"widget\" data-widget_type=\"image.default\">\n\t\t\t\t<div class=\"elementor-widget-container\">\n\t\t\t\t\t\t\t\t\t\t\t\t\t\t\t<img loading=\"lazy\" decoding=\"async\" width=\"1200\" height=\"1200\" src=\"https:\/\/miomar.it\/wp-content\/uploads\/2025\/07\/foto-cucina-miomar07.jpg\" class=\"attachment-full size-full\" alt=\"\" srcset=\"https:\/\/miomar.it\/wp-content\/uploads\/2025\/07\/foto-cucina-miomar07.jpg 1200w, https:\/\/miomar.it\/wp-content\/uploads\/2025\/07\/foto-cucina-miomar07-300x300.jpg 300w, https:\/\/miomar.it\/wp-content\/uploads\/2025\/07\/foto-cucina-miomar07-1024x1024.jpg 1024w, https:\/\/miomar.it\/wp-content\/uploads\/2025\/07\/foto-cucina-miomar07-150x150.jpg 150w, https:\/\/miomar.it\/wp-content\/uploads\/2025\/07\/foto-cucina-miomar07-768x768.jpg 768w, https:\/\/miomar.it\/wp-content\/uploads\/2025\/07\/foto-cucina-miomar07-570x570.jpg 570w, https:\/\/miomar.it\/wp-content\/uploads\/2025\/07\/foto-cucina-miomar07-500x500.jpg 500w, https:\/\/miomar.it\/wp-content\/uploads\/2025\/07\/foto-cucina-miomar07-1000x1000.jpg 1000w, https:\/\/miomar.it\/wp-content\/uploads\/2025\/07\/foto-cucina-miomar07-700x700.jpg 700w, https:\/\/miomar.it\/wp-content\/uploads\/2025\/07\/foto-cucina-miomar07-650x650.jpg 650w\" sizes=\"(max-width: 1200px) 100vw, 1200px\" \/>\t\t\t\t\t\t\t\t\t\t\t\t\t\t\t<\/div>\n\t\t\t\t<\/div>\n\t\t\t\t<div class=\"elementor-element elementor-element-3348a30 img-accanto elementor-widget elementor-widget-image\" data-id=\"3348a30\" data-element_type=\"widget\" data-widget_type=\"image.default\">\n\t\t\t\t<div class=\"elementor-widget-container\">\n\t\t\t\t\t\t\t\t\t\t\t\t\t\t\t<img loading=\"lazy\" decoding=\"async\" width=\"1200\" height=\"1200\" src=\"https:\/\/miomar.it\/wp-content\/uploads\/2025\/07\/foto-cucina-miomar03.jpg\" class=\"attachment-full size-full\" alt=\"\" srcset=\"https:\/\/miomar.it\/wp-content\/uploads\/2025\/07\/foto-cucina-miomar03.jpg 1200w, https:\/\/miomar.it\/wp-content\/uploads\/2025\/07\/foto-cucina-miomar03-300x300.jpg 300w, https:\/\/miomar.it\/wp-content\/uploads\/2025\/07\/foto-cucina-miomar03-1024x1024.jpg 1024w, https:\/\/miomar.it\/wp-content\/uploads\/2025\/07\/foto-cucina-miomar03-150x150.jpg 150w, https:\/\/miomar.it\/wp-content\/uploads\/2025\/07\/foto-cucina-miomar03-768x768.jpg 768w, https:\/\/miomar.it\/wp-content\/uploads\/2025\/07\/foto-cucina-miomar03-570x570.jpg 570w, https:\/\/miomar.it\/wp-content\/uploads\/2025\/07\/foto-cucina-miomar03-500x500.jpg 500w, https:\/\/miomar.it\/wp-content\/uploads\/2025\/07\/foto-cucina-miomar03-1000x1000.jpg 1000w, https:\/\/miomar.it\/wp-content\/uploads\/2025\/07\/foto-cucina-miomar03-700x700.jpg 700w, https:\/\/miomar.it\/wp-content\/uploads\/2025\/07\/foto-cucina-miomar03-650x650.jpg 650w\" sizes=\"(max-width: 1200px) 100vw, 1200px\" \/>\t\t\t\t\t\t\t\t\t\t\t\t\t\t\t<\/div>\n\t\t\t\t<\/div>\n\t\t\t\t\t<\/div>\n\t\t<\/div>\n\t\t\t\t\t\t\t<\/div>\n\t\t<\/section>\n\t\t\t\t<div class=\"elementor-element elementor-element-60a16e1 elementor-widget elementor-widget-spacer\" data-id=\"60a16e1\" data-element_type=\"widget\" data-widget_type=\"spacer.default\">\n\t\t\t\t<div class=\"elementor-widget-container\">\n\t\t\t\t\t<div class=\"elementor-spacer\">\n\t\t\t<div class=\"elementor-spacer-inner\"><\/div>\n\t\t<\/div>\n\t\t\t\t<\/div>\n\t\t\t\t<\/div>\n\t\t\t\t\t<\/div>\n\t\t<\/div>\n\t\t\t\t\t\t\t<\/div>\n\t\t<\/section>\n\t\t\t\t\t\t<\/div>\n\t\t\t\t\t<\/div>\n\t\t","protected":false},"excerpt":{"rendered":"<p>Guten Morgen&#8230;bis 10:00 Uhr Sie sind im Urlaub und k\u00f6nnen den Wecker endlich vergessen &#8211; Sie k\u00f6nnen im Bett liegen bleiben, die warme Sonne auf den Laken und die frische Meeresluft genie\u00dfen&#8230;Ihr Fr\u00fchst\u00fcck erwartet Sie bis 10 Uhr und wir garantieren Ihnen das richtige Fr\u00fchst\u00fcck&#8230;<\/p>\n","protected":false},"author":1,"featured_media":0,"parent":0,"menu_order":0,"comment_status":"closed","ping_status":"closed","template":"full_width.php","meta":{"footnotes":""},"yoast_head":"<!-- This site is optimized with the Yoast SEO plugin v17.1 - https:\/\/yoast.com\/wordpress\/plugins\/seo\/ -->\n<title>Hotel mit Restaurant Cesenatico Miomar Beach Hotel Cesenatico<\/title>\n<meta name=\"description\" content=\"K\u00fcche der Romagna, die auf die Bed\u00fcrfnisse aller eingeht, f\u00fcr einen Urlaub im Zeichen der Entspannung, des Spa\u00dfes, aber auch mit viel Geschmack.\" \/>\n<meta name=\"robots\" content=\"index, follow, max-snippet:-1, max-image-preview:large, max-video-preview:-1\" \/>\n<link rel=\"canonical\" href=\"https:\/\/miomar.it\/de\/ristorante\" \/>\n<meta property=\"og:locale\" content=\"de_DE\" \/>\n<meta property=\"og:type\" content=\"article\" \/>\n<meta property=\"og:title\" content=\"Hotel mit Restaurant Cesenatico Miomar Beach Hotel Cesenatico\" \/>\n<meta property=\"og:description\" content=\"K\u00fcche der Romagna, die auf die Bed\u00fcrfnisse aller eingeht, f\u00fcr einen Urlaub im Zeichen der Entspannung, des Spa\u00dfes, aber auch mit viel Geschmack.\" \/>\n<meta property=\"og:url\" content=\"https:\/\/miomar.it\/de\/ristorante\" \/>\n<meta property=\"og:site_name\" content=\"miomar Beach Hotel\" \/>\n<meta property=\"article:modified_time\" content=\"2025-07-08T09:59:21+00:00\" \/>\n<meta property=\"og:image\" content=\"https:\/\/miomar.it\/wp-content\/uploads\/2025\/07\/colazioni-miomarbeach.jpg\" \/>\n<meta name=\"twitter:card\" content=\"summary_large_image\" \/>\n<meta name=\"twitter:label1\" content=\"Gesch\u00e4tzte Lesezeit\" \/>\n\t<meta name=\"twitter:data1\" content=\"4\u00a0Minuten\" \/>\n<script type=\"application\/ld+json\" class=\"yoast-schema-graph\">{\"@context\":\"https:\/\/schema.org\",\"@graph\":[{\"@type\":\"WebSite\",\"@id\":\"https:\/\/miomar.it\/#website\",\"url\":\"https:\/\/miomar.it\/\",\"name\":\"miomar Beach Hotel\",\"description\":\"Il tuo hotel al mare, a Cesenatico\",\"potentialAction\":[{\"@type\":\"SearchAction\",\"target\":{\"@type\":\"EntryPoint\",\"urlTemplate\":\"https:\/\/miomar.it\/?s={search_term_string}\"},\"query-input\":\"required name=search_term_string\"}],\"inLanguage\":\"de\"},{\"@type\":\"ImageObject\",\"@id\":\"https:\/\/miomar.it\/de\/ristorante#primaryimage\",\"inLanguage\":\"de\",\"url\":\"https:\/\/miomar.it\/wp-content\/uploads\/2025\/07\/colazioni-miomarbeach.jpg\",\"contentUrl\":\"https:\/\/miomar.it\/wp-content\/uploads\/2025\/07\/colazioni-miomarbeach.jpg\",\"width\":1274,\"height\":830},{\"@type\":\"WebPage\",\"@id\":\"https:\/\/miomar.it\/de\/ristorante#webpage\",\"url\":\"https:\/\/miomar.it\/de\/ristorante\",\"name\":\"Hotel mit Restaurant Cesenatico Miomar Beach Hotel Cesenatico\",\"isPartOf\":{\"@id\":\"https:\/\/miomar.it\/#website\"},\"primaryImageOfPage\":{\"@id\":\"https:\/\/miomar.it\/de\/ristorante#primaryimage\"},\"datePublished\":\"2021-08-31T09:32:21+00:00\",\"dateModified\":\"2025-07-08T09:59:21+00:00\",\"description\":\"K\\u00fcche der Romagna, die auf die Bed\\u00fcrfnisse aller eingeht, f\\u00fcr einen Urlaub im Zeichen der Entspannung, des Spa\\u00dfes, aber auch mit viel Geschmack.\",\"breadcrumb\":{\"@id\":\"https:\/\/miomar.it\/de\/ristorante#breadcrumb\"},\"inLanguage\":\"de\",\"potentialAction\":[{\"@type\":\"ReadAction\",\"target\":[\"https:\/\/miomar.it\/de\/ristorante\"]}]},{\"@type\":\"BreadcrumbList\",\"@id\":\"https:\/\/miomar.it\/de\/ristorante#breadcrumb\",\"itemListElement\":[{\"@type\":\"ListItem\",\"position\":1,\"name\":\"Home\",\"item\":\"https:\/\/miomar.it\/de\"},{\"@type\":\"ListItem\",\"position\":2,\"name\":\"Restaurant\"}]}]}<\/script>\n<!-- \/ Yoast SEO plugin. -->","yoast_head_json":{"title":"Hotel mit Restaurant Cesenatico Miomar Beach Hotel Cesenatico","description":"K\u00fcche der Romagna, die auf die Bed\u00fcrfnisse aller eingeht, f\u00fcr einen Urlaub im Zeichen der Entspannung, des Spa\u00dfes, aber auch mit viel Geschmack.","robots":{"index":"index","follow":"follow","max-snippet":"max-snippet:-1","max-image-preview":"max-image-preview:large","max-video-preview":"max-video-preview:-1"},"canonical":"https:\/\/miomar.it\/de\/ristorante","og_locale":"de_DE","og_type":"article","og_title":"Hotel mit Restaurant Cesenatico Miomar Beach Hotel Cesenatico","og_description":"K\u00fcche der Romagna, die auf die Bed\u00fcrfnisse aller eingeht, f\u00fcr einen Urlaub im Zeichen der Entspannung, des Spa\u00dfes, aber auch mit viel Geschmack.","og_url":"https:\/\/miomar.it\/de\/ristorante","og_site_name":"miomar Beach Hotel","article_modified_time":"2025-07-08T09:59:21+00:00","og_image":[{"url":"https:\/\/miomar.it\/wp-content\/uploads\/2025\/07\/colazioni-miomarbeach.jpg"}],"twitter_card":"summary_large_image","twitter_misc":{"Gesch\u00e4tzte Lesezeit":"4\u00a0Minuten"},"schema":{"@context":"https:\/\/schema.org","@graph":[{"@type":"WebSite","@id":"https:\/\/miomar.it\/#website","url":"https:\/\/miomar.it\/","name":"miomar Beach Hotel","description":"Il tuo hotel al mare, a Cesenatico","potentialAction":[{"@type":"SearchAction","target":{"@type":"EntryPoint","urlTemplate":"https:\/\/miomar.it\/?s={search_term_string}"},"query-input":"required name=search_term_string"}],"inLanguage":"de"},{"@type":"ImageObject","@id":"https:\/\/miomar.it\/de\/ristorante#primaryimage","inLanguage":"de","url":"https:\/\/miomar.it\/wp-content\/uploads\/2025\/07\/colazioni-miomarbeach.jpg","contentUrl":"https:\/\/miomar.it\/wp-content\/uploads\/2025\/07\/colazioni-miomarbeach.jpg","width":1274,"height":830},{"@type":"WebPage","@id":"https:\/\/miomar.it\/de\/ristorante#webpage","url":"https:\/\/miomar.it\/de\/ristorante","name":"Hotel mit Restaurant Cesenatico Miomar Beach Hotel Cesenatico","isPartOf":{"@id":"https:\/\/miomar.it\/#website"},"primaryImageOfPage":{"@id":"https:\/\/miomar.it\/de\/ristorante#primaryimage"},"datePublished":"2021-08-31T09:32:21+00:00","dateModified":"2025-07-08T09:59:21+00:00","description":"K\u00fcche der Romagna, die auf die Bed\u00fcrfnisse aller eingeht, f\u00fcr einen Urlaub im Zeichen der Entspannung, des Spa\u00dfes, aber auch mit viel Geschmack.","breadcrumb":{"@id":"https:\/\/miomar.it\/de\/ristorante#breadcrumb"},"inLanguage":"de","potentialAction":[{"@type":"ReadAction","target":["https:\/\/miomar.it\/de\/ristorante"]}]},{"@type":"BreadcrumbList","@id":"https:\/\/miomar.it\/de\/ristorante#breadcrumb","itemListElement":[{"@type":"ListItem","position":1,"name":"Home","item":"https:\/\/miomar.it\/de"},{"@type":"ListItem","position":2,"name":"Restaurant"}]}]}},"_links":{"self":[{"href":"https:\/\/miomar.it\/de\/wp-json\/wp\/v2\/pages\/1914"}],"collection":[{"href":"https:\/\/miomar.it\/de\/wp-json\/wp\/v2\/pages"}],"about":[{"href":"https:\/\/miomar.it\/de\/wp-json\/wp\/v2\/types\/page"}],"author":[{"embeddable":true,"href":"https:\/\/miomar.it\/de\/wp-json\/wp\/v2\/users\/1"}],"replies":[{"embeddable":true,"href":"https:\/\/miomar.it\/de\/wp-json\/wp\/v2\/comments?post=1914"}],"version-history":[{"count":10,"href":"https:\/\/miomar.it\/de\/wp-json\/wp\/v2\/pages\/1914\/revisions"}],"predecessor-version":[{"id":3368,"href":"https:\/\/miomar.it\/de\/wp-json\/wp\/v2\/pages\/1914\/revisions\/3368"}],"wp:attachment":[{"href":"https:\/\/miomar.it\/de\/wp-json\/wp\/v2\/media?parent=1914"}],"curies":[{"name":"wp","href":"https:\/\/api.w.org\/{rel}","templated":true}]}}